{"id":2178,"date":"2024-04-09T08:55:35","date_gmt":"2024-04-09T08:55:35","guid":{"rendered":"https:\/\/mjerna-tehnika.ba\/bs\/?post_type=product&#038;p=2178"},"modified":"2024-04-09T08:55:35","modified_gmt":"2024-04-09T08:55:35","slug":"kisomjer-splash-47-3006-01","status":"publish","type":"product","link":"https:\/\/mjerna-tehnika.ba\/bs\/?product=kisomjer-splash-47-3006-01","title":{"rendered":"Ki\u0161omjer SPLASH 47.3006.01"},"content":{"rendered":"","protected":false},"excerpt":{"rendered":"<ul>\n<li>Lako i precizno odre\u0111uje koli\u010dinu padavina<\/li>\n<li>Be\u017ei\u010dni prenos podataka o padavinama i vanjskoj temperaturi (max 60m)<\/li>\n<li>Mjese\u010dna historija padavina u posljednjih 12 mjeseci<\/li>\n<li>24-satni alarm za padavine<\/li>\n<li>Radio kontrolisani sat sa radnim danom i datumom<\/li>\n<li>Pozadinsko osvetljenje<\/li>\n<li>Indikacija i grafi\u010dki prikaz trenutne koli\u010dine padavina, posljednjeg sata, zadnja posljednja 24 sata, cijelog dana, zadnjih 7 dana, teku\u0107eg mjeseca, teku\u0107e godine i ukupno<\/li>\n<li>Vanjska i unutra\u0161nja temperatura sa temperaturnom tendencijom i max.-min.-funkcijom<\/li>\n<li>Podesiva frekvencija alarma (dnevno, radnim danom, vikendom)<\/li>\n<\/ul>\n<p>Tehni\u010dke karakteristike mo\u017eete preuzeti ispod na linku:<\/p>\n<p><a href=\"https:\/\/mjerna-tehnika.ba\/bs\/wp-content\/uploads\/Kisomjer-Splash_47.3006.01.pdf\">Ki\u0161omjer Splash_47.3006.01<\/a><\/p>\n","protected":false},"featured_media":2181,"comment_status":"open","ping_status":"closed","template":"","meta":{"_uf_show_specific_survey":0,"_uf_disable_surveys":false},"product_brand":[],"product_cat":[49],"product_tag":[],"class_list":{"0":"post-2178","1":"product","2":"type-product","3":"status-publish","4":"has-post-thumbnail","6":"product_cat-kisomjeri","8":"first","9":"instock","10":"taxable","11":"shipping-taxable","12":"purchasable","13":"product-type-simple"},"aioseo_notices":[],"_links":{"self":[{"href":"https:\/\/mjerna-tehnika.ba\/bs\/index.php?rest_route=\/wp\/v2\/product\/2178","targetHints":{"allow":["GET"]}}],"collection":[{"href":"https:\/\/mjerna-tehnika.ba\/bs\/index.php?rest_route=\/wp\/v2\/product"}],"about":[{"href":"https:\/\/mjerna-tehnika.ba\/bs\/index.php?rest_route=\/wp\/v2\/types\/product"}],"replies":[{"embeddable":true,"href":"https:\/\/mjerna-tehnika.ba\/bs\/index.php?rest_route=%2Fwp%2Fv2%2Fcomments&post=2178"}],"wp:featuredmedia":[{"embeddable":true,"href":"https:\/\/mjerna-tehnika.ba\/bs\/index.php?rest_route=\/wp\/v2\/media\/2181"}],"wp:attachment":[{"href":"https:\/\/mjerna-tehnika.ba\/bs\/index.php?rest_route=%2Fwp%2Fv2%2Fmedia&parent=2178"}],"wp:term":[{"taxonomy":"product_brand","embeddable":true,"href":"https:\/\/mjerna-tehnika.ba\/bs\/index.php?rest_route=%2Fwp%2Fv2%2Fproduct_brand&post=2178"},{"taxonomy":"product_cat","embeddable":true,"href":"https:\/\/mjerna-tehnika.ba\/bs\/index.php?rest_route=%2Fwp%2Fv2%2Fproduct_cat&post=2178"},{"taxonomy":"product_tag","embeddable":true,"href":"https:\/\/mjerna-tehnika.ba\/bs\/index.php?rest_route=%2Fwp%2Fv2%2Fproduct_tag&post=2178"}],"curies":[{"name":"wp","href":"https:\/\/api.w.org\/{rel}","templated":true}]}}