{"id":2173,"date":"2024-04-09T08:42:08","date_gmt":"2024-04-09T08:42:08","guid":{"rendered":"https:\/\/mjerna-tehnika.ba\/bs\/?post_type=product&#038;p=2173"},"modified":"2024-04-09T08:42:08","modified_gmt":"2024-04-09T08:42:08","slug":"termometar-za-pecnice-rerne-rostilje-tfa-14-1036-60","status":"publish","type":"product","link":"https:\/\/mjerna-tehnika.ba\/bs\/?product=termometar-za-pecnice-rerne-rostilje-tfa-14-1036-60","title":{"rendered":"Termometar za pe\u0107nice, rerne, ro\u0161tilje TFA, 14.1036.60"},"content":{"rendered":"","protected":false},"excerpt":{"rendered":"<ul>\n<li>Za provjeru temperature komora za kuhanje, pe\u0107i za pizzu,\u00a0 kru\u0161nih pe\u0107i, ro\u0161tilja ili pu\u0161nica<\/li>\n<li>Model s prirubnicom, sa 3 rupe za tri vijka za monta\u017eu<\/li>\n<li>Izra\u0111en od visokokvalitetnog nehr\u0111aju\u0107eg \u010delika<\/li>\n<li>Ugradni \u00f8 60mm<\/li>\n<li>Sonda \u00f8 8mm x 100 mm<\/li>\n<li>Du\u017eina kabla ca. 150 cm<\/li>\n<li>Mjerni opseg temperature 0&#8230;+500\u00b0C<\/li>\n<li>Dimenzije \u00d8 90 x (H) 33 mm<\/li>\n<li>Te\u017eina 155 g<\/li>\n<\/ul>\n<p>Tahni\u010dke karakteristike mo\u017eete preuzeti ispod na linku:<\/p>\n<p><a href=\"https:\/\/mjerna-tehnika.ba\/bs\/wp-content\/uploads\/Termometar-za-pecnice_14.1036.60.pdf\">Termometar za pe\u0107nice_14.1036.60<\/a><\/p>\n","protected":false},"featured_media":2175,"comment_status":"open","ping_status":"closed","template":"","meta":{"_uf_show_specific_survey":0,"_uf_disable_surveys":false},"product_brand":[],"product_cat":[40],"product_tag":[],"class_list":{"0":"post-2173","1":"product","2":"type-product","3":"status-publish","4":"has-post-thumbnail","6":"product_cat-termometri","8":"first","9":"instock","10":"taxable","11":"shipping-taxable","12":"purchasable","13":"product-type-simple"},"aioseo_notices":[],"_links":{"self":[{"href":"https:\/\/mjerna-tehnika.ba\/bs\/index.php?rest_route=\/wp\/v2\/product\/2173","targetHints":{"allow":["GET"]}}],"collection":[{"href":"https:\/\/mjerna-tehnika.ba\/bs\/index.php?rest_route=\/wp\/v2\/product"}],"about":[{"href":"https:\/\/mjerna-tehnika.ba\/bs\/index.php?rest_route=\/wp\/v2\/types\/product"}],"replies":[{"embeddable":true,"href":"https:\/\/mjerna-tehnika.ba\/bs\/index.php?rest_route=%2Fwp%2Fv2%2Fcomments&post=2173"}],"wp:featuredmedia":[{"embeddable":true,"href":"https:\/\/mjerna-tehnika.ba\/bs\/index.php?rest_route=\/wp\/v2\/media\/2175"}],"wp:attachment":[{"href":"https:\/\/mjerna-tehnika.ba\/bs\/index.php?rest_route=%2Fwp%2Fv2%2Fmedia&parent=2173"}],"wp:term":[{"taxonomy":"product_brand","embeddable":true,"href":"https:\/\/mjerna-tehnika.ba\/bs\/index.php?rest_route=%2Fwp%2Fv2%2Fproduct_brand&post=2173"},{"taxonomy":"product_cat","embeddable":true,"href":"https:\/\/mjerna-tehnika.ba\/bs\/index.php?rest_route=%2Fwp%2Fv2%2Fproduct_cat&post=2173"},{"taxonomy":"product_tag","embeddable":true,"href":"https:\/\/mjerna-tehnika.ba\/bs\/index.php?rest_route=%2Fwp%2Fv2%2Fproduct_tag&post=2173"}],"curies":[{"name":"wp","href":"https:\/\/api.w.org\/{rel}","templated":true}]}}