{"id":2169,"date":"2024-03-06T07:10:05","date_gmt":"2024-03-06T07:10:05","guid":{"rendered":"https:\/\/mjerna-tehnika.ba\/bs\/?post_type=product&#038;p=2169"},"modified":"2024-03-06T07:10:05","modified_gmt":"2024-03-06T07:10:05","slug":"manometar-digitalni-s2602-systronik-25hpa","status":"publish","type":"product","link":"https:\/\/mjerna-tehnika.ba\/bs\/?product=manometar-digitalni-s2602-systronik-25hpa","title":{"rendered":"Manometar digitalni S2602, Systronik, 25hPa"},"content":{"rendered":"<p>Instrumenti za mjerenje pritiska BlueLine S2600 odlikuju se velikim i jasno struktuiranim display-om, koji pru\u017ea maksimalnu pogodnost za korisnika. Odli\u010dan izgled povr\u0161ine ure\u0111aja u robustnom za\u0161titnom ku\u0107i\u0161tu optimalno zaokru\u017euje izvanredan proizvod.<\/p>\n<p>Kvalitetni BlueLine S2600 instrumenti za mjerenje pritiska, gasa su certifikovani prema EN 50379-2 i mogu se koristiti na velikom broju podru\u010dja. Primjeri primjene: pregled filterskih i gasnih linija, provjera ventilacionih sistema i rezervoara za te\u010dnost, mjerenja kod dimnjaka i vakuuma dimnjaka itd.<\/p>\n<p>Dodatne funkcije, svojstva i karakteristike:<\/p>\n<ul>\n<li>Napredni dizajn<\/li>\n<li>Ergonomski dizajn<\/li>\n<li>Intuitivan rad<\/li>\n<li>Precizni rezultati mjerenja<\/li>\n<li>Sveobuhvatan asortiman dodatne opreme<\/li>\n<\/ul>\n","protected":false},"excerpt":{"rendered":"<p>Ure\u0111aj za mjerenje pritiska, tlaka BlueLine S2602\u00a0 je pogodan za mjerenje pritiska, tlaka gasovitih, plinovitih, nekorozivnih materijala na neopasnim, neexplozivnim lokacijama. Mjerno podru\u010dje je <strong>-10 do 25 hPa<\/strong>. Digitalni manometar S2602\u00a0 mo\u017ee se koristiti za mjerenje pritiska na gasovodima, plinovodima.<\/p>\n<p>Tehni\u010dke karakteristike mo\u017eete pogledati ovdje: <a href=\"https:\/\/mjerna-tehnika.ba\/bs\/wp-content\/uploads\/Blueline_S2600_pressure.pdf\">Blueline_S2600_pressure<\/a><\/p>\n<p>Ta\u010dnost: \u00b10.003 mbar or 1 % RDG \u00b11 digit<\/p>\n","protected":false},"featured_media":2163,"comment_status":"open","ping_status":"closed","template":"","meta":{"_uf_show_specific_survey":0,"_uf_disable_surveys":false},"product_brand":[],"product_cat":[81],"product_tag":[],"class_list":{"0":"post-2169","1":"product","2":"type-product","3":"status-publish","4":"has-post-thumbnail","6":"product_cat-manometri-digitalni","8":"first","9":"instock","10":"taxable","11":"shipping-taxable","12":"purchasable","13":"product-type-simple"},"aioseo_notices":[],"_links":{"self":[{"href":"https:\/\/mjerna-tehnika.ba\/bs\/index.php?rest_route=\/wp\/v2\/product\/2169","targetHints":{"allow":["GET"]}}],"collection":[{"href":"https:\/\/mjerna-tehnika.ba\/bs\/index.php?rest_route=\/wp\/v2\/product"}],"about":[{"href":"https:\/\/mjerna-tehnika.ba\/bs\/index.php?rest_route=\/wp\/v2\/types\/product"}],"replies":[{"embeddable":true,"href":"https:\/\/mjerna-tehnika.ba\/bs\/index.php?rest_route=%2Fwp%2Fv2%2Fcomments&post=2169"}],"wp:featuredmedia":[{"embeddable":true,"href":"https:\/\/mjerna-tehnika.ba\/bs\/index.php?rest_route=\/wp\/v2\/media\/2163"}],"wp:attachment":[{"href":"https:\/\/mjerna-tehnika.ba\/bs\/index.php?rest_route=%2Fwp%2Fv2%2Fmedia&parent=2169"}],"wp:term":[{"taxonomy":"product_brand","embeddable":true,"href":"https:\/\/mjerna-tehnika.ba\/bs\/index.php?rest_route=%2Fwp%2Fv2%2Fproduct_brand&post=2169"},{"taxonomy":"product_cat","embeddable":true,"href":"https:\/\/mjerna-tehnika.ba\/bs\/index.php?rest_route=%2Fwp%2Fv2%2Fproduct_cat&post=2169"},{"taxonomy":"product_tag","embeddable":true,"href":"https:\/\/mjerna-tehnika.ba\/bs\/index.php?rest_route=%2Fwp%2Fv2%2Fproduct_tag&post=2169"}],"curies":[{"name":"wp","href":"https:\/\/api.w.org\/{rel}","templated":true}]}}