{"id":2147,"date":"2024-02-20T13:49:58","date_gmt":"2024-02-20T13:49:58","guid":{"rendered":"https:\/\/mjerna-tehnika.ba\/bs\/?post_type=product&#038;p=2147"},"modified":"2024-02-20T13:49:58","modified_gmt":"2024-02-20T13:49:58","slug":"mjerac-zracenja-dozimetar-pce-rdm5","status":"publish","type":"product","link":"https:\/\/mjerna-tehnika.ba\/bs\/?product=mjerac-zracenja-dozimetar-pce-rdm5","title":{"rendered":"Mjera\u010d zra\u010denja, dozimetar PCE-RDM5"},"content":{"rendered":"<div><strong><span>Ure\u0111aj za mjerenje zra\u010denja za mjerenje doze rendgenskih zraka, gama i beta zra\u010denja \/ jednostavan za kori\u0161tenje \/ funkcija alarma \/ rad na baterije<\/span><\/strong><\/div>\n<div><\/div>\n<div><span>Mjera\u010d zra\u010denja je mali, osjetljiv mjerni ure\u0111aj koji se koristi za pra\u0107enje rendgenskih, gama i beta zraka. Ure\u0111aj za mjerenje zra\u010denja koristi cijev Geiger-M\u00fcller broja\u010da s kompenzacijom energije kao detektor za precizna mjerenja. Prema Pravilniku o za\u0161titi od zra\u010denja (StrSchV), u nekim podru\u010djima postoji obaveza provo\u0111enja li\u010dne dozimetrije ure\u0111ajem za mjerenje zra\u010denja. Mjera\u010d zra\u010denja opremljen je sna\u017enim mikroprocesorom i TFT ekranom, \u0161to ga \u010dini lakim za kori\u0161tenje.\u00a0<\/span><\/div>\n<div><\/div>\n<div><span>Sam mjera\u010d zra\u010denja ima tri na\u010dina alarma: zvuk, LED svjetlo i vibracija. Granica alarma se mo\u017ee podesiti proizvoljno. Kada se dostigne ograni\u010denje alarma, oglasit \u0107e se alarm radi za\u0161tite. Glavni tehni\u010dki pokazatelji ure\u0111aja su u skladu sa me\u0111unarodnim standardima.<\/span><\/div>\n<div>\n<div><span>&#8211; \u03b1, \u03b2 i X-zrake<\/span><\/div>\n<div><span>&#8211; Mjerenje doze 0,08 &#8230; 9999\u00b5Sv\/h<\/span><\/div>\n<div><span>&#8211; Funkcija alarma<\/span><\/div>\n<div><span>&#8211; Rad na baterije<\/span><\/p>\n<div><span>&#8211; Upozorenje na vibraciju\u00a0<\/span><\/div>\n<div><span>&#8211; Traka za navigaciju\u00a0<\/span><\/div>\n<div><span>&#8211; Tip USB C porta za punjenje\u00a0<\/span><\/div>\n<\/div>\n<div><\/div>\n<div><span>Mjerni opseg min. <\/span><span>0,08 \u00b5Sv\/h<\/span><\/div>\n<div><span>Mjerni opseg max. <\/span><span>9,999 \u00b5Sv\/h<\/span><\/div>\n<div><span>Rezolucija <\/span><span>0,01 \u00b5Sv\/h<\/span><\/div>\n<div><\/div>\n<div><span>Podatkovni interfejs<\/span><span>USB-C<\/span><\/div>\n<div><span>Kapacitet baterije<\/span><span>400mAh<\/span><\/div>\n<div><span>vrijeme odziva<\/span><span>10s<\/span><\/div>\n<div><\/div>\n<div><span>Klasa za\u0161tite <\/span><span>IP20<\/span><\/div>\n<div><span>Te\u017eina<\/span><span>45g <\/span><span>Neto te\u017eina<\/span><span>57g <\/span><span>Bruto te\u017eina<\/span><span>141g <\/span><\/div>\n<div><span>Du\u017eina <\/span><span>105mm, <\/span><span>\u0160irina <\/span><span>27mm, <\/span><span>Visina <\/span><span>17mm<\/span><\/div>\n<div><span>Radni uslovi<\/span><span>-10 \u2013 50 \u00b0C, 10 \u2013 95%<\/span><\/div>\n<div><span>Uslovi skladi\u0161tenja<\/span><span>-10 \u2013 50 \u00b0C, 10 \u2013 95%<\/span><\/div>\n<\/div>\n","protected":false},"excerpt":{"rendered":"<p>&nbsp;<\/p>\n<div><span>&#8211; \u03b1, \u03b2 i X-zrake<\/span><\/div>\n<div><span>&#8211; Mjerenje doze 0,08 &#8230; 9999\u00b5Sv\/h<\/span><\/div>\n<div><span>&#8211; Funkcija alarma<\/span><\/div>\n<div><span>&#8211; Rad na baterije<\/span><\/p>\n<div><span>&#8211; Upozorenje na vibraciju\u00a0<\/span><\/div>\n<div><span>&#8211; Vrijednost u realnom vremenu<\/span><\/div>\n<div><span>&#8211; Traka za navigaciju\u00a0<\/span><\/div>\n<div><span>&#8211; Tip USB C porta za punjenje<\/span><\/div>\n<\/div>\n<div>\n<div><span>Mjera\u010d zra\u010denja je mali, osjetljiv mjerni ure\u0111aj koji se koristi za pra\u0107enje rendgenskih, gama i beta zraka. Ure\u0111aj za mjerenje zra\u010denja koristi cijev Geiger-M\u00fcller broja\u010da s kompenzacijom energije kao detektor za precizna mjerenja. Prema Pravilniku o za\u0161titi od zra\u010denja (StrSchV), u nekim podru\u010djima postoji obaveza provo\u0111enja li\u010dne dozimetrije ure\u0111ajem za mjerenje zra\u010denja. Mjera\u010d zra\u010denja opremljen je sna\u017enim mikroprocesorom i TFT ekranom, \u0161to ga \u010dini lakim za kori\u0161tenje.\u00a0<\/span><\/div>\n<div><\/div>\n<div><span>Sam mjera\u010d zra\u010denja ima tri na\u010dina alarma: zvuk, LED svjetlo i vibracija. Granica alarma se mo\u017ee podesiti proizvoljno. Kada se dostigne ograni\u010denje alarma, oglasit \u0107e se alarm radi za\u0161tite. Glavni tehni\u010dki pokazatelji ure\u0111aja su u skladu sa me\u0111unarodnim standardima.\u00a0<\/span><\/div>\n<\/div>\n<div><\/div>\n<div>Katalog mo\u017eete preuzeti ovdje: <a href=\"https:\/\/mjerna-tehnika.ba\/bs\/wp-content\/uploads\/Mjerac-zracenja-PCE-RDM-5.pdf\">Mjera\u010d zra\u010denja PCE-RDM 5<\/a><\/div>\n","protected":false},"featured_media":2150,"comment_status":"open","ping_status":"closed","template":"","meta":{"_uf_show_specific_survey":0,"_uf_disable_surveys":false},"product_brand":[],"product_cat":[75],"product_tag":[],"class_list":{"0":"post-2147","1":"product","2":"type-product","3":"status-publish","4":"has-post-thumbnail","6":"product_cat-mjeraci-zracenja","8":"first","9":"instock","10":"taxable","11":"shipping-taxable","12":"purchasable","13":"product-type-simple"},"aioseo_notices":[],"_links":{"self":[{"href":"https:\/\/mjerna-tehnika.ba\/bs\/index.php?rest_route=\/wp\/v2\/product\/2147","targetHints":{"allow":["GET"]}}],"collection":[{"href":"https:\/\/mjerna-tehnika.ba\/bs\/index.php?rest_route=\/wp\/v2\/product"}],"about":[{"href":"https:\/\/mjerna-tehnika.ba\/bs\/index.php?rest_route=\/wp\/v2\/types\/product"}],"replies":[{"embeddable":true,"href":"https:\/\/mjerna-tehnika.ba\/bs\/index.php?rest_route=%2Fwp%2Fv2%2Fcomments&post=2147"}],"wp:featuredmedia":[{"embeddable":true,"href":"https:\/\/mjerna-tehnika.ba\/bs\/index.php?rest_route=\/wp\/v2\/media\/2150"}],"wp:attachment":[{"href":"https:\/\/mjerna-tehnika.ba\/bs\/index.php?rest_route=%2Fwp%2Fv2%2Fmedia&parent=2147"}],"wp:term":[{"taxonomy":"product_brand","embeddable":true,"href":"https:\/\/mjerna-tehnika.ba\/bs\/index.php?rest_route=%2Fwp%2Fv2%2Fproduct_brand&post=2147"},{"taxonomy":"product_cat","embeddable":true,"href":"https:\/\/mjerna-tehnika.ba\/bs\/index.php?rest_route=%2Fwp%2Fv2%2Fproduct_cat&post=2147"},{"taxonomy":"product_tag","embeddable":true,"href":"https:\/\/mjerna-tehnika.ba\/bs\/index.php?rest_route=%2Fwp%2Fv2%2Fproduct_tag&post=2147"}],"curies":[{"name":"wp","href":"https:\/\/api.w.org\/{rel}","templated":true}]}}