{"id":2133,"date":"2024-02-06T11:50:35","date_gmt":"2024-02-06T11:50:35","guid":{"rendered":"https:\/\/mjerna-tehnika.ba\/bs\/?post_type=product&#038;p=2133"},"modified":"2024-02-06T11:51:39","modified_gmt":"2024-02-06T11:51:39","slug":"2133","status":"publish","type":"product","link":"https:\/\/mjerna-tehnika.ba\/bs\/?product=2133","title":{"rendered":"\u010ce\u0161alj za debljinu mokrog sloja \u2013 premaza WG II-A 25 \u2013 2000 \u00b5m"},"content":{"rendered":"<p>Te\u017eina: 0,01 kg<br \/>\n\u010ce\u0161alj za odre\u0111ivanje debljine mokrog &#8211; vla\u017enog premaza &#8211; sloja\u00a0 WG I-A mjerni opseg: 25-2000 \u00b5m<\/p>\n<p>Rezolucija:<br \/>\n25 \u00b5m od 25 &#8211; 300 \u00b5m<br \/>\n50 \u00b5m od 350 &#8211; 950 \u00b5m<\/p>\n<p>100 \u00b5m od 1000 &#8211; 2000 \u00b5m<br \/>\nMaksimalna tolerancija: 2 \u00b5m ili 3%<br \/>\nAluminijska verzija sa 6 mjernih rubova, crno eloksirano<\/p>\n","protected":false},"excerpt":{"rendered":"<p>Te\u017eina: 0,01 kg<\/p>\n<p>\u010ce\u0161alj za odre\u0111ivanje debljine mokrog &#8211; vla\u017enog premaza &#8211; sloja\u00a0 WG I-A mjerni opseg: 25 &#8211; 2000 \u00b5m<\/p>\n<p>Rezolucija:<br \/>\n25 \u00b5m od 25 &#8211; 300 \u00b5m<br \/>\n50 \u00b5m od 350 &#8211; 950 \u00b5m<\/p>\n<p>100 \u00b5m od 1000 &#8211; 2000 \u00b5m<br \/>\nMaksimalna tolerancija: 2 \u00b5m ili 3%<br \/>\nAluminijska verzija sa 6 mjernih rubova, crno eloksirano<\/p>\n<p><a href=\"https:\/\/mjerna-tehnika.ba\/bs\/wp-content\/uploads\/Mjerac-debljine-vlaznog-nanosa-WG-II-A-25-2000.pdf\">Mjera\u010d debljine vla\u017enog nanosa WG II-A, 25-2000<\/a><\/p>\n","protected":false},"featured_media":2135,"comment_status":"open","ping_status":"closed","template":"","meta":{"_uf_show_specific_survey":0,"_uf_disable_surveys":false},"product_brand":[],"product_cat":[39],"product_tag":[],"class_list":{"0":"post-2133","1":"product","2":"type-product","3":"status-publish","4":"has-post-thumbnail","6":"product_cat-mjeraci-debljine-nanosa-boje","8":"first","9":"instock","10":"taxable","11":"shipping-taxable","12":"purchasable","13":"product-type-simple"},"aioseo_notices":[],"_links":{"self":[{"href":"https:\/\/mjerna-tehnika.ba\/bs\/index.php?rest_route=\/wp\/v2\/product\/2133","targetHints":{"allow":["GET"]}}],"collection":[{"href":"https:\/\/mjerna-tehnika.ba\/bs\/index.php?rest_route=\/wp\/v2\/product"}],"about":[{"href":"https:\/\/mjerna-tehnika.ba\/bs\/index.php?rest_route=\/wp\/v2\/types\/product"}],"replies":[{"embeddable":true,"href":"https:\/\/mjerna-tehnika.ba\/bs\/index.php?rest_route=%2Fwp%2Fv2%2Fcomments&post=2133"}],"wp:featuredmedia":[{"embeddable":true,"href":"https:\/\/mjerna-tehnika.ba\/bs\/index.php?rest_route=\/wp\/v2\/media\/2135"}],"wp:attachment":[{"href":"https:\/\/mjerna-tehnika.ba\/bs\/index.php?rest_route=%2Fwp%2Fv2%2Fmedia&parent=2133"}],"wp:term":[{"taxonomy":"product_brand","embeddable":true,"href":"https:\/\/mjerna-tehnika.ba\/bs\/index.php?rest_route=%2Fwp%2Fv2%2Fproduct_brand&post=2133"},{"taxonomy":"product_cat","embeddable":true,"href":"https:\/\/mjerna-tehnika.ba\/bs\/index.php?rest_route=%2Fwp%2Fv2%2Fproduct_cat&post=2133"},{"taxonomy":"product_tag","embeddable":true,"href":"https:\/\/mjerna-tehnika.ba\/bs\/index.php?rest_route=%2Fwp%2Fv2%2Fproduct_tag&post=2133"}],"curies":[{"name":"wp","href":"https:\/\/api.w.org\/{rel}","templated":true}]}}