{"id":2094,"date":"2023-12-15T09:50:46","date_gmt":"2023-12-15T09:50:46","guid":{"rendered":"https:\/\/mjerna-tehnika.ba\/bs\/?post_type=product&#038;p=2094"},"modified":"2023-12-15T09:50:47","modified_gmt":"2023-12-15T09:50:47","slug":"mjerac-hrapavosti-tmr200","status":"publish","type":"product","link":"https:\/\/mjerna-tehnika.ba\/bs\/?product=mjerac-hrapavosti-tmr200","title":{"rendered":"Mjera\u010d hrapavosti TMR200"},"content":{"rendered":"<p>Prijenosni i jednostavan za kori\u0161tenje ure\u0111aj za mjerenje hrapavosti povr\u0161ine TMR200 sa LCD display-om posebno je pogodan za brza i precizna mjerenja u radionici ili laboratoriju. Ure\u0111aj za mjerenje hrapavosti povr\u0161ine koristi DSP \u010dip za kontrolu i obradu podataka uz veliku brzinu i nisku potro\u0161nju energije. Tako\u0111e imate veliki izbor parametara sa ure\u0111ajem za mjerenje hrapavosti povr\u0161ine TMR200: Ra, Rz, Rq, Rx, Rt, Rp, Rv, R3z, R3y, RzJIS, Rsk, Rku, Rsm, Rmr. Veliki LCD display vam omogu\u0107ava da imate obilje informacija o mjerenju i sposoban je da prika\u017ee sve parametre i grafiku. Zahvaljuju\u0107i internoj memoriji ure\u0111aja za mjerenje hrapavosti povr\u0161ine, mo\u017ee se pohraniti do 100 grupa podataka koji se mogu o\u010ditati na ra\u010dunaru pomo\u0107u USB interface-a<\/p>\n<p>Parametri: Ra, Rz, Rq, Rx, Rt, Rp, Rv, R3z, R3y, RzJIS, Rsk, Rku, Rsm, Rmr<br \/>\nMjerni opseg: Ra: 0,005 &#8230; 16 \u00b5m;\u00a0 Rz: 0,02 &#8230; 160 \u00b5m<br \/>\nGrani\u010dna talasna du\u017eina:\u00a0 0,25 \/ 0,8 \/ 2,5 mm<br \/>\nUkupna udaljenost skeniranja:\u00a0 1 &#8230; 5 mm<br \/>\nFilter:\u00a0 RC, PCRC, Gauss, ISO13565<br \/>\nDisplay:\u00a0 LCD 128 x 64<br \/>\nUSB interface<br \/>\nMemorija do 100 grupa podataka<br \/>\nDimenzije 141 x 55 x 40 mm<br \/>\nTe\u017eina 400g<\/p>\n","protected":false},"excerpt":{"rendered":"<p>Prijenosni i jednostavan za kori\u0161tenje ure\u0111aj za mjerenje hrapavosti povr\u0161ine TMR200 sa LCD display-om posebno je pogodan za brza i precizna mjerenja u radionici ili laboratoriju. Imate veliki izbor parametara sa ure\u0111ajem za mjerenje hrapavosti povr\u0161ine TMR200: Ra, Rz, Rq, Rx, Rt, Rp, Rv, R3z, R3y, RzJIS, Rsk, Rku, Rsm, Rmr.<\/p>\n<p>Download: <a href=\"https:\/\/mjerna-tehnika.ba\/bs\/wp-content\/uploads\/MJERAC-HRAPAVOSTI-TMR200.pdf\">MJERA\u010c HRAPAVOSTI TMR200<\/a><\/p>\n","protected":false},"featured_media":2096,"comment_status":"open","ping_status":"closed","template":"","meta":{"_uf_show_specific_survey":0,"_uf_disable_surveys":false},"product_brand":[],"product_cat":[76],"product_tag":[],"class_list":{"0":"post-2094","1":"product","2":"type-product","3":"status-publish","4":"has-post-thumbnail","6":"product_cat-ispitivanje-materijala","8":"first","9":"instock","10":"taxable","11":"shipping-taxable","12":"purchasable","13":"product-type-simple"},"aioseo_notices":[],"_links":{"self":[{"href":"https:\/\/mjerna-tehnika.ba\/bs\/index.php?rest_route=\/wp\/v2\/product\/2094","targetHints":{"allow":["GET"]}}],"collection":[{"href":"https:\/\/mjerna-tehnika.ba\/bs\/index.php?rest_route=\/wp\/v2\/product"}],"about":[{"href":"https:\/\/mjerna-tehnika.ba\/bs\/index.php?rest_route=\/wp\/v2\/types\/product"}],"replies":[{"embeddable":true,"href":"https:\/\/mjerna-tehnika.ba\/bs\/index.php?rest_route=%2Fwp%2Fv2%2Fcomments&post=2094"}],"wp:featuredmedia":[{"embeddable":true,"href":"https:\/\/mjerna-tehnika.ba\/bs\/index.php?rest_route=\/wp\/v2\/media\/2096"}],"wp:attachment":[{"href":"https:\/\/mjerna-tehnika.ba\/bs\/index.php?rest_route=%2Fwp%2Fv2%2Fmedia&parent=2094"}],"wp:term":[{"taxonomy":"product_brand","embeddable":true,"href":"https:\/\/mjerna-tehnika.ba\/bs\/index.php?rest_route=%2Fwp%2Fv2%2Fproduct_brand&post=2094"},{"taxonomy":"product_cat","embeddable":true,"href":"https:\/\/mjerna-tehnika.ba\/bs\/index.php?rest_route=%2Fwp%2Fv2%2Fproduct_cat&post=2094"},{"taxonomy":"product_tag","embeddable":true,"href":"https:\/\/mjerna-tehnika.ba\/bs\/index.php?rest_route=%2Fwp%2Fv2%2Fproduct_tag&post=2094"}],"curies":[{"name":"wp","href":"https:\/\/api.w.org\/{rel}","templated":true}]}}