{"id":2086,"date":"2023-12-15T09:36:30","date_gmt":"2023-12-15T09:36:30","guid":{"rendered":"https:\/\/mjerna-tehnika.ba\/bs\/?post_type=product&#038;p=2086"},"modified":"2023-12-15T09:51:31","modified_gmt":"2023-12-15T09:51:31","slug":"mjerac-tvrdoce-za-beton-ht-225a-po-schmidt-u","status":"publish","type":"product","link":"https:\/\/mjerna-tehnika.ba\/bs\/?product=mjerac-tvrdoce-za-beton-ht-225a-po-schmidt-u","title":{"rendered":"Mjera\u010d tvrdo\u0107e za beton HT-225A, po Schmidt-u"},"content":{"rendered":"<p>Mjera\u010d tvrdo\u0107e za\u00a0 beton HT-225A zasnovan na Schmidtovom principu mjerenja. Osim osnovne upotrebe u gra\u0111evinarstvu, \u010deki\u0107 za ispitivanje betona,\u00a0 koristi se i u druge svrhe u mnogim drugim industrijama. Ispitivanje se provodi pod uvijek konstantnom ispitnom energijom od 2,207 J<\/p>\n<ul>\n<li>Mjerno podru\u010dje: 10&#8230;60MPa<\/li>\n<\/ul>\n","protected":false},"excerpt":{"rendered":"<p>Mjera\u010d tvrdo\u0107e za\u00a0 beton HT-225A zasnovan na Schmidtovom principu mjerenja. Osim osnovne upotrebe u gra\u0111evinarstvu, \u010deki\u0107 za ispitivanje betona,\u00a0 koristi se i u druge svrhe u mnogim drugim industrijama. Ispitivanje se provodi pod uvijek konstantnom ispitnom energijom od 2,207 J<\/p>\n<ul>\n<li>Mjerno podru\u010dje: 10&#8230;60MPa<\/li>\n<\/ul>\n<p><a href=\"https:\/\/mjerna-tehnika.ba\/bs\/wp-content\/uploads\/Mjerac-tvrdoce-za-beton-HT225-serije.pdf\">Mjera\u010d tvrdo\u0107e za beton HT225 serije<\/a><\/p>\n<p>&nbsp;<\/p>\n","protected":false},"featured_media":2088,"comment_status":"open","ping_status":"closed","template":"","meta":{"_uf_show_specific_survey":0,"_uf_disable_surveys":false},"product_brand":[],"product_cat":[76,94],"product_tag":[],"class_list":{"0":"post-2086","1":"product","2":"type-product","3":"status-publish","4":"has-post-thumbnail","6":"product_cat-ispitivanje-materijala","7":"product_cat-mjeraci-tvrdoce","9":"first","10":"instock","11":"taxable","12":"shipping-taxable","13":"purchasable","14":"product-type-simple"},"aioseo_notices":[],"_links":{"self":[{"href":"https:\/\/mjerna-tehnika.ba\/bs\/index.php?rest_route=\/wp\/v2\/product\/2086","targetHints":{"allow":["GET"]}}],"collection":[{"href":"https:\/\/mjerna-tehnika.ba\/bs\/index.php?rest_route=\/wp\/v2\/product"}],"about":[{"href":"https:\/\/mjerna-tehnika.ba\/bs\/index.php?rest_route=\/wp\/v2\/types\/product"}],"replies":[{"embeddable":true,"href":"https:\/\/mjerna-tehnika.ba\/bs\/index.php?rest_route=%2Fwp%2Fv2%2Fcomments&post=2086"}],"wp:featuredmedia":[{"embeddable":true,"href":"https:\/\/mjerna-tehnika.ba\/bs\/index.php?rest_route=\/wp\/v2\/media\/2088"}],"wp:attachment":[{"href":"https:\/\/mjerna-tehnika.ba\/bs\/index.php?rest_route=%2Fwp%2Fv2%2Fmedia&parent=2086"}],"wp:term":[{"taxonomy":"product_brand","embeddable":true,"href":"https:\/\/mjerna-tehnika.ba\/bs\/index.php?rest_route=%2Fwp%2Fv2%2Fproduct_brand&post=2086"},{"taxonomy":"product_cat","embeddable":true,"href":"https:\/\/mjerna-tehnika.ba\/bs\/index.php?rest_route=%2Fwp%2Fv2%2Fproduct_cat&post=2086"},{"taxonomy":"product_tag","embeddable":true,"href":"https:\/\/mjerna-tehnika.ba\/bs\/index.php?rest_route=%2Fwp%2Fv2%2Fproduct_tag&post=2086"}],"curies":[{"name":"wp","href":"https:\/\/api.w.org\/{rel}","templated":true}]}}