{"id":2081,"date":"2023-12-15T09:25:04","date_gmt":"2023-12-15T09:25:04","guid":{"rendered":"https:\/\/mjerna-tehnika.ba\/bs\/?post_type=product&#038;p=2081"},"modified":"2023-12-15T09:25:04","modified_gmt":"2023-12-15T09:25:04","slug":"mjerac-vlage-za-zitarice-mc7825g","status":"publish","type":"product","link":"https:\/\/mjerna-tehnika.ba\/bs\/?product=mjerac-vlage-za-zitarice-mc7825g","title":{"rendered":"Mjera\u010d vlage za \u017eitarice MC7825G"},"content":{"rendered":"<p>MC-7825G mjera\u010d vlage za \u017eitarice\u00a0 koristi se za brzo i precizno mjerenje vlage u procesu\u00a0 nabavke, skladi\u0161tenja,\u00a0 obrade upakovanog zrna, sto\u010dne hrane,&#8230;<\/p>\n<ul>\n<li>Mjerno podru\u010dje: 7&#8230;30%<\/li>\n<li>37 vrsta \u017eitarica<\/li>\n<li>Rezolucija 0,1%<\/li>\n<li>Ta\u010dnost: \u00b1(0,5%n+1)<\/li>\n<\/ul>\n","protected":false},"excerpt":{"rendered":"<p>MC-7825G mjera\u010d vlage za \u017eitarice\u00a0 koristi se za brzo i precizno mjerenje vlage u procesu\u00a0 nabavke, skladi\u0161tenja,\u00a0 obrade upakovanog zrna, sto\u010dne hrane,&#8230;<\/p>\n<ul>\n<li>Mjerno podru\u010dje: 7&#8230;30%<\/li>\n<li>37 vrsta \u017eitarica<\/li>\n<li>Rezolucija 0,1%<\/li>\n<li>Ta\u010dnost: \u00b1(0,5%n+1)<\/li>\n<\/ul>\n<p>Download: <a href=\"https:\/\/mjerna-tehnika.ba\/bs\/wp-content\/uploads\/Mjerac-vlage-za-zitarice-MC-7825G.pdf\">Mjera\u010d vlage za \u017eitarice MC-7825G<\/a><\/p>\n","protected":false},"featured_media":2084,"comment_status":"open","ping_status":"closed","template":"","meta":{"_uf_show_specific_survey":0,"_uf_disable_surveys":false},"product_brand":[],"product_cat":[51,53],"product_tag":[],"class_list":{"0":"post-2081","1":"product","2":"type-product","3":"status-publish","4":"has-post-thumbnail","6":"product_cat-mjeraci-vlage","7":"product_cat-mjeraci-vlage-za-materijal","9":"first","10":"instock","11":"taxable","12":"shipping-taxable","13":"purchasable","14":"product-type-simple"},"aioseo_notices":[],"_links":{"self":[{"href":"https:\/\/mjerna-tehnika.ba\/bs\/index.php?rest_route=\/wp\/v2\/product\/2081","targetHints":{"allow":["GET"]}}],"collection":[{"href":"https:\/\/mjerna-tehnika.ba\/bs\/index.php?rest_route=\/wp\/v2\/product"}],"about":[{"href":"https:\/\/mjerna-tehnika.ba\/bs\/index.php?rest_route=\/wp\/v2\/types\/product"}],"replies":[{"embeddable":true,"href":"https:\/\/mjerna-tehnika.ba\/bs\/index.php?rest_route=%2Fwp%2Fv2%2Fcomments&post=2081"}],"wp:featuredmedia":[{"embeddable":true,"href":"https:\/\/mjerna-tehnika.ba\/bs\/index.php?rest_route=\/wp\/v2\/media\/2084"}],"wp:attachment":[{"href":"https:\/\/mjerna-tehnika.ba\/bs\/index.php?rest_route=%2Fwp%2Fv2%2Fmedia&parent=2081"}],"wp:term":[{"taxonomy":"product_brand","embeddable":true,"href":"https:\/\/mjerna-tehnika.ba\/bs\/index.php?rest_route=%2Fwp%2Fv2%2Fproduct_brand&post=2081"},{"taxonomy":"product_cat","embeddable":true,"href":"https:\/\/mjerna-tehnika.ba\/bs\/index.php?rest_route=%2Fwp%2Fv2%2Fproduct_cat&post=2081"},{"taxonomy":"product_tag","embeddable":true,"href":"https:\/\/mjerna-tehnika.ba\/bs\/index.php?rest_route=%2Fwp%2Fv2%2Fproduct_tag&post=2081"}],"curies":[{"name":"wp","href":"https:\/\/api.w.org\/{rel}","templated":true}]}}