{"id":2057,"date":"2023-10-31T12:09:27","date_gmt":"2023-10-31T12:09:27","guid":{"rendered":"https:\/\/mjerna-tehnika.ba\/bs\/?post_type=product&#038;p=2057"},"modified":"2023-10-31T12:21:16","modified_gmt":"2023-10-31T12:21:16","slug":"datalogger-za-temperaturu-vlagu-sa-display-om-log210-tc-31-1061","status":"publish","type":"product","link":"https:\/\/mjerna-tehnika.ba\/bs\/?product=datalogger-za-temperaturu-vlagu-sa-display-om-log210-tc-31-1061","title":{"rendered":"Datalogger za temperaturu\/vlagu sa display-om LOG210 TC, 31.1061"},"content":{"rendered":"<ul>\n<li>Sa internim senzorom za kontrolu temperature i vla\u017enosti (mjerni opseg -40&#8230;+70\u00b0C\/0&#8230;99%RH) i dva eksterna ulaza za k-tip\u00a0 sonde (maks. mjerni opseg -150 &#8230; + 1370\u00b0C)<\/li>\n<li>Dva termopar senzora uklju\u010dena u isporuku (mjerni opseg -40&#8230;+150\u00b0C)<\/li>\n<li>Memorija za 60.000 zapisa<\/li>\n<li>MAX\/MIN funkcija<\/li>\n<li>Mo\u017ee se koristiti bez softvera (unaprijed programirani interval od 5 minuta)<\/li>\n<li>Automatski izlaz kao PDF fajl<\/li>\n<li>Odabir intervala memorisanja putem softvera (10 sekundi do 24 sata)<\/li>\n<li>HI\/LO alarm<\/li>\n<li>Senzor pokreta za snimanje \u0161oka (npr. promjena lokacije ili otvaranje vrata i prozora)<\/li>\n<li>USB interface<\/li>\n<li>Certifikat tvorni\u010dki uklju\u010den u isporuku<\/li>\n<li>Proizvedeno u Njema\u010dkoj<\/li>\n<\/ul>\n<table class=\"table table-bordered table-components\">\n<tbody>\n<tr>\n<td>Isporuka uklju\u010duje<\/td>\n<td>datalogger, dva k-tip enzora, tvorni\u010dki certifikat, dr\u017ea\u010d za zid, baterije, uputstvo<\/td>\n<\/tr>\n<tr>\n<td>Measuring range humidity<\/td>\n<td>0\u2026100 %<\/td>\n<\/tr>\n<tr>\n<td>Measuring range temperature<\/td>\n<td>-40\u2026+70\u00b0C, vanjski senzor -40\u2026+150\u00b0C<\/td>\n<\/tr>\n<tr>\n<td>Material<\/td>\n<td>Plastic<\/td>\n<\/tr>\n<tr>\n<td>Power consumption<\/td>\n<td>Batteries<\/td>\n<\/tr>\n<tr>\n<td>Assembling<\/td>\n<td>Wall mounting<\/td>\n<\/tr>\n<tr>\n<td>Batteries included<\/td>\n<td>Yes<\/td>\n<\/tr>\n<tr>\n<td>Batteries<\/td>\n<td>1 x 3,6 V 1\/2 AA<\/td>\n<\/tr>\n<tr>\n<td>Dimensions<\/td>\n<td>(L) 43 (49) x (B) 21 (30) x (H) 92 (98) mm<\/td>\n<\/tr>\n<tr>\n<td>Weight<\/td>\n<td>60 g<\/td>\n<\/tr>\n<\/tbody>\n<\/table>\n","protected":false},"excerpt":{"rendered":"<ul>\n<li>Za pra\u0107enje temperature i vlage i vanjske temperature sa dva k-tip senzora<\/li>\n<li>Memorija za 60.000 zapisa<\/li>\n<li>MAX \/ MIN<\/li>\n<li>USB interfejs sa automatskim PDF izlazom<\/li>\n<li>Besplatan softver<\/li>\n<\/ul>\n<p>Download: <a href=\"https:\/\/mjerna-tehnika.ba\/bs\/wp-content\/uploads\/USB-datalogger-LOG210-TC_tfa-31.1061.02.pdf\">USB datalogger LOG210 TC_tfa-31.1061.02<\/a><\/p>\n","protected":false},"featured_media":2058,"comment_status":"open","ping_status":"closed","template":"","meta":{"_uf_show_specific_survey":0,"_uf_disable_surveys":false},"product_brand":[],"product_cat":[42,43],"product_tag":[],"class_list":{"0":"post-2057","1":"product","2":"type-product","3":"status-publish","4":"has-post-thumbnail","6":"product_cat-dataloggeri","7":"product_cat-termohigrometri","9":"first","10":"instock","11":"taxable","12":"shipping-taxable","13":"purchasable","14":"product-type-simple"},"aioseo_notices":[],"_links":{"self":[{"href":"https:\/\/mjerna-tehnika.ba\/bs\/index.php?rest_route=\/wp\/v2\/product\/2057","targetHints":{"allow":["GET"]}}],"collection":[{"href":"https:\/\/mjerna-tehnika.ba\/bs\/index.php?rest_route=\/wp\/v2\/product"}],"about":[{"href":"https:\/\/mjerna-tehnika.ba\/bs\/index.php?rest_route=\/wp\/v2\/types\/product"}],"replies":[{"embeddable":true,"href":"https:\/\/mjerna-tehnika.ba\/bs\/index.php?rest_route=%2Fwp%2Fv2%2Fcomments&post=2057"}],"wp:featuredmedia":[{"embeddable":true,"href":"https:\/\/mjerna-tehnika.ba\/bs\/index.php?rest_route=\/wp\/v2\/media\/2058"}],"wp:attachment":[{"href":"https:\/\/mjerna-tehnika.ba\/bs\/index.php?rest_route=%2Fwp%2Fv2%2Fmedia&parent=2057"}],"wp:term":[{"taxonomy":"product_brand","embeddable":true,"href":"https:\/\/mjerna-tehnika.ba\/bs\/index.php?rest_route=%2Fwp%2Fv2%2Fproduct_brand&post=2057"},{"taxonomy":"product_cat","embeddable":true,"href":"https:\/\/mjerna-tehnika.ba\/bs\/index.php?rest_route=%2Fwp%2Fv2%2Fproduct_cat&post=2057"},{"taxonomy":"product_tag","embeddable":true,"href":"https:\/\/mjerna-tehnika.ba\/bs\/index.php?rest_route=%2Fwp%2Fv2%2Fproduct_tag&post=2057"}],"curies":[{"name":"wp","href":"https:\/\/api.w.org\/{rel}","templated":true}]}}