{"id":2050,"date":"2023-10-16T08:28:15","date_gmt":"2023-10-16T08:28:15","guid":{"rendered":"https:\/\/mjerna-tehnika.ba\/bs\/?post_type=product&#038;p=2050"},"modified":"2023-10-16T08:38:16","modified_gmt":"2023-10-16T08:38:16","slug":"termohigrometar-s-kabl-senzorom-tfa-30-5048-01","status":"publish","type":"product","link":"https:\/\/mjerna-tehnika.ba\/bs\/?product=termohigrometar-s-kabl-senzorom-tfa-30-5048-01","title":{"rendered":"Termohigrometar s kabl senzorom TFA, 30.5048.01"},"content":{"rendered":"<h2>Tehni\u010dke karakteristike<\/h2>\n<div class=\"table-responsive\">\n<table class=\"table table-bordered table-components\">\n<tbody>\n<tr>\n<td>Mjerno podru\u010dje temperature za kabl senzor<\/td>\n<td>-30&#8230;+60\u00b0C (-22&#8230; +140\u00b0F)<\/td>\n<\/tr>\n<tr>\n<td><\/td>\n<td><\/td>\n<\/tr>\n<tr>\n<td>Isporuka uklju\u010duje<\/td>\n<td>Termohigrometar sa kablom, uputstvo<\/td>\n<\/tr>\n<tr>\n<td>Mjerno podru\u010dje vlage<\/td>\n<td>20&#8230;90%<\/td>\n<\/tr>\n<tr>\n<td>Mjerno podru\u010dje temperature, unutra\u0161nje<\/td>\n<td>0&#8230;+50\u00b0C (+32\u00b0F&#8230; +122\u00b0C)<\/td>\n<\/tr>\n<tr>\n<td>Du\u017eina kabla<\/td>\n<td>1.3 m<\/td>\n<\/tr>\n<tr>\n<td>Sat<\/td>\n<td>Quartz clock<\/td>\n<\/tr>\n<tr>\n<td><\/td>\n<td><\/td>\n<\/tr>\n<tr>\n<td><\/td>\n<td><\/td>\n<\/tr>\n<tr>\n<td><\/td>\n<td><\/td>\n<\/tr>\n<tr>\n<td>Baterije<\/td>\n<td>2 x AAA 1.5 V<\/td>\n<\/tr>\n<tr>\n<td>Baterije uklju\u010dene<\/td>\n<td>Ne<\/td>\n<\/tr>\n<tr>\n<td>Dimenzije<\/td>\n<td>(L) 72 x (B) 16 (49) x (H) 121 mm<\/td>\n<\/tr>\n<tr>\n<td>Te\u017eina<\/td>\n<td>94 g<\/td>\n<\/tr>\n<\/tbody>\n<\/table>\n<\/div>\n","protected":false},"excerpt":{"rendered":"<p>Sa ovim funkcionalnim termo-higrometrom mo\u017eete\u00a0 pratiti klimu u prostoriji, vanjsku temperaturu i vrijeme.<br \/>\nKontrolom temperature i vla\u017enosti u stambenim prostorima uz ciljano grijanje i ventilaciju, mo\u017eete stvoriti ugodnu i zdravu klimu u zatvorenom prostoru, pa \u010dak i u\u0161tedjeti na tro\u0161kovima grijanja. Istovremeno, vanjska temperatura se mo\u017ee mjeriti preko senzora kabla. Kada se postavi na prozor, senzorski kabel se jednostavno vodi prema van. Pohranjena max-min o\u010ditanja se automatski resetiraju dnevno ili se tako\u0111er mogu izbrisati ru\u010dno.<br \/>\nMogu\u0107nosti primjene kabelskog senzora su vi\u0161estruke i nisu ograni\u010dene samo na vanjsku temperaturu. Zahvaljuju\u0107i velikom rasponu mjerenja, vodootporni senzor se mo\u017ee koristiti i za pra\u0107enje temperature hladnjaka-fri\u017eidera, zamrziva\u010da ili za mjerenje temperature vode u akvariju.<\/p>\n<p>&nbsp;<\/p>\n","protected":false},"featured_media":2051,"comment_status":"open","ping_status":"closed","template":"","meta":{"_uf_show_specific_survey":0,"_uf_disable_surveys":false},"product_brand":[],"product_cat":[43],"product_tag":[],"class_list":{"0":"post-2050","1":"product","2":"type-product","3":"status-publish","4":"has-post-thumbnail","6":"product_cat-termohigrometri","8":"first","9":"instock","10":"taxable","11":"shipping-taxable","12":"purchasable","13":"product-type-simple"},"aioseo_notices":[],"_links":{"self":[{"href":"https:\/\/mjerna-tehnika.ba\/bs\/index.php?rest_route=\/wp\/v2\/product\/2050","targetHints":{"allow":["GET"]}}],"collection":[{"href":"https:\/\/mjerna-tehnika.ba\/bs\/index.php?rest_route=\/wp\/v2\/product"}],"about":[{"href":"https:\/\/mjerna-tehnika.ba\/bs\/index.php?rest_route=\/wp\/v2\/types\/product"}],"replies":[{"embeddable":true,"href":"https:\/\/mjerna-tehnika.ba\/bs\/index.php?rest_route=%2Fwp%2Fv2%2Fcomments&post=2050"}],"wp:featuredmedia":[{"embeddable":true,"href":"https:\/\/mjerna-tehnika.ba\/bs\/index.php?rest_route=\/wp\/v2\/media\/2051"}],"wp:attachment":[{"href":"https:\/\/mjerna-tehnika.ba\/bs\/index.php?rest_route=%2Fwp%2Fv2%2Fmedia&parent=2050"}],"wp:term":[{"taxonomy":"product_brand","embeddable":true,"href":"https:\/\/mjerna-tehnika.ba\/bs\/index.php?rest_route=%2Fwp%2Fv2%2Fproduct_brand&post=2050"},{"taxonomy":"product_cat","embeddable":true,"href":"https:\/\/mjerna-tehnika.ba\/bs\/index.php?rest_route=%2Fwp%2Fv2%2Fproduct_cat&post=2050"},{"taxonomy":"product_tag","embeddable":true,"href":"https:\/\/mjerna-tehnika.ba\/bs\/index.php?rest_route=%2Fwp%2Fv2%2Fproduct_tag&post=2050"}],"curies":[{"name":"wp","href":"https:\/\/api.w.org\/{rel}","templated":true}]}}