{"id":2045,"date":"2023-10-13T09:07:44","date_gmt":"2023-10-13T09:07:44","guid":{"rendered":"https:\/\/mjerna-tehnika.ba\/bs\/?post_type=product&#038;p=2045"},"modified":"2023-10-13T09:34:34","modified_gmt":"2023-10-13T09:34:34","slug":"termometar-tfa-30-1017-10","status":"publish","type":"product","link":"https:\/\/mjerna-tehnika.ba\/bs\/?product=termometar-tfa-30-1017-10","title":{"rendered":"Termometar TFA, 30.1017.10"},"content":{"rendered":"<table class=\"table table-bordered table-components\">\n<tbody>\n<tr>\n<td>Isporuka uklju\u010duje<\/td>\n<td>Termometar, bateriju, uputstvo<\/td>\n<\/tr>\n<tr>\n<td>Mjerno podru\u010dje<\/td>\n<td>-20&#8230;+50\u00b0C (-4&#8230;+122\u00b0F)<\/td>\n<\/tr>\n<tr>\n<td>Materijal<\/td>\n<td>Plastic<\/td>\n<\/tr>\n<tr>\n<td>Monta\u017ea<\/td>\n<td>Zidna monta\u017ea<\/td>\n<\/tr>\n<tr>\n<td>Napajanje<\/td>\n<td>Baterije<\/td>\n<\/tr>\n<tr>\n<td>Baterije<\/td>\n<td>1 x AA 1.5 V<\/td>\n<\/tr>\n<tr>\n<td>Baterije uklju\u010dene u isporuku<\/td>\n<td>Da<\/td>\n<\/tr>\n<tr>\n<td>Dimenzije<\/td>\n<td>(L) 74 x (B) 43 x (H) 115 mm<\/td>\n<\/tr>\n<tr>\n<td>Te\u017eina<\/td>\n<td>110 g<\/td>\n<\/tr>\n<\/tbody>\n<\/table>\n","protected":false},"excerpt":{"rendered":"<p>Ovaj digitalni termometar Minima Maxima odli\u010dan je za provjeru temperature u prostorijama, ali se mo\u017ee lako oka\u010diti i na zaklonjenom mjestu na otvorenom.<br \/>\nNajvi\u0161e dnevne i najni\u017ee no\u0107ne temperature prikazuju se na jasnom display-u sa digitalnom precizno\u0161\u0107u.<br \/>\nOvaj termometar idealan je za ba\u0161tu i poljoprivredu, ali i za pra\u0107enje temperature dnevnih soba, staklenika,\u00a0 podruma, skladi\u0161ta ili zamrziva\u010da.<\/p>\n","protected":false},"featured_media":2046,"comment_status":"open","ping_status":"closed","template":"","meta":{"_uf_show_specific_survey":0,"_uf_disable_surveys":false},"product_brand":[],"product_cat":[40],"product_tag":[],"class_list":{"0":"post-2045","1":"product","2":"type-product","3":"status-publish","4":"has-post-thumbnail","6":"product_cat-termometri","8":"first","9":"instock","10":"taxable","11":"shipping-taxable","12":"purchasable","13":"product-type-simple"},"aioseo_notices":[],"_links":{"self":[{"href":"https:\/\/mjerna-tehnika.ba\/bs\/index.php?rest_route=\/wp\/v2\/product\/2045","targetHints":{"allow":["GET"]}}],"collection":[{"href":"https:\/\/mjerna-tehnika.ba\/bs\/index.php?rest_route=\/wp\/v2\/product"}],"about":[{"href":"https:\/\/mjerna-tehnika.ba\/bs\/index.php?rest_route=\/wp\/v2\/types\/product"}],"replies":[{"embeddable":true,"href":"https:\/\/mjerna-tehnika.ba\/bs\/index.php?rest_route=%2Fwp%2Fv2%2Fcomments&post=2045"}],"wp:featuredmedia":[{"embeddable":true,"href":"https:\/\/mjerna-tehnika.ba\/bs\/index.php?rest_route=\/wp\/v2\/media\/2046"}],"wp:attachment":[{"href":"https:\/\/mjerna-tehnika.ba\/bs\/index.php?rest_route=%2Fwp%2Fv2%2Fmedia&parent=2045"}],"wp:term":[{"taxonomy":"product_brand","embeddable":true,"href":"https:\/\/mjerna-tehnika.ba\/bs\/index.php?rest_route=%2Fwp%2Fv2%2Fproduct_brand&post=2045"},{"taxonomy":"product_cat","embeddable":true,"href":"https:\/\/mjerna-tehnika.ba\/bs\/index.php?rest_route=%2Fwp%2Fv2%2Fproduct_cat&post=2045"},{"taxonomy":"product_tag","embeddable":true,"href":"https:\/\/mjerna-tehnika.ba\/bs\/index.php?rest_route=%2Fwp%2Fv2%2Fproduct_tag&post=2045"}],"curies":[{"name":"wp","href":"https:\/\/api.w.org\/{rel}","templated":true}]}}