{"id":2026,"date":"2023-08-24T08:30:46","date_gmt":"2023-08-24T08:30:46","guid":{"rendered":"https:\/\/mjerna-tehnika.ba\/bs\/?post_type=product&#038;p=2026"},"modified":"2026-03-24T08:58:03","modified_gmt":"2026-03-24T08:58:03","slug":"mjerac-vlage-za-tlo-pce-smm-1","status":"publish","type":"product","link":"https:\/\/mjerna-tehnika.ba\/bs\/?product=mjerac-vlage-za-tlo-pce-smm-1","title":{"rendered":"Mjera\u010d vlage za tlo PCE-SMM 1"},"content":{"rendered":"<p>&nbsp;<\/p>\n<p>Mjera\u010d vlage tla PCE-SMM 1 je idealan za brzo odre\u0111ivanje vlage u zemlji\u0161tu. Mjera\u010d vlage u zemlji\u0161tu prikazuje vrijednost vlage zemlji\u0161ta od 0 &#8211; 50%. Kompaktna veli\u010dina i opcionalno pakovanje baterija Vam omogu\u0107avaju mobilnu upotrebu , a\u00a0 vodootporno plasti\u010dno ku\u0107i\u0161te omogu\u0107uje\u00a0 kori\u0161tenje mjera\u010d i u te\u0161kim uslovima. Mjera\u010d vlage tla poseduje jednostavan princip mjerenja zbog koga je olak\u0161ano mjerenje tako da i neobu\u010deno osoblje mo\u017ee rukovati instrumentom bez ikakvih pote\u0161ko\u0107a. Mjera\u010d posjeduje funkcije zadr\u017eavanja vrijednosti, minimalne i maksimalne vrijednosti.<\/p>\n<p><strong>Karakteristike:<\/strong><\/p>\n<ul>\n<li>Jednostavno rukovanje<\/li>\n<li>Merno podru\u010dje do 50%<\/li>\n<li>Rezolucija: 0.1%<\/li>\n<li>Veliki LCD displej<\/li>\n<li>250 mm du\u017eina sonde<\/li>\n<li>Min, Max i data hold funkcija<\/li>\n<li>Indikator statusa baterije<\/li>\n<li>Vodootporno plasti\u010dno ku\u0107i\u0161te<\/li>\n<\/ul>\n<p>&nbsp;<\/p>\n<p><span style=\"font-family: Arial; font-size: small;\">Za detaljnije informacije kontaktirajte nas na telefon\u00a0<\/span><span style=\"font-family: Arial; font-size: small;\">+387 32 650 745<\/span><\/p>\n","protected":false},"excerpt":{"rendered":"<p>Mjera\u010d vlage tla PCE-SMM 1 je idealan za brzo odre\u0111ivanje vlage u zemlji\u0161tu. Mjera\u010d vlage u zemlji\u0161tu prikazuje vrijednost vlage zemlji\u0161ta od 0 &#8211; 50%. Kompaktna veli\u010dina i opcionalno pakovanje baterija Vam omogu\u0107avaju mobilnu upotrebu , a\u00a0 vodootporno plasti\u010dno ku\u0107i\u0161te omogu\u0107uje\u00a0 kori\u0161tenje mjera\u010d i u te\u0161kim uslovima. Mjera\u010d vlage tla poseduje jednostavan princip mjerenja zbog koga je olak\u0161ano mjerenje tako da i neobu\u010deno osoblje mo\u017ee rukovati instrumentom bez ikakvih pote\u0161ko\u0107a. Mjera\u010d posjeduje funkcije zadr\u017eavanja vrijednosti, minimalne i maksimalne vrijednosti.<\/p>\n<p><strong>Karakteristike:<\/strong><\/p>\n<ul>\n<li>Jednostavno rukovanje<\/li>\n<li>Merno podru\u010dje do 50%<\/li>\n<li>Rezolucija: 0.1%<\/li>\n<li>Veliki LCD display<\/li>\n<li>250 mm du\u017eina sonde<\/li>\n<li>Min, Max i data hold funkcija<\/li>\n<li>Indikator statusa baterije<\/li>\n<li>Vodootporno plasti\u010dno ku\u0107i\u0161te<\/li>\n<\/ul>\n<p>Download: <a href=\"https:\/\/mjerna-tehnika.ba\/bs\/wp-content\/uploads\/MJERAC-VLAGE-PCE-SMM1_prevod.pdf\">MJERA\u010c VLAGE PCE-SMM1_prevod<\/a><\/p>\n","protected":false},"featured_media":2030,"comment_status":"open","ping_status":"closed","template":"","meta":{"_uf_show_specific_survey":0,"_uf_disable_surveys":false},"product_brand":[],"product_cat":[51,53],"product_tag":[],"class_list":{"0":"post-2026","1":"product","2":"type-product","3":"status-publish","4":"has-post-thumbnail","6":"product_cat-mjeraci-vlage","7":"product_cat-mjeraci-vlage-za-materijal","9":"first","10":"instock","11":"taxable","12":"shipping-taxable","13":"purchasable","14":"product-type-simple"},"aioseo_notices":[],"_links":{"self":[{"href":"https:\/\/mjerna-tehnika.ba\/bs\/index.php?rest_route=\/wp\/v2\/product\/2026","targetHints":{"allow":["GET"]}}],"collection":[{"href":"https:\/\/mjerna-tehnika.ba\/bs\/index.php?rest_route=\/wp\/v2\/product"}],"about":[{"href":"https:\/\/mjerna-tehnika.ba\/bs\/index.php?rest_route=\/wp\/v2\/types\/product"}],"replies":[{"embeddable":true,"href":"https:\/\/mjerna-tehnika.ba\/bs\/index.php?rest_route=%2Fwp%2Fv2%2Fcomments&post=2026"}],"wp:featuredmedia":[{"embeddable":true,"href":"https:\/\/mjerna-tehnika.ba\/bs\/index.php?rest_route=\/wp\/v2\/media\/2030"}],"wp:attachment":[{"href":"https:\/\/mjerna-tehnika.ba\/bs\/index.php?rest_route=%2Fwp%2Fv2%2Fmedia&parent=2026"}],"wp:term":[{"taxonomy":"product_brand","embeddable":true,"href":"https:\/\/mjerna-tehnika.ba\/bs\/index.php?rest_route=%2Fwp%2Fv2%2Fproduct_brand&post=2026"},{"taxonomy":"product_cat","embeddable":true,"href":"https:\/\/mjerna-tehnika.ba\/bs\/index.php?rest_route=%2Fwp%2Fv2%2Fproduct_cat&post=2026"},{"taxonomy":"product_tag","embeddable":true,"href":"https:\/\/mjerna-tehnika.ba\/bs\/index.php?rest_route=%2Fwp%2Fv2%2Fproduct_tag&post=2026"}],"curies":[{"name":"wp","href":"https:\/\/api.w.org\/{rel}","templated":true}]}}