{"id":2005,"date":"2023-07-18T08:07:39","date_gmt":"2023-07-18T08:07:39","guid":{"rendered":"https:\/\/mjerna-tehnika.ba\/bs\/?post_type=product&#038;p=2005"},"modified":"2023-07-18T08:45:07","modified_gmt":"2023-07-18T08:45:07","slug":"vremenska-stanica-wi-fi-view-breeze-35-8001","status":"publish","type":"product","link":"https:\/\/mjerna-tehnika.ba\/bs\/?product=vremenska-stanica-wi-fi-view-breeze-35-8001","title":{"rendered":"Vremenska stanica Wi-fi VIEW BREEZE 35.8001"},"content":{"rendered":"<p>Be\u017ei\u010dna meteorolo\u0161ka stanica VIEW BREEZE sa Wi-Fi nadopunjuje va\u0161e lokalne podatke posmatranja sa profesionalnim prognozama online vremenske usluge.<\/p>\n<p>Stanica ima dva eksterna predajnika: termo-higro predajnik prati vanjsku temperaturu i vla\u017enost i anemometar odre\u0111uje ja\u010dinu vjetra na mjestu postavljanja. Podaci se \u0161alju baznoj stanici u dometu do 100 m (na otvorenom).<br \/>\nIntegrisani elektronski barometar mjeri tlak-pritisak zraka, a na display-u u boji mo\u017eete o\u010ditati prognozu za nadolaze\u0107e vrijeme.<br \/>\nTako\u0111e imate pregled unutra\u0161nje temperature i vla\u017enosti<br \/>\nUz to, VIEW BREEZE nudi dodatne informacije kao \u0161to su maksimalne i minimalne vrijednosti,\u00a0 ta\u010dka rosi\u0161ta i postavke alarma za nekoliko parametara, kao i sat sa datumom.<\/p>\n<p>Display u boji visokog kontrasta mo\u017ee se regulisati u tri nivoa svjetline i automatski se zatamnjuje no\u0107u.<br \/>\nOve funkcije su dostupne bez internetske veze; To zna\u010di da se VIEW BREEZE mo\u017ee koristiti i kao potpuno &#8220;samostalna&#8221; meteorolo\u0161ka stanica.<\/p>\n<p>Meteorolo\u0161ka stanica je integrisana u lokalni WLAN pomo\u0107u besplatne TFA VIEW aplikacije. Samo slijedite upute u aplikaciji.<br \/>\nKada je stanica povezana na Internet, display se mijenja i mali simbol pokazuje koje se informacije sada uvoze putem online meteorolo\u0161ke usluge. Pored ja\u010dine vjetra pojavljuje se i smjer vjetra. Umjesto vremenske prognoze zasnovane na promjenama vazdu\u0161nog pritiska, sada dobijate profesionalnu i kontinuirano a\u017euriranu 12-satnu prognozu za va\u0161 region.<br \/>\nMo\u017eete i pojedina\u010dno pozvati prognozu za narednih 12 sati ili 7 dana pritiskom na dugme. Pojavljuju se i drugi zanimljivi vremenski detalji kao \u0161to su o\u010dekivane maksimalne i minimalne temperature i vjerovatno\u0107a ki\u0161e. Vrijeme i kalendar se redovno a\u017euriraju, a mo\u017eete \u010dak koristiti aplikaciju TFA VIEW za programiranje osobnih poruka ili dodatnih informacija o vremenu koje se prikazuju na displeju meteorolo\u0161ke stanice.<\/p>\n<p>Opseg usluga postaje jo\u0161 ve\u0107i uz kori\u0161tenje besplatne aplikacije VIEW, dohvatite izmjerene vrijednosti va\u0161e meteorolo\u0161ke stanice VIEW BREEZE \u0161irom svijeta pomo\u0107u tableta ili mobilnog ure\u0111aja, pregledajte zapise u posljednjih 30 dana, postavite ograni\u010denja upozorenja i primajte push obavijesti u slu\u010daju alarma.<\/p>\n","protected":false},"excerpt":{"rendered":"<ul>\n<li>Displej u boji sa 4 nivoa osvetljenosti<\/li>\n<li>Be\u017ei\u010dni prijenos vanjske temperature i vla\u017enosti, koli\u010dine padavina, brzine vjetra i smjera vjetra<\/li>\n<li>Dodatne funkcije na stanici putem internet veze<\/li>\n<li>Besplatna TFA VIEW aplikacija omogu\u0107ava pronala\u017eenje mjernih vrijednosti \u0161irom svijeta<\/li>\n<li>Profesionalna vremenska prognoza za region za nekoliko dana i dijelova dana<\/li>\n<\/ul>\n<p>Download:\u00a0 <a href=\"https:\/\/mjerna-tehnika.ba\/bs\/wp-content\/uploads\/Vremenska-stanica-VIEW-BREEZE_35.8001_35.8002-1.pdf\">Vremenska stanica VIEW BREEZE_35.8001_35.8002<\/a><\/p>\n","protected":false},"featured_media":2008,"comment_status":"open","ping_status":"closed","template":"","meta":{"_uf_show_specific_survey":0,"_uf_disable_surveys":false},"product_brand":[],"product_cat":[35,80,43,45],"product_tag":[],"class_list":{"0":"post-2005","1":"product","2":"type-product","3":"status-publish","4":"has-post-thumbnail","6":"product_cat-anemometri","7":"product_cat-meteoroloska-oprema","8":"product_cat-termohigrometri","9":"product_cat-vremenske-stanice","11":"first","12":"instock","13":"taxable","14":"shipping-taxable","15":"purchasable","16":"product-type-simple"},"aioseo_notices":[],"_links":{"self":[{"href":"https:\/\/mjerna-tehnika.ba\/bs\/index.php?rest_route=\/wp\/v2\/product\/2005","targetHints":{"allow":["GET"]}}],"collection":[{"href":"https:\/\/mjerna-tehnika.ba\/bs\/index.php?rest_route=\/wp\/v2\/product"}],"about":[{"href":"https:\/\/mjerna-tehnika.ba\/bs\/index.php?rest_route=\/wp\/v2\/types\/product"}],"replies":[{"embeddable":true,"href":"https:\/\/mjerna-tehnika.ba\/bs\/index.php?rest_route=%2Fwp%2Fv2%2Fcomments&post=2005"}],"wp:featuredmedia":[{"embeddable":true,"href":"https:\/\/mjerna-tehnika.ba\/bs\/index.php?rest_route=\/wp\/v2\/media\/2008"}],"wp:attachment":[{"href":"https:\/\/mjerna-tehnika.ba\/bs\/index.php?rest_route=%2Fwp%2Fv2%2Fmedia&parent=2005"}],"wp:term":[{"taxonomy":"product_brand","embeddable":true,"href":"https:\/\/mjerna-tehnika.ba\/bs\/index.php?rest_route=%2Fwp%2Fv2%2Fproduct_brand&post=2005"},{"taxonomy":"product_cat","embeddable":true,"href":"https:\/\/mjerna-tehnika.ba\/bs\/index.php?rest_route=%2Fwp%2Fv2%2Fproduct_cat&post=2005"},{"taxonomy":"product_tag","embeddable":true,"href":"https:\/\/mjerna-tehnika.ba\/bs\/index.php?rest_route=%2Fwp%2Fv2%2Fproduct_tag&post=2005"}],"curies":[{"name":"wp","href":"https:\/\/api.w.org\/{rel}","templated":true}]}}