{"id":1976,"date":"2023-04-03T11:07:24","date_gmt":"2023-04-03T11:07:24","guid":{"rendered":"https:\/\/mjerna-tehnika.ba\/bs\/?post_type=product&#038;p=1976"},"modified":"2023-04-03T11:08:21","modified_gmt":"2023-04-03T11:08:21","slug":"uv%e2%80%91torchlight-15f-trotec","status":"publish","type":"product","link":"https:\/\/mjerna-tehnika.ba\/bs\/?product=uv%e2%80%91torchlight-15f-trotec","title":{"rendered":"UV\u2011TORCHLIGHT 15F, Trotec"},"content":{"rendered":"<p><strong>Detekcija curenja u gra\u0111evinama, postrojenjima, opskrbnim mre\u017eama<\/strong><br \/>\nOva lagana LED lampa pru\u017ea maksimalne UV-A performanse odmah nakon uklju\u010divanja i posebno je pogodna za brze inspekcije ili provjere te\u0161ko dostupnih podru\u010dja.<\/p>\n<p>Zahvaljuju\u0107i visokom intenzitetu zra\u010denja reflektora UV-Torchlight 15F, mo\u017ee se posti\u0107i stimulacija visoke fluorescencije \u2013 na ovaj na\u010din su \u010dak i manji tragovi jasno vidljivi na dnevnom svjetlu.<\/p>\n<p>Njegova visoka fleksibilnost osvjetljenja \u010dini ultra kompaktnu UV-Torchlight 15F univerzalno primjenjivim detektorom tragova za razli\u010dite istra\u017ene zadatke.<\/p>\n<p>Za razliku od konvencionalnih UV lampi, UV-Torchlight 15F se ne koristiti samo u na\u010dinu rada reflektora:<\/p>\n<p>Integrisani fokusni prsten omogu\u0107ava beskona\u010dno varijabilnu regulaciju konusa UV-A zra\u010denja od ta\u010dkastog do mlaznog svjetla. Ovo pode\u0161avanje varijabilne \u017ei\u017ene daljine omogu\u0107ava vrlo \u0161irok spektar primjena UV svjetiljke 15F.<\/p>\n<p>Bilo da se radi o ta\u010dkastom na\u010dinu osvjetljenja sa maksimalnom fluorescentnom ekscitacijom ili mlaznom svjetlu za brzo ispitivanje ve\u0107ih povr\u0161ina \u2013 samo okretanjem prstena za fokusiranje ove ultra kompaktne UV-A ru\u010dne lampe uvijek \u0107ete imati optimalan intenzitet svjetlosti za svaki zadatak.<\/p>\n","protected":false},"excerpt":{"rendered":"<p><strong>Detekcija curenja u gra\u0111evinama, postrojenjima, opskrbnim mre\u017eama<\/strong><br \/>\nOva lagana LED lampa pru\u017ea maksimalne UV-A performanse odmah nakon uklju\u010divanja i posebno je pogodna za brze inspekcije ili provjere te\u0161ko dostupnih podru\u010dja.<\/p>\n","protected":false},"featured_media":1977,"comment_status":"open","ping_status":"closed","template":"","meta":{"_uf_show_specific_survey":0,"_uf_disable_surveys":false},"product_brand":[],"product_cat":[76,83],"product_tag":[],"class_list":{"0":"post-1976","1":"product","2":"type-product","3":"status-publish","4":"has-post-thumbnail","6":"product_cat-ispitivanje-materijala","7":"product_cat-ostalo","9":"first","10":"instock","11":"taxable","12":"shipping-taxable","13":"purchasable","14":"product-type-simple"},"aioseo_notices":[],"_links":{"self":[{"href":"https:\/\/mjerna-tehnika.ba\/bs\/index.php?rest_route=\/wp\/v2\/product\/1976","targetHints":{"allow":["GET"]}}],"collection":[{"href":"https:\/\/mjerna-tehnika.ba\/bs\/index.php?rest_route=\/wp\/v2\/product"}],"about":[{"href":"https:\/\/mjerna-tehnika.ba\/bs\/index.php?rest_route=\/wp\/v2\/types\/product"}],"replies":[{"embeddable":true,"href":"https:\/\/mjerna-tehnika.ba\/bs\/index.php?rest_route=%2Fwp%2Fv2%2Fcomments&post=1976"}],"wp:featuredmedia":[{"embeddable":true,"href":"https:\/\/mjerna-tehnika.ba\/bs\/index.php?rest_route=\/wp\/v2\/media\/1977"}],"wp:attachment":[{"href":"https:\/\/mjerna-tehnika.ba\/bs\/index.php?rest_route=%2Fwp%2Fv2%2Fmedia&parent=1976"}],"wp:term":[{"taxonomy":"product_brand","embeddable":true,"href":"https:\/\/mjerna-tehnika.ba\/bs\/index.php?rest_route=%2Fwp%2Fv2%2Fproduct_brand&post=1976"},{"taxonomy":"product_cat","embeddable":true,"href":"https:\/\/mjerna-tehnika.ba\/bs\/index.php?rest_route=%2Fwp%2Fv2%2Fproduct_cat&post=1976"},{"taxonomy":"product_tag","embeddable":true,"href":"https:\/\/mjerna-tehnika.ba\/bs\/index.php?rest_route=%2Fwp%2Fv2%2Fproduct_tag&post=1976"}],"curies":[{"name":"wp","href":"https:\/\/api.w.org\/{rel}","templated":true}]}}