{"id":1950,"date":"2022-12-27T13:02:23","date_gmt":"2022-12-27T13:02:23","guid":{"rendered":"https:\/\/mjerna-tehnika.ba\/bs\/?post_type=product&#038;p=1950"},"modified":"2022-12-27T13:07:57","modified_gmt":"2022-12-27T13:07:57","slug":"usb-datalogger-templog-ts60","status":"publish","type":"product","link":"https:\/\/mjerna-tehnika.ba\/bs\/?product=usb-datalogger-templog-ts60","title":{"rendered":"USB Datalogger TempLOG TS60"},"content":{"rendered":"<p>Imate va\u017enu po\u0161iljku i \u017eelite ili trebate provjeriti njenu temperaturu tokom transporta? Za robu osjetljivu na temperaturu, kao \u0161to su hrana, lijekovi, kozmetika, boje ili lakovi, ure\u0111aj za snimanje podataka za jednokratnu upotrebu idealan je pratilac u toku transporta<\/p>\n<p>Izuzetno je jednostavan za kori\u0161tenje: stavite datalogger u paket ili odjeljak za teret i aktivirajte mjerenje pritiskom na dugme za po\u010detak prije nego \u0161to transport po\u010dne.<\/p>\n<p>Svakih 10 minuta datalogger vr\u0161i mjerenje temperature u paketu ili kombiju. Integrisana dugmasta baterija\u00a0 traje 60 dana i snima do 10.000 setova podataka. Dvije statusne lampice (OK i Alarm) pokazuju da li je sve u redu.<\/p>\n<p>Nakon \u0161to stignete na odredi\u0161te, sljede\u0107i korak je prakti\u010dan i jednostavan: primalac po\u0161iljke vadi datalogger iz za\u0161titnog poklopca i direktno ga priklju\u010duje na ra\u010dunar putem USB veze. Data logger automatski kreira jasan PDF fajl sa razvojem temperature tokom transporta<\/p>\n<p>Nije vam potreban nikakav dodatni softver, a ure\u0111aj se ne mora ni vra\u0107ati. Minimalni napor za precizno snimanje<\/p>\n<p>Tehni\u010dke karakteristike:<\/p>\n<ul>\n<li>Jednosmjerni snima\u010d podataka o temperaturi sa trajanjem snimanja od 60 dana<\/li>\n<li>Za pra\u0107enje temperature (ta\u010dnost u zavisnosti od mjernog opsega od \u00b1 0,5\u00b0C)<\/li>\n<li>Jednostavno rukovanje sa jednim dugmetom<\/li>\n<li>2 statusna LED<\/li>\n<li>Memorija za 10.000 mjerenja<\/li>\n<li>Unaprijed pode\u0161en interval snimanja 10 minuta<\/li>\n<li>Nije potreban softver (unaprijed programiran)<\/li>\n<li>Automatski izlaz kao PDF fajl<\/li>\n<li>USB 2.0 interface<\/li>\n<li>Sa IP67 za\u0161titnim poklopcem<\/li>\n<li>Integrisana CR 2032 baterija.<\/li>\n<li>Informacije o proizvodu za preuzimanje:<\/li>\n<li>Opseg mjerenja temperature -30&#8230;+60\u00b0C<\/li>\n<li>Baterije Integrisana baterija CR 2032<\/li>\n<li>Dimenzije (D) 57 x (B) 7 x (V) 103 mm<\/li>\n<li>Te\u017eina 14 g<\/li>\n<\/ul>\n<p><a href=\"https:\/\/mjerna-tehnika.ba\/bs\/wp-content\/uploads\/Datalogger-USB-TempLOG_tfa-31.1062.02.pdf\">Datalogger USB TempLOG_tfa-31.1062.02<\/a><\/p>\n","protected":false},"excerpt":{"rendered":"<ul>\n<li>Jednokratni USB datalogger za pra\u0107enje temperature<\/li>\n<li>Mjerno podru\u010dje -30&#8230;+60\u00b0C<\/li>\n<li>60 dana trajanja snimanja sa integrisanom baterijom<\/li>\n<li>Memorija za 10.000 zapisa<\/li>\n<li>USB interface sa automatskim izvozom u PDF<\/li>\n<li>Interval snimanja 10 minuta<a href=\"https:\/\/mjerna-tehnika.ba\/bs\/wp-content\/uploads\/Datalogger-USB-TempLOG_tfa-31.1062.02.pdf\">Datalogger USB TempLOG_tfa-31.1062.02<\/a><\/li>\n<\/ul>\n","protected":false},"featured_media":1953,"comment_status":"open","ping_status":"closed","template":"","meta":{"_uf_show_specific_survey":0,"_uf_disable_surveys":false},"product_brand":[],"product_cat":[42,40],"product_tag":[],"class_list":{"0":"post-1950","1":"product","2":"type-product","3":"status-publish","4":"has-post-thumbnail","6":"product_cat-dataloggeri","7":"product_cat-termometri","9":"first","10":"instock","11":"taxable","12":"shipping-taxable","13":"purchasable","14":"product-type-simple"},"aioseo_notices":[],"_links":{"self":[{"href":"https:\/\/mjerna-tehnika.ba\/bs\/index.php?rest_route=\/wp\/v2\/product\/1950","targetHints":{"allow":["GET"]}}],"collection":[{"href":"https:\/\/mjerna-tehnika.ba\/bs\/index.php?rest_route=\/wp\/v2\/product"}],"about":[{"href":"https:\/\/mjerna-tehnika.ba\/bs\/index.php?rest_route=\/wp\/v2\/types\/product"}],"replies":[{"embeddable":true,"href":"https:\/\/mjerna-tehnika.ba\/bs\/index.php?rest_route=%2Fwp%2Fv2%2Fcomments&post=1950"}],"wp:featuredmedia":[{"embeddable":true,"href":"https:\/\/mjerna-tehnika.ba\/bs\/index.php?rest_route=\/wp\/v2\/media\/1953"}],"wp:attachment":[{"href":"https:\/\/mjerna-tehnika.ba\/bs\/index.php?rest_route=%2Fwp%2Fv2%2Fmedia&parent=1950"}],"wp:term":[{"taxonomy":"product_brand","embeddable":true,"href":"https:\/\/mjerna-tehnika.ba\/bs\/index.php?rest_route=%2Fwp%2Fv2%2Fproduct_brand&post=1950"},{"taxonomy":"product_cat","embeddable":true,"href":"https:\/\/mjerna-tehnika.ba\/bs\/index.php?rest_route=%2Fwp%2Fv2%2Fproduct_cat&post=1950"},{"taxonomy":"product_tag","embeddable":true,"href":"https:\/\/mjerna-tehnika.ba\/bs\/index.php?rest_route=%2Fwp%2Fv2%2Fproduct_tag&post=1950"}],"curies":[{"name":"wp","href":"https:\/\/api.w.org\/{rel}","templated":true}]}}