{"id":1946,"date":"2022-12-23T08:17:08","date_gmt":"2022-12-23T08:17:08","guid":{"rendered":"https:\/\/mjerna-tehnika.ba\/bs\/?post_type=product&#038;p=1946"},"modified":"2022-12-23T08:17:08","modified_gmt":"2022-12-23T08:17:08","slug":"mjerac-vodljivosti-za-cistu-vodu-hi98308","status":"publish","type":"product","link":"https:\/\/mjerna-tehnika.ba\/bs\/?product=mjerac-vodljivosti-za-cistu-vodu-hi98308","title":{"rendered":"Mjera\u010d vodljivosti za \u010distu vodu HI98308"},"content":{"rendered":"<div class=\"short-description\">\n<p>HI98308 tester vodljivosti za \u010distu vode je robustan i pouzdan tester d\u017eepne veli\u010dine koji nudi brza i precizna o\u010ditavanja. Tester \u010diste vode HI98308 sadr\u017ei grafitnu elektrodu za smanjenje efekata polarizacije i\u00a0 temperaturnu sondu za brzu reakciju prilikom kompenzacije temperaturnih promjena. Ru\u010dna kalibracija se vr\u0161i u jednoj ta\u010dki<\/p>\n<ul>\n<li>Temperaturni senzor<\/li>\n<li>Veoma nisko mjerno podru\u010dje EC (0,0 do 99,9 \u03bcS\/cm)<\/li>\n<li>Ru\u010dna kalibracija u jednoj ta\u010dki<\/li>\n<\/ul>\n<\/div>\n","protected":false},"excerpt":{"rendered":"<p>HI98308 tester vodljivosti za \u010distu vode je robustan i pouzdan tester d\u017eepne veli\u010dine koji nudi brza i precizna o\u010ditavanja. Tester \u010diste vode HI98308 sadr\u017ei grafitnu elektrodu za smanjenje efekata polarizacije i\u00a0 temperaturnu sondu za brzu reakciju prilikom kompenzacije temperaturnih promjena. Ru\u010dna kalibracija se vr\u0161i u jednoj ta\u010dki<\/p>\n<ul>\n<li>Temperaturni senzor<\/li>\n<li>Veoma nisko mjerno podru\u010dje EC (0,0 do 99,9 \u03bcS\/cm)<\/li>\n<li>Ru\u010dna kalibracija u jednoj ta\u010dki<\/li>\n<\/ul>\n<p>Download: <a href=\"https:\/\/mjerna-tehnika.ba\/bs\/wp-content\/uploads\/Mjerac-vodljivosti-HI98308-HI98309_datasheet.pdf\">Mjera\u010d vodljivosti HI98308-HI98309_datasheet<\/a><\/p>\n","protected":false},"featured_media":1947,"comment_status":"open","ping_status":"closed","template":"","meta":{"_uf_show_specific_survey":0,"_uf_disable_surveys":false},"product_brand":[],"product_cat":[69],"product_tag":[],"class_list":{"0":"post-1946","1":"product","2":"type-product","3":"status-publish","4":"has-post-thumbnail","6":"product_cat-mjeraci-vodljivosti-konduktivnosti","8":"first","9":"instock","10":"taxable","11":"shipping-taxable","12":"purchasable","13":"product-type-simple"},"aioseo_notices":[],"_links":{"self":[{"href":"https:\/\/mjerna-tehnika.ba\/bs\/index.php?rest_route=\/wp\/v2\/product\/1946","targetHints":{"allow":["GET"]}}],"collection":[{"href":"https:\/\/mjerna-tehnika.ba\/bs\/index.php?rest_route=\/wp\/v2\/product"}],"about":[{"href":"https:\/\/mjerna-tehnika.ba\/bs\/index.php?rest_route=\/wp\/v2\/types\/product"}],"replies":[{"embeddable":true,"href":"https:\/\/mjerna-tehnika.ba\/bs\/index.php?rest_route=%2Fwp%2Fv2%2Fcomments&post=1946"}],"wp:featuredmedia":[{"embeddable":true,"href":"https:\/\/mjerna-tehnika.ba\/bs\/index.php?rest_route=\/wp\/v2\/media\/1947"}],"wp:attachment":[{"href":"https:\/\/mjerna-tehnika.ba\/bs\/index.php?rest_route=%2Fwp%2Fv2%2Fmedia&parent=1946"}],"wp:term":[{"taxonomy":"product_brand","embeddable":true,"href":"https:\/\/mjerna-tehnika.ba\/bs\/index.php?rest_route=%2Fwp%2Fv2%2Fproduct_brand&post=1946"},{"taxonomy":"product_cat","embeddable":true,"href":"https:\/\/mjerna-tehnika.ba\/bs\/index.php?rest_route=%2Fwp%2Fv2%2Fproduct_cat&post=1946"},{"taxonomy":"product_tag","embeddable":true,"href":"https:\/\/mjerna-tehnika.ba\/bs\/index.php?rest_route=%2Fwp%2Fv2%2Fproduct_tag&post=1946"}],"curies":[{"name":"wp","href":"https:\/\/api.w.org\/{rel}","templated":true}]}}