{"id":1919,"date":"2022-11-21T08:38:51","date_gmt":"2022-11-21T08:38:51","guid":{"rendered":"https:\/\/mjerna-tehnika.ba\/bs\/?post_type=product&#038;p=1919"},"modified":"2022-11-21T08:46:23","modified_gmt":"2022-11-21T08:46:23","slug":"mjerac-broja-okretaja-pce-at-5","status":"publish","type":"product","link":"https:\/\/mjerna-tehnika.ba\/bs\/?product=mjerac-broja-okretaja-pce-at-5","title":{"rendered":"Mjera\u010d broja okretaja PCE-AT 5"},"content":{"rendered":"<p>Mjera\u010d broja okretaja za dvotaktne i \u010detvorotaktne motore<br \/>\nUre\u0111aj\u00a0 je mobilan, prakti\u010dan,\u00a0 za motore s unutra\u0161njim sagorijevanjem s elektri\u010dnim paljenjem. Postavka (brzina ciklusa \/ cilindar) i broj okretaja mogu se jasno i brzo vidjeti na velikom digitalnom displeju. Broj okretaja se mo\u017ee provjeriti za nekoliko sekundi.<\/p>\n<p>Mo\u017ee se koristiti za jednocilindri\u010dne dvotaktne motore (mopede, skuteri) do osmocilindarskih \u010detverotaktnih motora od strane profesionalnih mehani\u010dara, a zbog jednostavnosti rukovanja i rukovanja i hobi mehani\u010dara.<\/p>\n","protected":false},"excerpt":{"rendered":"<h4>Mjera\u010d broja okretaja<\/h4>\n<p>&#8211; Mjerno podru\u010dje od 100 do 20.000\u00a0 o\/min<br \/>\n&#8211; Za dvotaktne i \u010detverotaktne motore<\/p>\n<p>Katalog:\u00a0 <a href=\"https:\/\/mjerna-tehnika.ba\/bs\/wp-content\/uploads\/MJERAC-BROJA-OKRETAJA-PCE-AT5.pdf\">MJERA\u010c BROJA OKRETAJA PCE-AT5<\/a><\/p>\n","protected":false},"featured_media":1920,"comment_status":"open","ping_status":"closed","template":"","meta":{"_uf_show_specific_survey":0,"_uf_disable_surveys":false},"product_brand":[],"product_cat":[37],"product_tag":[],"class_list":{"0":"post-1919","1":"product","2":"type-product","3":"status-publish","4":"has-post-thumbnail","6":"product_cat-tahometri","8":"first","9":"instock","10":"taxable","11":"shipping-taxable","12":"purchasable","13":"product-type-simple"},"aioseo_notices":[],"_links":{"self":[{"href":"https:\/\/mjerna-tehnika.ba\/bs\/index.php?rest_route=\/wp\/v2\/product\/1919","targetHints":{"allow":["GET"]}}],"collection":[{"href":"https:\/\/mjerna-tehnika.ba\/bs\/index.php?rest_route=\/wp\/v2\/product"}],"about":[{"href":"https:\/\/mjerna-tehnika.ba\/bs\/index.php?rest_route=\/wp\/v2\/types\/product"}],"replies":[{"embeddable":true,"href":"https:\/\/mjerna-tehnika.ba\/bs\/index.php?rest_route=%2Fwp%2Fv2%2Fcomments&post=1919"}],"wp:featuredmedia":[{"embeddable":true,"href":"https:\/\/mjerna-tehnika.ba\/bs\/index.php?rest_route=\/wp\/v2\/media\/1920"}],"wp:attachment":[{"href":"https:\/\/mjerna-tehnika.ba\/bs\/index.php?rest_route=%2Fwp%2Fv2%2Fmedia&parent=1919"}],"wp:term":[{"taxonomy":"product_brand","embeddable":true,"href":"https:\/\/mjerna-tehnika.ba\/bs\/index.php?rest_route=%2Fwp%2Fv2%2Fproduct_brand&post=1919"},{"taxonomy":"product_cat","embeddable":true,"href":"https:\/\/mjerna-tehnika.ba\/bs\/index.php?rest_route=%2Fwp%2Fv2%2Fproduct_cat&post=1919"},{"taxonomy":"product_tag","embeddable":true,"href":"https:\/\/mjerna-tehnika.ba\/bs\/index.php?rest_route=%2Fwp%2Fv2%2Fproduct_tag&post=1919"}],"curies":[{"name":"wp","href":"https:\/\/api.w.org\/{rel}","templated":true}]}}