{"id":1845,"date":"2022-04-06T09:09:05","date_gmt":"2022-04-06T09:09:05","guid":{"rendered":"https:\/\/mjerna-tehnika.ba\/bs\/?post_type=product&#038;p=1845"},"modified":"2023-08-02T06:03:28","modified_gmt":"2023-08-02T06:03:28","slug":"mjerac-vlage-za-piljevinu-sjecku-pce-wt1n","status":"publish","type":"product","link":"https:\/\/mjerna-tehnika.ba\/bs\/?product=mjerac-vlage-za-piljevinu-sjecku-pce-wt1n","title":{"rendered":"Mjera\u010d vlage za piljevinu, sje\u010dku PCE-WT1N"},"content":{"rendered":"<p style=\"text-align: left;\">Mjera\u010d vlage u piljevini za profesionalnu upotrebu pri inspekciji pilana, kontrole paleta, proizvodnji drvenih briketa, proizvodnje peleta i sl. PCE-WT1 detektor vlage mo\u017ee da se koristi za merenje apsolutne vlage piljevine odmah po prijemu robe, tako da odmah mo\u017eete tra\u017eiti reklamaciju kod dobavlja\u010da, ukoliko postoji problem sa vlagom materijala.\u00a0 Osim za kontrolu vlage u piljevini ovaj mjera\u010d vlage mo\u017eete koristiti i za kontrolu vlage u sijenu, slami,&#8230; Jo\u0161 jedna prednost mjera\u010da vlage je njegova lako\u0107a rukovanja, laka i u isto vreme robusna konstrukcija.<\/p>\n<p>&nbsp;<\/p>\n<ul>\n<li>Mjerno podru\u010dje za piljevinu, strugotinu:\u00a0<span style=\"font-family: Arial; font-size: small;\">8 &#8230; 30 %<\/span><\/li>\n<li><span style=\"font-family: Arial; font-size: small;\">Mjerno podru\u010dje za sino i slamu:\u00a0<\/span><span style=\"font-family: Arial; font-size: small;\">8 &#8230; 25 %<\/span><\/li>\n<li><span style=\"font-family: Arial; font-size: small;\">Rezolucija:\u00a0<\/span><span style=\"font-family: Arial; font-size: small;\">0,1 %<\/span><\/li>\n<li><span style=\"font-family: Arial; font-size: small;\">Ta\u010dnost:\u00a0<\/span><span style=\"font-family: Arial; font-size: small;\">\u00b110 % od mjerenja. Npr ako je izmjerena vrijednost\u00a0<\/span><span style=\"font-family: Arial; font-size: small;\">10 %, odstupanje je\u00a0<\/span><span style=\"font-family: Arial; font-size: small;\">\u00b11 %<\/span><\/li>\n<li><span style=\"font-family: Arial; font-size: small;\">Zapremina komore:\u00a0<\/span><span style=\"font-family: Arial; font-size: small;\">120 cm\u00b3<\/span><\/li>\n<li><span style=\"font-family: Arial; font-size: small;\">Pritisak tokom mjerenja:\u00a0<\/span><span style=\"font-family: Arial; font-size: small;\">ca. 0,2 MPa<\/span><\/li>\n<li><span style=\"font-family: Arial; font-size: small;\">Kompenzacija temperature: Digitalno podesiva<\/span><\/li>\n<li><span style=\"font-family: Arial; font-size: small;\">Napajanje:\u00a0<\/span><span style=\"font-family: Arial; font-size: small;\">12V, baterija, tip 23A<\/span><\/li>\n<li><span style=\"font-family: Arial; font-size: small;\">Dimenzije:\u00a0<\/span><span style=\"font-family: Arial; font-size: small;\">300 x 220 x 65 mm<\/span><\/li>\n<li><span style=\"font-family: Arial; font-size: small;\">Te\u017eina: 990g<\/span><\/li>\n<li><span style=\"font-family: Arial; font-size: small;\">U isporuku uklju\u010deno: Mjera\u010d vlage u piljevini PCE-WT1N, baterija, kofer, uputstvo<\/span><\/li>\n<\/ul>\n","protected":false},"excerpt":{"rendered":"<p>Mjera\u010d vlage u piljevini za profesionalnu upotrebu pri inspekciji pilana, kontrole paleta, proizvodnji drvenih briketa, proizvodnje peleta i sl. PCE-WT1 detektor vlage mo\u017ee da se koristi za merenje apsolutne vlage piljevine odmah po prijemu robe, tako da odmah mo\u017eete tra\u017eiti reklamaciju kod dobavlja\u010da, ukoliko postoji problem sa vlagom materijala.\u00a0 Osim za kontrolu vlage u piljevini ovaj mjera\u010d vlage mo\u017eete koristiti i za kontrolu vlage u sijenu, slami,&#8230; Jo\u0161 jedna prednost mjera\u010da vlage je njegova lako\u0107a rukovanja, laka i u isto vreme robusna konstrukcija.<\/p>\n<p>&nbsp;<\/p>\n<ul>\n<li>Mjerno podru\u010dje za piljevinu, strugotinu:\u00a0<span style=\"font-family: Arial; font-size: small;\">8 &#8230; 30 %<\/span><\/li>\n<li><span style=\"font-family: Arial; font-size: small;\">Mjerno podru\u010dje za sino i slamu:\u00a0<\/span><span style=\"font-family: Arial; font-size: small;\">8 &#8230; 25 %<\/span><\/li>\n<li><span style=\"font-family: Arial; font-size: small;\">Rezolucija:\u00a0<\/span><span style=\"font-family: Arial; font-size: small;\">0,1 %<\/span><\/li>\n<li><span style=\"font-family: Arial; font-size: small;\">Ta\u010dnost:\u00a0<\/span><span style=\"font-family: Arial; font-size: small;\">\u00b110 % od mjerenja. Npr ako je izmjerena vrijednost\u00a0<\/span><span style=\"font-family: Arial; font-size: small;\">10 %, odstupanje je\u00a0<\/span><span style=\"font-family: Arial; font-size: small;\">\u00b11 %<\/span><\/li>\n<li><span style=\"font-family: Arial; font-size: small;\">Zapremina komore:\u00a0<\/span><span style=\"font-family: Arial; font-size: small;\">120 cm\u00b3<\/span><\/li>\n<li><span style=\"font-family: Arial; font-size: small;\">Pritisak tokom mjerenja:\u00a0<\/span><span style=\"font-family: Arial; font-size: small;\">ca. 0,2 MPa<\/span><\/li>\n<li><span style=\"font-family: Arial; font-size: small;\">Kompenzacija temperature: Digitalno podesiva<\/span><\/li>\n<li><span style=\"font-family: Arial; font-size: small;\">Napajanje:\u00a0<\/span><span style=\"font-family: Arial; font-size: small;\">12V, baterija, tip 23A<\/span><\/li>\n<li><span style=\"font-family: Arial; font-size: small;\">Dimenzije:\u00a0<\/span><span style=\"font-family: Arial; font-size: small;\">300 x 220 x 65 mm<\/span><\/li>\n<li><span style=\"font-family: Arial; font-size: small;\">Te\u017eina: 990g<\/span><\/li>\n<li><span style=\"font-family: Arial; font-size: small;\">U isporuku uklju\u010deno: Mjera\u010d vlage u piljevini PCE-WT1N, baterija, kofer, uputstvo<\/span><\/li>\n<\/ul>\n<p>Katalog mo\u017eete preuzeti ovdje: <a href=\"https:\/\/mjerna-tehnika.ba\/bs\/wp-content\/uploads\/MJERAC-VLAGE-PCE-WT1N_de.pdf\">MJERA\u010c VLAGE PCE-WT1N_de<\/a><\/p>\n","protected":false},"featured_media":1847,"comment_status":"open","ping_status":"closed","template":"","meta":{"_uf_show_specific_survey":0,"_uf_disable_surveys":false},"product_brand":[],"product_cat":[51,52,53],"product_tag":[],"class_list":{"0":"post-1845","1":"product","2":"type-product","3":"status-publish","4":"has-post-thumbnail","6":"product_cat-mjeraci-vlage","7":"product_cat-mjeraci-vlage-za-drvo-piljevinu","8":"product_cat-mjeraci-vlage-za-materijal","10":"first","11":"instock","12":"taxable","13":"shipping-taxable","14":"purchasable","15":"product-type-simple"},"aioseo_notices":[],"_links":{"self":[{"href":"https:\/\/mjerna-tehnika.ba\/bs\/index.php?rest_route=\/wp\/v2\/product\/1845","targetHints":{"allow":["GET"]}}],"collection":[{"href":"https:\/\/mjerna-tehnika.ba\/bs\/index.php?rest_route=\/wp\/v2\/product"}],"about":[{"href":"https:\/\/mjerna-tehnika.ba\/bs\/index.php?rest_route=\/wp\/v2\/types\/product"}],"replies":[{"embeddable":true,"href":"https:\/\/mjerna-tehnika.ba\/bs\/index.php?rest_route=%2Fwp%2Fv2%2Fcomments&post=1845"}],"wp:featuredmedia":[{"embeddable":true,"href":"https:\/\/mjerna-tehnika.ba\/bs\/index.php?rest_route=\/wp\/v2\/media\/1847"}],"wp:attachment":[{"href":"https:\/\/mjerna-tehnika.ba\/bs\/index.php?rest_route=%2Fwp%2Fv2%2Fmedia&parent=1845"}],"wp:term":[{"taxonomy":"product_brand","embeddable":true,"href":"https:\/\/mjerna-tehnika.ba\/bs\/index.php?rest_route=%2Fwp%2Fv2%2Fproduct_brand&post=1845"},{"taxonomy":"product_cat","embeddable":true,"href":"https:\/\/mjerna-tehnika.ba\/bs\/index.php?rest_route=%2Fwp%2Fv2%2Fproduct_cat&post=1845"},{"taxonomy":"product_tag","embeddable":true,"href":"https:\/\/mjerna-tehnika.ba\/bs\/index.php?rest_route=%2Fwp%2Fv2%2Fproduct_tag&post=1845"}],"curies":[{"name":"wp","href":"https:\/\/api.w.org\/{rel}","templated":true}]}}