{"id":1842,"date":"2022-04-06T08:56:45","date_gmt":"2022-04-06T08:56:45","guid":{"rendered":"https:\/\/mjerna-tehnika.ba\/bs\/?post_type=product&#038;p=1842"},"modified":"2025-02-03T10:08:52","modified_gmt":"2025-02-03T10:08:52","slug":"mjerac-vlage-za-biomasu-ats-60","status":"publish","type":"product","link":"https:\/\/mjerna-tehnika.ba\/bs\/?product=mjerac-vlage-za-biomasu-ats-60","title":{"rendered":"Mjera\u010d vlage za biomasu ATS 60"},"content":{"rendered":"<p><span style=\"color: #000000;\"><span lang=\"HR\">Vaga za mjerenje vlage u biomasi BTS i ATS\u00a0 za primjenu u industriji i laboratoriju. Idealna za ispitivanje kvalitete. Mjera\u010di vlage ATS i BTS serije\u00a0 mjere brzo i pouzdano vlagu u procentima, suhu masu u procentima. Dva halogenska\u00a0 grija\u010da sa po 100W su dugotrajni i garantuju brzo i jednomjerno su\u0161enje ispitnog objekta. Rukovanje vagom je vrlo jednostavno: potrebno je malu koli\u010dinu uzorka staviti u ure\u0111aj, zatvoriti poklopac, pritisnuti tipku i na kraju o\u010ditati rezultat (vlagu materijala tj. koli\u010dinu suhog materijala). Pored specijalne primjene za analizu vlage ure\u0111aj je mogu\u0107e koristiti i kao vrlo preciznu vagu u miligramima.<\/span><\/span><\/p>\n<p><strong>Materijal uzorka:<\/strong><\/p>\n<p><span style=\"color: #000000;\"><span lang=\"HR\">Sa vagom za mjerenje vlage materijala mogu\u0107e je izmjeriti vlagu najrazli\u010ditijih materijala. sinteti\u010dki granulat, piljevina, pelet, apotekarski prah, blato, vlaknaste tvari, duhan, za\u010dini, \u010daj, \u017eitarice, tjestenina, mlijeko, tekstil, ora\u0161asti plodovi,&#8230; Ovisno o koli\u010dini vlage (ekstremno: blato \/ prah) trajanje procesa mo\u017ee biti du\u017ee ili kra\u0107e, kod ve\u0107ine uzoraka samo par minuta.<\/span><\/span><\/p>\n<ul>\n<li>Te\u017eina uzorka: <span style=\"font-family: Arial; font-size: small;\">max. 60 g<br \/>\n<\/span><\/li>\n<li>Rezolucija: <span style=\"font-family: Arial; font-size: small;\">0,001<\/span><\/li>\n<li>Ta\u010dnost (veli\u010dina uzorka &gt;5 g): <span style=\"font-family: Arial; font-size: small;\">\u00b1 0,01%<\/span><span style=\"font-family: Arial; font-size: small;\"><br \/>\n<\/span><\/li>\n<li><span style=\"font-family: Arial; font-size: small;\">Maximalna temperatura su\u0161enja: 160\u00b0C<\/span><\/li>\n<li><span style=\"font-family: Arial; font-size: small;\">Prikaz grafikona su\u0161enja na display-u<\/span><\/li>\n<li><span style=\"font-family: Arial; font-size: small;\">Halogeni grija\u010di: 2 x 100W 78mm<\/span><\/li>\n<li><span style=\"font-family: Arial; font-size: small;\">Memorija: 20 programa su\u0161enja<\/span><\/li>\n<li><span style=\"font-family: Arial; font-size: small;\">Dimenzije posude za uzorke: f90mm<\/span><\/li>\n<li><strong><span style=\"font-family: Arial; font-size: small;\">U isporuku je uklju\u010den i software<\/span><\/strong><span style=\"font-family: Arial; font-size: small;\"><br \/>\n<\/span><\/li>\n<li><span style=\"font-family: Arial; font-size: small;\">USB interface<\/span>, <span style=\"font-family: Arial; font-size: small;\">RS 232 interface, PS2<br \/>\n<\/span><\/li>\n<\/ul>\n<p>&nbsp;<\/p>\n","protected":false},"excerpt":{"rendered":"<p><span style=\"color: #000000;\"><span lang=\"HR\">Vaga za mjerenje vlage u biomasi BTS . Sa vagom za mjerenje vlage materijala mogu\u0107e je izmjeriti vlagu najrazli\u010ditijih materijala. sinteti\u010dki granulat, piljevina, pelet, apotekarski prah, blato, vlaknaste tvari, duhan, za\u010dini, \u010daj, \u017eitarice, tjestenina, mlijeko, tekstil, ora\u0161asti plodovi,&#8230;<\/span><\/span><\/p>\n<p><a href=\"https:\/\/mjerna-tehnika.ba\/bs\/wp-content\/uploads\/MJERA\u010c-VLAGE_ATS-i-BTS-serije_prevod.pdf\">MJERA\u010c VLAGE_ATS i BTS serije_prevod<\/a><\/p>\n","protected":false},"featured_media":926,"comment_status":"open","ping_status":"closed","template":"","meta":{"_uf_show_specific_survey":0,"_uf_disable_surveys":false},"product_brand":[],"product_cat":[51,52,53],"product_tag":[],"class_list":{"0":"post-1842","1":"product","2":"type-product","3":"status-publish","4":"has-post-thumbnail","6":"product_cat-mjeraci-vlage","7":"product_cat-mjeraci-vlage-za-drvo-piljevinu","8":"product_cat-mjeraci-vlage-za-materijal","10":"first","11":"instock","12":"taxable","13":"shipping-taxable","14":"purchasable","15":"product-type-simple"},"aioseo_notices":[],"_links":{"self":[{"href":"https:\/\/mjerna-tehnika.ba\/bs\/index.php?rest_route=\/wp\/v2\/product\/1842","targetHints":{"allow":["GET"]}}],"collection":[{"href":"https:\/\/mjerna-tehnika.ba\/bs\/index.php?rest_route=\/wp\/v2\/product"}],"about":[{"href":"https:\/\/mjerna-tehnika.ba\/bs\/index.php?rest_route=\/wp\/v2\/types\/product"}],"replies":[{"embeddable":true,"href":"https:\/\/mjerna-tehnika.ba\/bs\/index.php?rest_route=%2Fwp%2Fv2%2Fcomments&post=1842"}],"wp:featuredmedia":[{"embeddable":true,"href":"https:\/\/mjerna-tehnika.ba\/bs\/index.php?rest_route=\/wp\/v2\/media\/926"}],"wp:attachment":[{"href":"https:\/\/mjerna-tehnika.ba\/bs\/index.php?rest_route=%2Fwp%2Fv2%2Fmedia&parent=1842"}],"wp:term":[{"taxonomy":"product_brand","embeddable":true,"href":"https:\/\/mjerna-tehnika.ba\/bs\/index.php?rest_route=%2Fwp%2Fv2%2Fproduct_brand&post=1842"},{"taxonomy":"product_cat","embeddable":true,"href":"https:\/\/mjerna-tehnika.ba\/bs\/index.php?rest_route=%2Fwp%2Fv2%2Fproduct_cat&post=1842"},{"taxonomy":"product_tag","embeddable":true,"href":"https:\/\/mjerna-tehnika.ba\/bs\/index.php?rest_route=%2Fwp%2Fv2%2Fproduct_tag&post=1842"}],"curies":[{"name":"wp","href":"https:\/\/api.w.org\/{rel}","templated":true}]}}