{"id":1835,"date":"2022-04-04T05:56:57","date_gmt":"2022-04-04T05:56:57","guid":{"rendered":"https:\/\/mjerna-tehnika.ba\/bs\/?post_type=product&#038;p=1835"},"modified":"2022-04-04T05:56:58","modified_gmt":"2022-04-04T05:56:58","slug":"multimetar-digitalni-pce-odm-10","status":"publish","type":"product","link":"https:\/\/mjerna-tehnika.ba\/bs\/?product=multimetar-digitalni-pce-odm-10","title":{"rendered":"Multimetar digitalni PCE-ODM 10"},"content":{"rendered":"<p style=\"text-align: center;\"><strong>Digitalni multimetar PCE-ODM 10<\/strong><br \/>\nMultimetar sa OLED displejom \/ mjerenje do 1000 V AC\/DC \/ uklju\u010duju\u0107i Rogowski kalem do 3000 A \/<br \/>\nMjerenje MIN, MAX, relativne i vr\u0161ne vrijednosti \/ IP 67 multimetar<\/p>\n<p>Ovaj digitalni multimetar ima automatski i ru\u010dni odabir mjernog podru\u010dja i dvostruki OLED display. Izmjerene vrijednosti se prikazuju na OLED display-u\u00a0 i na trakastom grafikonu. Izmjerene vrijednosti se mogu lako o\u010ditati, a promjene se mogu brzo prikazati. Digitalni multimetar ima punu ulaznu za\u0161titu i odgovara klasi za\u0161tite CATIII 1000V.<\/p>\n<p>Jednostavan i direktan odabir osnovnih funkcija pomo\u0107u tipki i automatskog izbora mjernog podru\u010dja\u00a0 za: DCV, ACV, DCA, ACA, Ohm, Diodu, Kontinuitet, Kapacitivnost, Frekvenciju i funkciju mjerenja temperature. Digitalni multimetar mjeri napone do 1000 V AC\/DC. Struja se mo\u017ee mjeriti direktno do 10 A AC\/DC i preko Rogowskog zavojnice do 3000 A AC. Ku\u0107i\u0161te digitalnog multimetra je za\u0161ti\u0107eno IP67 i stoga se mo\u017ee savr\u0161eno koristiti u\u00a0 svakodnevnoj industrijskoj upotrebi.<\/p>\n<p>&#8211; OLED display<br \/>\n&#8211; Minimalna i maksimalna vrijednost, vr\u0161ni nivoi<br \/>\n&#8211; Hold funkcija<br \/>\n&#8211; Mjerenje relativne vrednosti<br \/>\n&#8211; Test diode<br \/>\n&#8211; Ispitiva\u010d kontinuiteta<br \/>\n&#8211; automatski odabir mjernog podru\u010dja<br \/>\n&#8211; automatsko isklju\u010divanje<br \/>\n&#8211; U isporuku uklju\u010den Rogowski kalem za 3000 A AC<\/p>\n","protected":false},"excerpt":{"rendered":"<p style=\"text-align: center;\"><strong>Digitalni multimetar PCE-ODM 10<\/strong><br \/>\nMultimetar sa OLED displejom \/ mjerenje do 1000 V AC\/DC \/ uklju\u010duju\u0107i Rogowski kalem do 3000 A \/<br \/>\nMjerenje MIN, MAX, relativne i vr\u0161ne vrijednosti \/ IP 67 multimetar<\/p>\n<p>Ovaj digitalni multimetar ima automatski i ru\u010dni odabir mjernog podru\u010dja i dvostruki OLED display. Izmjerene vrijednosti se prikazuju na OLED display-u\u00a0 i na trakastom grafikonu. Izmjerene vrijednosti se mogu lako o\u010ditati, a promjene se mogu brzo prikazati. Digitalni multimetar ima punu ulaznu za\u0161titu i odgovara klasi za\u0161tite CATIII 1000V.<\/p>\n<p>Jednostavan i direktan odabir osnovnih funkcija pomo\u0107u tipki i automatskog izbora mjernog podru\u010dja\u00a0 za: DCV, ACV, DCA, ACA, Ohm, Diodu, Kontinuitet, Kapacitivnost, Frekvenciju i funkciju mjerenja temperature. Digitalni multimetar mjeri napone do 1000 V AC\/DC. Struja se mo\u017ee mjeriti direktno do 10 A AC\/DC i preko Rogowskog zavojnice do 3000 A AC. Ku\u0107i\u0161te digitalnog multimetra je za\u0161ti\u0107eno IP67 i stoga se mo\u017ee savr\u0161eno koristiti u\u00a0 svakodnevnoj industrijskoj upotrebi.<\/p>\n<p>&#8211; OLED display<br \/>\n&#8211; Minimalna i maksimalna vrijednost, vr\u0161ni nivoi<br \/>\n&#8211; Hold funkcija<br \/>\n&#8211; Mjerenje relativne vrednosti<br \/>\n&#8211; Test diode<br \/>\n&#8211; Ispitiva\u010d kontinuiteta<br \/>\n&#8211; automatski odabir mjernog podru\u010dja<br \/>\n&#8211; automatsko isklju\u010divanje<br \/>\n&#8211; U isporuku uklju\u010den Rogowski kalem za 3000 A AC<\/p>\n<p>Katalog mo\u017eete preuzeti ovdje: <a href=\"https:\/\/mjerna-tehnika.ba\/bs\/wp-content\/uploads\/Multimetar-PCE-ODM-10.pdf\">Multimetar PCE-ODM 10<\/a><\/p>\n","protected":false},"featured_media":1837,"comment_status":"open","ping_status":"closed","template":"","meta":{"_uf_show_specific_survey":0,"_uf_disable_surveys":false},"product_brand":[],"product_cat":[78,79],"product_tag":[],"class_list":{"0":"post-1835","1":"product","2":"type-product","3":"status-publish","4":"has-post-thumbnail","6":"product_cat-elektricna-mjerenja-elektrotehnika","7":"product_cat-multimeteri-digitalni","9":"first","10":"instock","11":"taxable","12":"shipping-taxable","13":"purchasable","14":"product-type-simple"},"aioseo_notices":[],"_links":{"self":[{"href":"https:\/\/mjerna-tehnika.ba\/bs\/index.php?rest_route=\/wp\/v2\/product\/1835","targetHints":{"allow":["GET"]}}],"collection":[{"href":"https:\/\/mjerna-tehnika.ba\/bs\/index.php?rest_route=\/wp\/v2\/product"}],"about":[{"href":"https:\/\/mjerna-tehnika.ba\/bs\/index.php?rest_route=\/wp\/v2\/types\/product"}],"replies":[{"embeddable":true,"href":"https:\/\/mjerna-tehnika.ba\/bs\/index.php?rest_route=%2Fwp%2Fv2%2Fcomments&post=1835"}],"wp:featuredmedia":[{"embeddable":true,"href":"https:\/\/mjerna-tehnika.ba\/bs\/index.php?rest_route=\/wp\/v2\/media\/1837"}],"wp:attachment":[{"href":"https:\/\/mjerna-tehnika.ba\/bs\/index.php?rest_route=%2Fwp%2Fv2%2Fmedia&parent=1835"}],"wp:term":[{"taxonomy":"product_brand","embeddable":true,"href":"https:\/\/mjerna-tehnika.ba\/bs\/index.php?rest_route=%2Fwp%2Fv2%2Fproduct_brand&post=1835"},{"taxonomy":"product_cat","embeddable":true,"href":"https:\/\/mjerna-tehnika.ba\/bs\/index.php?rest_route=%2Fwp%2Fv2%2Fproduct_cat&post=1835"},{"taxonomy":"product_tag","embeddable":true,"href":"https:\/\/mjerna-tehnika.ba\/bs\/index.php?rest_route=%2Fwp%2Fv2%2Fproduct_tag&post=1835"}],"curies":[{"name":"wp","href":"https:\/\/api.w.org\/{rel}","templated":true}]}}