{"id":1821,"date":"2022-02-23T12:36:04","date_gmt":"2022-02-23T12:36:04","guid":{"rendered":"https:\/\/mjerna-tehnika.ba\/bs\/?post_type=product&#038;p=1821"},"modified":"2022-02-23T12:39:45","modified_gmt":"2022-02-23T12:39:45","slug":"vremenska-stanica-elements-35-1158-01-tfa-dostmann","status":"publish","type":"product","link":"https:\/\/mjerna-tehnika.ba\/bs\/?product=vremenska-stanica-elements-35-1158-01-tfa-dostmann","title":{"rendered":"Vremenska stanica Elements, 35.1158.01, TFA Dostmann"},"content":{"rendered":"<p>Be\u017ei\u010dni prijenos vanjske temperature i vla\u017enosti preko vanjskog senzora (maks. 100 m)<br \/>\nIndikacija unutra\u0161nje temperature i vla\u017enosti<br \/>\nAlarm za mraz<br \/>\nVremenska prognoza sa simbolima<br \/>\nAtmosferski pritisak sa trakastim grafikonom za posljednjih 12 sati<br \/>\nMax.-min.-funkcija i strelice trenda za temperaturu, vla\u017enost i atmosferski pritisak<br \/>\nRadio kontrolisani sat sa datumom i radnim danom ispisanim punim slovima<br \/>\nDva vremena alarma i funkcija odgode<br \/>\nFaza mjeseca<br \/>\nSenzorska dugmad<br \/>\nPozadinsko osvetljenje<br \/>\nJasan prikaz<\/p>\n<div id=\"detaljni-opis\" class=\"artikal_detaljniopis_tekst\">\n<p><a title=\"\" href=\"http:\/\/www.amt-metriks.ba\" target=\"\" rel=\"noopener noreferrer\">www.amt-metriks.ba<\/a><\/p>\n<\/div>\n","protected":false},"excerpt":{"rendered":"<p>&nbsp;<\/p>\n<ul>\n<li>Be\u017ei\u010dni prijenos vanjske temperature i vla\u017enosti preko vanjskog senzora (maks. 100 m)<br \/>\nIndikacija unutra\u0161nje temperature i vla\u017enosti<br \/>\nAlarm za mraz<br \/>\nVremenska prognoza sa simbolima<br \/>\nAtmosferski pritisak sa trakastim grafikonom za posljednjih 12 sati<br \/>\nMax.-min.-funkcija i strelice trenda za temperaturu, vla\u017enost i atmosferski pritisak<br \/>\nRadio kontrolisani sat sa datumom i radnim danom ispisanim punim slovima<br \/>\nDva vremena alarma i funkcija odgode<br \/>\nFaza mjeseca<\/li>\n<\/ul>\n<p><a title=\"\" href=\"http:\/\/www.amt-metriks.ba\" target=\"\" rel=\"noopener noreferrer\">www.amt-metriks.ba<\/a><\/p>\n<p>&nbsp;<\/p>\n","protected":false},"featured_media":1822,"comment_status":"open","ping_status":"closed","template":"","meta":{"_uf_show_specific_survey":0,"_uf_disable_surveys":false},"product_brand":[],"product_cat":[43,45],"product_tag":[],"class_list":{"0":"post-1821","1":"product","2":"type-product","3":"status-publish","4":"has-post-thumbnail","6":"product_cat-termohigrometri","7":"product_cat-vremenske-stanice","9":"first","10":"instock","11":"taxable","12":"shipping-taxable","13":"purchasable","14":"product-type-simple"},"aioseo_notices":[],"_links":{"self":[{"href":"https:\/\/mjerna-tehnika.ba\/bs\/index.php?rest_route=\/wp\/v2\/product\/1821","targetHints":{"allow":["GET"]}}],"collection":[{"href":"https:\/\/mjerna-tehnika.ba\/bs\/index.php?rest_route=\/wp\/v2\/product"}],"about":[{"href":"https:\/\/mjerna-tehnika.ba\/bs\/index.php?rest_route=\/wp\/v2\/types\/product"}],"replies":[{"embeddable":true,"href":"https:\/\/mjerna-tehnika.ba\/bs\/index.php?rest_route=%2Fwp%2Fv2%2Fcomments&post=1821"}],"wp:featuredmedia":[{"embeddable":true,"href":"https:\/\/mjerna-tehnika.ba\/bs\/index.php?rest_route=\/wp\/v2\/media\/1822"}],"wp:attachment":[{"href":"https:\/\/mjerna-tehnika.ba\/bs\/index.php?rest_route=%2Fwp%2Fv2%2Fmedia&parent=1821"}],"wp:term":[{"taxonomy":"product_brand","embeddable":true,"href":"https:\/\/mjerna-tehnika.ba\/bs\/index.php?rest_route=%2Fwp%2Fv2%2Fproduct_brand&post=1821"},{"taxonomy":"product_cat","embeddable":true,"href":"https:\/\/mjerna-tehnika.ba\/bs\/index.php?rest_route=%2Fwp%2Fv2%2Fproduct_cat&post=1821"},{"taxonomy":"product_tag","embeddable":true,"href":"https:\/\/mjerna-tehnika.ba\/bs\/index.php?rest_route=%2Fwp%2Fv2%2Fproduct_tag&post=1821"}],"curies":[{"name":"wp","href":"https:\/\/api.w.org\/{rel}","templated":true}]}}