{"id":1814,"date":"2022-02-23T07:15:55","date_gmt":"2022-02-23T07:15:55","guid":{"rendered":"https:\/\/mjerna-tehnika.ba\/bs\/?post_type=product&#038;p=1814"},"modified":"2022-02-23T07:31:27","modified_gmt":"2022-02-23T07:31:27","slug":"mjerac-vlage-hm9-ws5-merlin","status":"publish","type":"product","link":"https:\/\/mjerna-tehnika.ba\/bs\/?product=mjerac-vlage-hm9-ws5-merlin","title":{"rendered":"Mjera\u010d vlage HM9 WS5, Merlin"},"content":{"rendered":"<ul>\n<li>Namijenjen za mjerenje vlage parketa<\/li>\n<li>Raspon gustine 0,175 \u2013 1,075 g\/cm\u00b3<\/li>\n<li>Dubina skeniranja 8 mm (5 mm minimalna debljina)<\/li>\n<li>Te\u017eina 215 g, dimenzije (D x \u0160 x V) 150 x 73 x 23 mm<\/li>\n<li>Opseg mjerenja 2 \u2013 99 %<\/li>\n<li>Radna temperatura 0 \u2013 +40 \u00b0C<\/li>\n<li>Temperatura skladi\u0161tenja -20 \u2013 +60 \u00b0C<\/li>\n<li>Mjerenje bez o\u0161te\u0107enja povr\u0161ine materijala<\/li>\n<li>Programirana 21 drvna grupa<\/li>\n<li>Prikaz vla\u017enosti drveta, suhe gustine, grupe drva i minimuma<br \/>\ndebljina drveta<\/li>\n<li>Automatska kompenzacija temperature<\/li>\n<li>Pogodan i za ivericu<\/li>\n<li>Funkcija samokalibracije<\/li>\n<li>Osvetljenje displeja, automatsko isklju\u010divanje, kontrola baterije<\/li>\n<li>U isporuku uklju\u010deno:\u00a0 torbica, remen za ruku, 4x\u00a0 1,5 V AA baterije, tvorni\u010dki certifikat<\/li>\n<\/ul>\n","protected":false},"excerpt":{"rendered":"<ul>\n<li>Namijenjen za mjerenje vlage parketa<\/li>\n<li>Raspon gustine 0,175 \u2013 1,075 g\/cm\u00b3<\/li>\n<li>Dubina skeniranja 8 mm (5 mm minimalna debljina)<\/li>\n<li>Opseg mjerenja 2 \u2013 99 %<\/li>\n<li>U isporuku uklju\u010deno:\u00a0 torbica, remen za ruku, 4x\u00a0 1,5 V AA baterije, tvorni\u010dki certifikat<\/li>\n<\/ul>\n<p>Download: \u00a0<a href=\"https:\/\/mjerna-tehnika.ba\/bs\/wp-content\/uploads\/Mjerac-vlage-HM9-WS5-Merlin.pdf\">Mjera\u010d vlage HM9 WS5, Merlin<\/a><\/p>\n","protected":false},"featured_media":1817,"comment_status":"open","ping_status":"closed","template":"","meta":{"_uf_show_specific_survey":0,"_uf_disable_surveys":false},"product_brand":[],"product_cat":[51,52,53],"product_tag":[],"class_list":{"0":"post-1814","1":"product","2":"type-product","3":"status-publish","4":"has-post-thumbnail","6":"product_cat-mjeraci-vlage","7":"product_cat-mjeraci-vlage-za-drvo-piljevinu","8":"product_cat-mjeraci-vlage-za-materijal","10":"first","11":"instock","12":"taxable","13":"shipping-taxable","14":"purchasable","15":"product-type-simple"},"aioseo_notices":[],"_links":{"self":[{"href":"https:\/\/mjerna-tehnika.ba\/bs\/index.php?rest_route=\/wp\/v2\/product\/1814","targetHints":{"allow":["GET"]}}],"collection":[{"href":"https:\/\/mjerna-tehnika.ba\/bs\/index.php?rest_route=\/wp\/v2\/product"}],"about":[{"href":"https:\/\/mjerna-tehnika.ba\/bs\/index.php?rest_route=\/wp\/v2\/types\/product"}],"replies":[{"embeddable":true,"href":"https:\/\/mjerna-tehnika.ba\/bs\/index.php?rest_route=%2Fwp%2Fv2%2Fcomments&post=1814"}],"wp:featuredmedia":[{"embeddable":true,"href":"https:\/\/mjerna-tehnika.ba\/bs\/index.php?rest_route=\/wp\/v2\/media\/1817"}],"wp:attachment":[{"href":"https:\/\/mjerna-tehnika.ba\/bs\/index.php?rest_route=%2Fwp%2Fv2%2Fmedia&parent=1814"}],"wp:term":[{"taxonomy":"product_brand","embeddable":true,"href":"https:\/\/mjerna-tehnika.ba\/bs\/index.php?rest_route=%2Fwp%2Fv2%2Fproduct_brand&post=1814"},{"taxonomy":"product_cat","embeddable":true,"href":"https:\/\/mjerna-tehnika.ba\/bs\/index.php?rest_route=%2Fwp%2Fv2%2Fproduct_cat&post=1814"},{"taxonomy":"product_tag","embeddable":true,"href":"https:\/\/mjerna-tehnika.ba\/bs\/index.php?rest_route=%2Fwp%2Fv2%2Fproduct_tag&post=1814"}],"curies":[{"name":"wp","href":"https:\/\/api.w.org\/{rel}","templated":true}]}}