{"id":1790,"date":"2021-10-06T12:12:22","date_gmt":"2021-10-06T12:12:22","guid":{"rendered":"https:\/\/mjerna-tehnika.ba\/bs\/?post_type=product&#038;p=1790"},"modified":"2025-11-13T09:43:10","modified_gmt":"2025-11-13T09:43:10","slug":"ph-tester-za-tlo-zemlju-hi-981030","status":"publish","type":"product","link":"https:\/\/mjerna-tehnika.ba\/bs\/?product=ph-tester-za-tlo-zemlju-hi-981030","title":{"rendered":"pH tester za tlo\/zemlju HI 981030"},"content":{"rendered":"<h3>pH tester za direktna mjerenja u tlu-zemlji<\/h3>\n<p><em>sa specijalizovanom sondom<\/em><\/p>\n<p>HI981030 GroLine pH tester za direktna mjerenja u tlu-zemlji je specifi\u010dno dizajniran pH tester za mjerenje pH tla-zemlje. Ovaj mjera\u010d nudi \u00a0mogu\u0107nost odstranjivanja bilo kakvog za\u010depljenja referentni spoj, \u0161to rezultira du\u017eim vijekom trajanja od standardnih pH testera.<br \/>\n<strong>\u2022 pH Elektroda s zamjenjivim elektrolitom<\/strong><br \/>\nPH elektroda ima vanjsku \u010dahuru koja se mo\u017ee ukloniti i o\u010distiti. Nakon \u010di\u0161\u0107enja, dodaje se mala koli\u010dina dodanog gel elektrolita i spoj se osvje\u017eava, pobolj\u0161avaju\u0107i pH mjerenje i produ\u017euju\u0107i vijek trajanja mjera\u010da.<br \/>\n<strong>\u2022 Konusni vrh<\/strong><br \/>\nOmogu\u0107uva lako prodiranje u vla\u017enu zemlju. Ako ima kamenja ili je tlo o\u010dvrsnuto, tada je najbolje koristiti svrdlo te napravite rupu za umetanje pH elektrode. Ako je tlo<br \/>\nsuho, potrebna je upotreba pro\u010di\u0161\u0107ene vode za vla\u017eenje tla.<br \/>\n<strong>\u2022 PVDF tijelo<\/strong><br \/>\nPoliviniliden fluorid je prehrambena plastika koji je otporana na ve\u0107inu kemikalija i otapala, uklju\u010duju\u0107i natrijev hipoklorit koji se koristi za dezinfekciju. Ima visoku<br \/>\notpornost, mehani\u010dku \u010dvrsto\u0107u i otpornost na ultraljubi\u010dastog zra\u010denja. PVDF tako\u0111er je otporan na rast gljivica.<\/p>\n","protected":false},"excerpt":{"rendered":"<section class=\"elementor-section elementor-inner-section elementor-element elementor-element-10cbedc1 product-row elementor-section-boxed elementor-section-height-default elementor-section-height-default\" data-id=\"10cbedc1\" data-element_type=\"section\">\n<div class=\"elementor-container elementor-column-gap-default\">\n<div class=\"elementor-row\">\n<div class=\"elementor-column elementor-col-50 elementor-inner-column elementor-element elementor-element-2748a19c product-feature\" data-id=\"2748a19c\" data-element_type=\"column\">\n<div class=\"elementor-column-wrap elementor-element-populated\">\n<div class=\"elementor-widget-wrap\">\n<div class=\"elementor-element elementor-element-84ae047 elementor-widget elementor-widget-text-editor\" data-id=\"84ae047\" data-element_type=\"widget\" data-widget_type=\"text-editor.default\">\n<div class=\"elementor-widget-container\">\n<div class=\"elementor-text-editor elementor-clearfix\">\n<p>pH Mjerno podru\u010dje 0.00 do 12.00 pH<\/p>\n<\/div>\n<\/div>\n<\/div>\n<\/div>\n<\/div>\n<\/div>\n<\/div>\n<\/div>\n<\/section>\n<section class=\"elementor-section elementor-inner-section elementor-element elementor-element-1eb6c7ea product-row elementor-section-boxed elementor-section-height-default elementor-section-height-default\" data-id=\"1eb6c7ea\" data-element_type=\"section\">\n<div class=\"elementor-container elementor-column-gap-default\">\n<div class=\"elementor-row\">\n<div class=\"elementor-column elementor-col-50 elementor-inner-column elementor-element elementor-element-366aa1ff product-feature\" data-id=\"366aa1ff\" data-element_type=\"column\">\n<div class=\"elementor-column-wrap\">\n<div class=\"elementor-widget-wrap\">Rezolucija 0.01 pH<\/div>\n<\/div>\n<\/div>\n<\/div>\n<\/div>\n<\/section>\n<section class=\"elementor-section elementor-inner-section elementor-element elementor-element-227b956d product-row elementor-section-boxed elementor-section-height-default elementor-section-height-default\" data-id=\"227b956d\" data-element_type=\"section\">\n<div class=\"elementor-container elementor-column-gap-default\">\n<div class=\"elementor-row\">\n<div class=\"elementor-column elementor-col-50 elementor-inner-column elementor-element elementor-element-56cac14a product-feature\" data-id=\"56cac14a\" data-element_type=\"column\">\n<div class=\"elementor-column-wrap\">\n<div class=\"elementor-widget-wrap\">Ta\u010dnost (@25\u00b0C\/77\u00b0F)\u00a0 \u00b10.05 pH<\/div>\n<\/div>\n<\/div>\n<\/div>\n<\/div>\n<\/section>\n<section class=\"elementor-section elementor-inner-section elementor-element elementor-element-21f4403 product-row elementor-section-boxed elementor-section-height-default elementor-section-height-default\" data-id=\"21f4403\" data-element_type=\"section\">\n<div class=\"elementor-container elementor-column-gap-default\">\n<div class=\"elementor-row\">\n<div class=\"elementor-column elementor-col-50 elementor-inner-column elementor-element elementor-element-18833d4 product-feature\" data-id=\"18833d4\" data-element_type=\"column\">\n<div class=\"elementor-column-wrap\">\n<div class=\"elementor-widget-wrap\">Kalibracija: automatska, jedna ili dvije to\u010dke<\/div>\n<\/div>\n<\/div>\n<\/div>\n<\/div>\n<\/section>\n<section class=\"elementor-section elementor-inner-section elementor-element elementor-element-948a2b6 product-row elementor-section-boxed elementor-section-height-default elementor-section-height-default\" data-id=\"948a2b6\" data-element_type=\"section\">\n<div class=\"elementor-container elementor-column-gap-default\">\n<div class=\"elementor-row\">\n<div class=\"elementor-column elementor-col-50 elementor-inner-column elementor-element elementor-element-59ff8b5 product-feature\" data-id=\"59ff8b5\" data-element_type=\"column\">\n<div class=\"elementor-column-wrap elementor-element-populated\">\n<div class=\"elementor-widget-wrap\">\n<div class=\"elementor-element elementor-element-46a5911 elementor-widget elementor-widget-text-editor\" data-id=\"46a5911\" data-element_type=\"widget\" data-widget_type=\"text-editor.default\">\n<div class=\"elementor-widget-container\">\n<div class=\"elementor-text-editor elementor-clearfix\">\n<p><strong>Dodatne <\/strong><strong>Specifikacije<\/strong><\/p>\n<\/div>\n<\/div>\n<\/div>\n<\/div>\n<\/div>\n<\/div>\n<\/div>\n<\/div>\n<\/section>\n<section class=\"elementor-section elementor-inner-section elementor-element elementor-element-6a285071 product-row elementor-section-boxed elementor-section-height-default elementor-section-height-default\" data-id=\"6a285071\" data-element_type=\"section\">\n<div class=\"elementor-container elementor-column-gap-default\">\n<div class=\"elementor-row\">\n<div class=\"elementor-column elementor-col-50 elementor-inner-column elementor-element elementor-element-35566583 product-data\" data-id=\"35566583\" data-element_type=\"column\">\n<div class=\"elementor-column-wrap elementor-element-populated\">\n<div class=\"elementor-widget-wrap\">\n<div class=\"elementor-element elementor-element-75f79ff1 product-measure elementor-widget elementor-widget-text-editor\" data-id=\"75f79ff1\" data-element_type=\"widget\" data-widget_type=\"text-editor.default\">\n<div class=\"elementor-widget-container\">\n<div class=\"elementor-text-editor elementor-clearfix\">\n<p>Vrsta baterije CR2032 Litijumska \/ cca. 1000 sati neprekidne uporabe<\/p>\n<\/div>\n<\/div>\n<\/div>\n<\/div>\n<\/div>\n<\/div>\n<\/div>\n<\/div>\n<\/section>\n<section class=\"elementor-section elementor-inner-section elementor-element elementor-element-46e4049 product-row elementor-section-boxed elementor-section-height-default elementor-section-height-default\" data-id=\"46e4049\" data-element_type=\"section\">\n<div class=\"elementor-container elementor-column-gap-default\">\n<div class=\"elementor-row\">\n<div class=\"elementor-column elementor-col-50 elementor-inner-column elementor-element elementor-element-7aedb699 product-feature\" data-id=\"7aedb699\" data-element_type=\"column\">\n<div class=\"elementor-column-wrap\">\n<div class=\"elementor-widget-wrap\">Automatsko isklju\u010divanje: 8 minuta, 60 minuta, ili mo\u017ee biti onemogu\u0107eno<\/div>\n<\/div>\n<\/div>\n<\/div>\n<\/div>\n<\/section>\n<section class=\"elementor-section elementor-inner-section elementor-element elementor-element-25aa0c7c product-row elementor-section-boxed elementor-section-height-default elementor-section-height-default\" data-id=\"25aa0c7c\" data-element_type=\"section\">\n<div class=\"elementor-container elementor-column-gap-default\">\n<div class=\"elementor-row\">\n<div class=\"elementor-column elementor-col-50 elementor-inner-column elementor-element elementor-element-643917c6 product-feature\" data-id=\"643917c6\" data-element_type=\"column\">\n<div class=\"elementor-column-wrap\">\n<div class=\"elementor-widget-wrap\">Radni uslovi: 0 do 50\u00b0C (32 to 122\u00b0F); RH 95% maks<\/div>\n<\/div>\n<\/div>\n<\/div>\n<\/div>\n<\/section>\n<section class=\"elementor-section elementor-inner-section elementor-element elementor-element-197430d0 product-row elementor-section-boxed elementor-section-height-default elementor-section-height-default\" data-id=\"197430d0\" data-element_type=\"section\">\n<div class=\"elementor-container elementor-column-gap-default\">\n<div class=\"elementor-row\">\n<div class=\"elementor-column elementor-col-50 elementor-inner-column elementor-element elementor-element-42b72eb5 product-feature\" data-id=\"42b72eb5\" data-element_type=\"column\">\n<div class=\"elementor-column-wrap\">\n<div class=\"elementor-widget-wrap\">Dimenzije: 51 x 151 x 21 mm (2 x 5.9 x 0.9\u201c)<\/div>\n<div>Te\u017eina: 46g<\/div>\n<\/div>\n<\/div>\n<\/div>\n<\/div>\n<\/section>\n<section class=\"elementor-section elementor-inner-section elementor-element elementor-element-195bac88 product-row elementor-section-boxed elementor-section-height-default elementor-section-height-default\" data-id=\"195bac88\" data-element_type=\"section\">\n<div class=\"elementor-container elementor-column-gap-default\">\n<div class=\"elementor-row\">\n<div class=\"elementor-column elementor-col-50 elementor-inner-column elementor-element elementor-element-3b000e6b product-feature\" data-id=\"3b000e6b\" data-element_type=\"column\">\n<div class=\"elementor-column-wrap elementor-element-populated\">\n<div class=\"elementor-widget-wrap\">\n<div class=\"elementor-element elementor-element-351c3117 accent1 elementor-widget elementor-widget-text-editor\" data-id=\"351c3117\" data-element_type=\"widget\" data-widget_type=\"text-editor.default\">\n<div class=\"elementor-widget-container\">\n<div class=\"elementor-text-editor elementor-clearfix\">\n<p>Isporuka uklju\u010duje:<\/p>\n<\/div>\n<\/div>\n<\/div>\n<\/div>\n<\/div>\n<\/div>\n<div class=\"elementor-column elementor-col-50 elementor-inner-column elementor-element elementor-element-49279581 product-data\" data-id=\"49279581\" data-element_type=\"column\">\n<div class=\"elementor-column-wrap elementor-element-populated\">\n<div class=\"elementor-widget-wrap\">\n<div class=\"elementor-element elementor-element-b523285 elementor-widget elementor-widget-text-editor\" data-id=\"b523285\" data-element_type=\"widget\" data-widget_type=\"text-editor.default\">\n<div class=\"elementor-widget-container\">\n<div class=\"elementor-text-editor elementor-clearfix\">\n<p>HI981030 se isporu\u010duje s vre\u0107icama s puferskom otopinom pH 4,01 (2), vre\u0107icama s puferskom otopinom pH 7,01 (2), vre\u0107icama za \u010di\u0161\u0107enje elektrode od naslaga tla(1) i humusa (1), otopinom za \u010duvanje elektrode, gelirani elektrolit, CR2032 3V litijska baterija, certifikatom kvalitete i uputstvom za upotrebu.<\/p>\n<\/div>\n<\/div>\n<\/div>\n<\/div>\n<\/div>\n<\/div>\n<\/div>\n<\/div>\n<\/section>\n<p>&nbsp;<\/p>\n","protected":false},"featured_media":1796,"comment_status":"open","ping_status":"closed","template":"","meta":{"_uf_show_specific_survey":0,"_uf_disable_surveys":false},"product_brand":[],"product_cat":[68],"product_tag":[],"class_list":{"0":"post-1790","1":"product","2":"type-product","3":"status-publish","4":"has-post-thumbnail","6":"product_cat-ph-metri","8":"first","9":"instock","10":"taxable","11":"shipping-taxable","12":"purchasable","13":"product-type-simple"},"aioseo_notices":[],"_links":{"self":[{"href":"https:\/\/mjerna-tehnika.ba\/bs\/index.php?rest_route=\/wp\/v2\/product\/1790","targetHints":{"allow":["GET"]}}],"collection":[{"href":"https:\/\/mjerna-tehnika.ba\/bs\/index.php?rest_route=\/wp\/v2\/product"}],"about":[{"href":"https:\/\/mjerna-tehnika.ba\/bs\/index.php?rest_route=\/wp\/v2\/types\/product"}],"replies":[{"embeddable":true,"href":"https:\/\/mjerna-tehnika.ba\/bs\/index.php?rest_route=%2Fwp%2Fv2%2Fcomments&post=1790"}],"wp:featuredmedia":[{"embeddable":true,"href":"https:\/\/mjerna-tehnika.ba\/bs\/index.php?rest_route=\/wp\/v2\/media\/1796"}],"wp:attachment":[{"href":"https:\/\/mjerna-tehnika.ba\/bs\/index.php?rest_route=%2Fwp%2Fv2%2Fmedia&parent=1790"}],"wp:term":[{"taxonomy":"product_brand","embeddable":true,"href":"https:\/\/mjerna-tehnika.ba\/bs\/index.php?rest_route=%2Fwp%2Fv2%2Fproduct_brand&post=1790"},{"taxonomy":"product_cat","embeddable":true,"href":"https:\/\/mjerna-tehnika.ba\/bs\/index.php?rest_route=%2Fwp%2Fv2%2Fproduct_cat&post=1790"},{"taxonomy":"product_tag","embeddable":true,"href":"https:\/\/mjerna-tehnika.ba\/bs\/index.php?rest_route=%2Fwp%2Fv2%2Fproduct_tag&post=1790"}],"curies":[{"name":"wp","href":"https:\/\/api.w.org\/{rel}","templated":true}]}}