{"id":1764,"date":"2021-08-05T12:31:36","date_gmt":"2021-08-05T12:31:36","guid":{"rendered":"https:\/\/mjerna-tehnika.ba\/bs\/?post_type=product&#038;p=1764"},"modified":"2021-08-05T12:37:54","modified_gmt":"2021-08-05T12:37:54","slug":"termo-higro-anemometar-pce-tha10","status":"publish","type":"product","link":"https:\/\/mjerna-tehnika.ba\/bs\/?product=termo-higro-anemometar-pce-tha10","title":{"rendered":"Termo-higro-anemometar PCE-THA10"},"content":{"rendered":"<p>&nbsp;<\/p>\n<h3 style=\"text-align: center;\">Anemometer PCE-THA 10<\/h3>\n<h4 style=\"text-align: center;\">Anemometar, termohigrometar, ta\u010dka rosi\u0161ta, temperatura vla\u017ene kugle<\/h4>\n<ul>\n<li>Mjerno podru\u010dje temperature: -15 &#8230; +50 \u00b0C<\/li>\n<li>Relativna vlaga: 5 &#8230; 95 % r.V.<\/li>\n<li>Brzina: 0,4 &#8230; 35 m\/s<\/li>\n<li>Protok: 0 &#8230; 9.999 m\u00b3\/s<\/li>\n<li>USB interface<\/li>\n<li>Jednostavno rukovanje<\/li>\n<li>Veliki LCD-Display sa pozadinskim osvjetljenjem<\/li>\n<li>Memorija za 20 jedinica<\/li>\n<li>Temperaturmessbereich: -15 &#8230; +50 \u00b0C<\/li>\n<li>Data-Hold-, Min.\/Max.- i prosje\u010dna vrijednost<\/li>\n<li>Napajanje: 3x AAA-baterije<\/li>\n<li>U isporuku uklju\u010deno: PCE-THA 10, 3x baterije, USB kabal, software, torbica, uputstvo<\/li>\n<\/ul>\n<p>&nbsp;<\/p>\n<p>&nbsp;<\/p>\n","protected":false},"excerpt":{"rendered":"<p>&nbsp;<\/p>\n<h3 style=\"text-align: center;\">Anemometer PCE-THA 10<\/h3>\n<h4 style=\"text-align: center;\">Anemometar, termohigrometar, ta\u010dka rosi\u0161ta, temperatura vla\u017ene kugle<\/h4>\n<ul>\n<li>Mjerno podru\u010dje temperature: -15 &#8230; +50 \u00b0C<\/li>\n<li>Relativna vlaga: 5 &#8230; 95 % r.V.<\/li>\n<li>Brzina: 0,4 &#8230; 35 m\/s<\/li>\n<li>Protok: 0 &#8230; 9.999 m\u00b3\/s<\/li>\n<li>USB interface<\/li>\n<li>Jednostavno rukovanje<\/li>\n<li>Veliki LCD-Display sa pozadinskim osvjetljenjem<\/li>\n<li>Memorija za 20 jedinica<\/li>\n<li>Temperaturmessbereich: -15 &#8230; +50 \u00b0C<\/li>\n<li>Data-Hold-, Min.\/Max.- i prosje\u010dna vrijednost<\/li>\n<li>Napajanje: 3x AAA-baterije<\/li>\n<li>U isporuku uklju\u010deno: PCE-THA 10, 3x baterije, USB kabal, software, torbica, uputstvo<\/li>\n<\/ul>\n<p>Download: <a href=\"https:\/\/mjerna-tehnika.ba\/bs\/wp-content\/uploads\/TERMO-HIGRO-ANEMOMETAR-PCE-THA10.pdf\">TERMO-HIGRO-ANEMOMETAR PCE-THA10<\/a><\/p>\n<p>&nbsp;<\/p>\n","protected":false},"featured_media":1767,"comment_status":"open","ping_status":"closed","template":"","meta":{"_uf_show_specific_survey":0,"_uf_disable_surveys":false},"product_brand":[],"product_cat":[35,43,40,45],"product_tag":[],"class_list":{"0":"post-1764","1":"product","2":"type-product","3":"status-publish","4":"has-post-thumbnail","6":"product_cat-anemometri","7":"product_cat-termohigrometri","8":"product_cat-termometri","9":"product_cat-vremenske-stanice","11":"first","12":"instock","13":"taxable","14":"shipping-taxable","15":"purchasable","16":"product-type-simple"},"aioseo_notices":[],"_links":{"self":[{"href":"https:\/\/mjerna-tehnika.ba\/bs\/index.php?rest_route=\/wp\/v2\/product\/1764","targetHints":{"allow":["GET"]}}],"collection":[{"href":"https:\/\/mjerna-tehnika.ba\/bs\/index.php?rest_route=\/wp\/v2\/product"}],"about":[{"href":"https:\/\/mjerna-tehnika.ba\/bs\/index.php?rest_route=\/wp\/v2\/types\/product"}],"replies":[{"embeddable":true,"href":"https:\/\/mjerna-tehnika.ba\/bs\/index.php?rest_route=%2Fwp%2Fv2%2Fcomments&post=1764"}],"wp:featuredmedia":[{"embeddable":true,"href":"https:\/\/mjerna-tehnika.ba\/bs\/index.php?rest_route=\/wp\/v2\/media\/1767"}],"wp:attachment":[{"href":"https:\/\/mjerna-tehnika.ba\/bs\/index.php?rest_route=%2Fwp%2Fv2%2Fmedia&parent=1764"}],"wp:term":[{"taxonomy":"product_brand","embeddable":true,"href":"https:\/\/mjerna-tehnika.ba\/bs\/index.php?rest_route=%2Fwp%2Fv2%2Fproduct_brand&post=1764"},{"taxonomy":"product_cat","embeddable":true,"href":"https:\/\/mjerna-tehnika.ba\/bs\/index.php?rest_route=%2Fwp%2Fv2%2Fproduct_cat&post=1764"},{"taxonomy":"product_tag","embeddable":true,"href":"https:\/\/mjerna-tehnika.ba\/bs\/index.php?rest_route=%2Fwp%2Fv2%2Fproduct_tag&post=1764"}],"curies":[{"name":"wp","href":"https:\/\/api.w.org\/{rel}","templated":true}]}}