{"id":1711,"date":"2021-01-14T15:25:49","date_gmt":"2021-01-14T15:25:49","guid":{"rendered":"https:\/\/mjerna-tehnika.ba\/bs\/?post_type=product&#038;p=1711"},"modified":"2024-05-15T07:27:39","modified_gmt":"2024-05-15T07:27:39","slug":"endoskop-pce-ve-200","status":"publish","type":"product","link":"https:\/\/mjerna-tehnika.ba\/bs\/?product=endoskop-pce-ve-200","title":{"rendered":"Endoskop PCE- VE 200"},"content":{"rendered":"<p>Endoskop za nerazornu dijagnostiku ma\u0161ine \/<br \/>\nPromjer glave kamere: 4,5 mm \/ 3,5 &#8220;LC zaslon \/ baterija od 2600 mAh \/ du\u017eina kabla 1 m \/<br \/>\n6 bijelih, podesivih LED dioda na glavi kamere \/ utor za\u00a0 za micro SD karticu<br \/>\nVideo boroskop PCE-VE 200 je inspekcijska kamera za mjerenja bez razaranja. Stoga je video boroskop idealan instrument za dijagnosticiranje te\u0161ko dostupnih podru\u010dja. Koristi se u mnogim oblastima.\u00a0 Video endoskop je tako\u0111e pogodan za upotrebu u automobilskoj industriji. Budu\u0107i da ima kabal za kameru du\u017eine jednog metra, mogu\u0107e je koristiti video endoskop na takav na\u010din da u mnogim slu\u010dajevima nije potrebno demontirati ma\u0161ine ili motore. Suprotno tome, to zna\u010di u\u0161tedu vremena i novca.<\/p>\n<p>LED diode na glavi kamere imaju razli\u010dite nivoe osvjetljenja, tako da je mogu\u0107e optimalno osvjetljenje u trenutku ispitivanja. To zna\u010di da ne mo\u017ee do\u0107i do prekomjerne ekspozicije, \u0161to bi dovelo do toga da slika prikazana na displeju vi\u0161e ne bude prepoznatljiva, jer je kamera video endoskopa zaslepljena. Pored osvjetljenja, tu je i funkcija digitalnog uve\u0107anja za trenutni dio slike. Na raspolaganju su vam dvostruko, trostruko ili \u010detverostruko pove\u0107anje. Snimljene slike i video zapisi automatski se spremaju na micro SD karticu. To zna\u010di da mo\u017eete analizirati slike iz video endoskopa<\/p>\n<p>&#8211; Promjer kabla 4,5 mm<br \/>\n&#8211; Display 3,5 &#8221;<br \/>\n&#8211; Osvjetljenje podesivo na glavi kamere<br \/>\n&#8211; Baterija od 2600 mAh<br \/>\n&#8211; Du\u017eina kabela 1 m<br \/>\n&#8211; Utor za mikro SD karticu<\/p>\n","protected":false},"excerpt":{"rendered":"<p>Videoskop PCE-VE 200<br \/>\n&#8211; Promjer kabla 4,5 mm<br \/>\n&#8211; Display 3,5 &#8221;<br \/>\n&#8211; Osvjetljenje podesivo na glavi kamere<br \/>\n&#8211; Baterija od 2600 mAh<br \/>\n&#8211; Du\u017eina kabela 1 m<br \/>\n&#8211; Utor za mikro SD karticu<\/p>\n<p>Katalog: <a href=\"https:\/\/mjerna-tehnika.ba\/bs\/wp-content\/uploads\/ENDOSKOP-PCE-VE200.pdf\">ENDOSKOP PCE-VE200<\/a><\/p>\n","protected":false},"featured_media":1603,"comment_status":"open","ping_status":"closed","template":"","meta":{"_uf_show_specific_survey":0,"_uf_disable_surveys":false},"product_brand":[],"product_cat":[96],"product_tag":[],"class_list":{"0":"post-1711","1":"product","2":"type-product","3":"status-publish","4":"has-post-thumbnail","6":"product_cat-endoskopi","8":"first","9":"instock","10":"taxable","11":"shipping-taxable","12":"purchasable","13":"product-type-simple"},"aioseo_notices":[],"_links":{"self":[{"href":"https:\/\/mjerna-tehnika.ba\/bs\/index.php?rest_route=\/wp\/v2\/product\/1711","targetHints":{"allow":["GET"]}}],"collection":[{"href":"https:\/\/mjerna-tehnika.ba\/bs\/index.php?rest_route=\/wp\/v2\/product"}],"about":[{"href":"https:\/\/mjerna-tehnika.ba\/bs\/index.php?rest_route=\/wp\/v2\/types\/product"}],"replies":[{"embeddable":true,"href":"https:\/\/mjerna-tehnika.ba\/bs\/index.php?rest_route=%2Fwp%2Fv2%2Fcomments&post=1711"}],"wp:featuredmedia":[{"embeddable":true,"href":"https:\/\/mjerna-tehnika.ba\/bs\/index.php?rest_route=\/wp\/v2\/media\/1603"}],"wp:attachment":[{"href":"https:\/\/mjerna-tehnika.ba\/bs\/index.php?rest_route=%2Fwp%2Fv2%2Fmedia&parent=1711"}],"wp:term":[{"taxonomy":"product_brand","embeddable":true,"href":"https:\/\/mjerna-tehnika.ba\/bs\/index.php?rest_route=%2Fwp%2Fv2%2Fproduct_brand&post=1711"},{"taxonomy":"product_cat","embeddable":true,"href":"https:\/\/mjerna-tehnika.ba\/bs\/index.php?rest_route=%2Fwp%2Fv2%2Fproduct_cat&post=1711"},{"taxonomy":"product_tag","embeddable":true,"href":"https:\/\/mjerna-tehnika.ba\/bs\/index.php?rest_route=%2Fwp%2Fv2%2Fproduct_tag&post=1711"}],"curies":[{"name":"wp","href":"https:\/\/api.w.org\/{rel}","templated":true}]}}