{"id":1699,"date":"2020-12-18T14:32:06","date_gmt":"2020-12-18T14:32:06","guid":{"rendered":"https:\/\/mjerna-tehnika.ba\/bs\/?post_type=product&#038;p=1699"},"modified":"2024-11-13T09:46:59","modified_gmt":"2024-11-13T09:46:59","slug":"mjerac-vlage-za-zitarice-pce-gmm-10","status":"publish","type":"product","link":"https:\/\/mjerna-tehnika.ba\/bs\/?product=mjerac-vlage-za-zitarice-pce-gmm-10","title":{"rendered":"Mjera\u010d vlage za \u017eitarice PCE-GMM 10"},"content":{"rendered":"<p>&nbsp;<\/p>\n<p>Mjera\u010d vlage PCE-GMM 10 je kompaktni\u00a0 mjera\u010d vlage za do 15 razli\u010ditih vrsta \u017eitarica. Ovaj mjera\u010d vlage zrna va\u017eno je pomagalo u mlinovima, skladi\u0161tima \u017eitarica ili u preradi \u017eita i mahunarki. Mjera\u010d vlage zrna poma\u017ee u za\u0161titi rasute robe od kvarenja uslijed prekomjerne vlage prije skladi\u0161tenja, prerade ili kupovie i prodaje.<\/p>\n<p>Mjera\u010d vlage zrna treba samo vrlo mali volumen uzorka za mjerenje sadr\u017eaja vlage. Vla\u017enost zrna u kratkom \u0107e se vremenu prikazati na display-u. Mjera\u010dem vlage zrna upravlja se pomo\u0107u 4 tipke.\u00a0 Zbog malih dimenzija pogodana je za mjerenja na terenu. \u017ditarice: P\u0161enica, kukuruz, japonica ri\u017ea, indijska ri\u017ea, soja, ri\u017ea, sirak, repica, proso, kikiriki, je\u010dam, sjemenke suncokreta, zrna kafe, kakao u zrnu, sjeme sezama<\/p>\n<p>&#8211; Mala koli\u010dina uzorka<br \/>\n&#8211; Za 15 vrsta \u017eita<br \/>\n&#8211; Opcija pode\u0161avanja<br \/>\n&#8211; Temperaturna kompenzacija<br \/>\n&#8211; Lako rukovanje<br \/>\n&#8211; Grafi\u010dki prikaz<\/p>\n<p>&nbsp;<\/p>\n","protected":false},"excerpt":{"rendered":"<p>Mjera\u010d vlage PCE-GMM 10 je kompaktni\u00a0 mjera\u010d vlage za do 15 razli\u010ditih vrsta \u017eitarica. Ovaj mjera\u010d vlage zrna va\u017eno je pomagalo u mlinovima, skladi\u0161tima \u017eitarica ili u preradi \u017eita i mahunarki. Mjera\u010d vlage zrna poma\u017ee u za\u0161titi rasute robe od kvarenja uslijed prekomjerne vlage prije skladi\u0161tenja, prerade ili kupovie i prodaje.<\/p>\n<p>\u017ditarice: P\u0161enica, kukuruz, japonica ri\u017ea, indijska ri\u017ea, soja, ri\u017ea, sirak, repica, proso, kikiriki, je\u010dam, sjemenke suncokreta, zrna kafe, kakao u zrnu, sjeme sezama<\/p>\n<p>Download: <a href=\"https:\/\/mjerna-tehnika.ba\/bs\/wp-content\/uploads\/Mjerac-vlage-za-zitarice-PCE-GMM10.pdf\">Mjera\u010d vlage za \u017eitarice PCE-GMM10<\/a><\/p>\n","protected":false},"featured_media":1701,"comment_status":"open","ping_status":"closed","template":"","meta":{"_uf_show_specific_survey":0,"_uf_disable_surveys":false},"product_brand":[],"product_cat":[51,53],"product_tag":[],"class_list":{"0":"post-1699","1":"product","2":"type-product","3":"status-publish","4":"has-post-thumbnail","6":"product_cat-mjeraci-vlage","7":"product_cat-mjeraci-vlage-za-materijal","9":"first","10":"instock","11":"taxable","12":"shipping-taxable","13":"purchasable","14":"product-type-simple"},"aioseo_notices":[],"_links":{"self":[{"href":"https:\/\/mjerna-tehnika.ba\/bs\/index.php?rest_route=\/wp\/v2\/product\/1699","targetHints":{"allow":["GET"]}}],"collection":[{"href":"https:\/\/mjerna-tehnika.ba\/bs\/index.php?rest_route=\/wp\/v2\/product"}],"about":[{"href":"https:\/\/mjerna-tehnika.ba\/bs\/index.php?rest_route=\/wp\/v2\/types\/product"}],"replies":[{"embeddable":true,"href":"https:\/\/mjerna-tehnika.ba\/bs\/index.php?rest_route=%2Fwp%2Fv2%2Fcomments&post=1699"}],"wp:featuredmedia":[{"embeddable":true,"href":"https:\/\/mjerna-tehnika.ba\/bs\/index.php?rest_route=\/wp\/v2\/media\/1701"}],"wp:attachment":[{"href":"https:\/\/mjerna-tehnika.ba\/bs\/index.php?rest_route=%2Fwp%2Fv2%2Fmedia&parent=1699"}],"wp:term":[{"taxonomy":"product_brand","embeddable":true,"href":"https:\/\/mjerna-tehnika.ba\/bs\/index.php?rest_route=%2Fwp%2Fv2%2Fproduct_brand&post=1699"},{"taxonomy":"product_cat","embeddable":true,"href":"https:\/\/mjerna-tehnika.ba\/bs\/index.php?rest_route=%2Fwp%2Fv2%2Fproduct_cat&post=1699"},{"taxonomy":"product_tag","embeddable":true,"href":"https:\/\/mjerna-tehnika.ba\/bs\/index.php?rest_route=%2Fwp%2Fv2%2Fproduct_tag&post=1699"}],"curies":[{"name":"wp","href":"https:\/\/api.w.org\/{rel}","templated":true}]}}