{"id":1691,"date":"2020-12-18T13:58:59","date_gmt":"2020-12-18T13:58:59","guid":{"rendered":"https:\/\/mjerna-tehnika.ba\/bs\/?post_type=product&#038;p=1691"},"modified":"2023-03-21T09:17:37","modified_gmt":"2023-03-21T09:17:37","slug":"vremenska-stanica-sheraton-45-3004-01","status":"publish","type":"product","link":"https:\/\/mjerna-tehnika.ba\/bs\/?product=vremenska-stanica-sheraton-45-3004-01","title":{"rendered":"Vremenska stanica Sheraton, 45.3004.01"},"content":{"rendered":"<ul>\n<li id=\"detaljni-opis\" class=\"artikal_detaljniopis_tekst\">Proizvedeno u Njema\u010dkoj<\/li>\n<li class=\"artikal_detaljniopis_tekst\">Meteorolo\u0161ka stanica izra\u0111ena od drveta u klasi\u010dnom Sheraton stilu<\/li>\n<li class=\"artikal_detaljniopis_tekst\">S barometrom, termometrom, higrometrom i satom<\/li>\n<li class=\"artikal_detaljniopis_tekst\">Barometar za lokalnu vremensku prognozu<\/li>\n<li class=\"artikal_detaljniopis_tekst\">Pra\u0107enje sobne temperature i vla\u017enosti<\/li>\n<li class=\"artikal_detaljniopis_tekst\">Dimenzije: (L) 155 x (B) 45 x (H) 602 mm<\/li>\n<li class=\"artikal_detaljniopis_tekst\">Te\u017eina: 800g<br \/>\n<a href=\"http:\/\/www.amt-metriks.ba\/cms\/index.php?prodajni-program\">www.amt-metriks.ba<\/a><\/li>\n<\/ul>\n","protected":false},"excerpt":{"rendered":"<p>&nbsp;<\/p>\n<p>Volite li tradicionalni,\u00a0 bezvremenski i ekskluzivni dizajn? Tada \u0107e se ova drvena meteorolo\u0161ka stanica u klasi\u010dnom Sheraton stilu dobro uklopiti u va\u0161\u00a0 interijer.<br \/>\nSastoji se od barometra, termometra, higrometra i kvarcnog sata.<br \/>\nBarometar mjeri pritisak zraka i omogu\u0107uva vam izradu lokalne vremenske prognoze. Iako se vrijeme pobolj\u0161ava s porastom tlaka zraka, pad tlaka zraka zna\u010di da biste trebali o\u010dekivati lo\u0161ije vrijeme. Kontrolom unutra\u0161nje temperature i vla\u017enosti zraka mo\u017eete stvoriti ugodnu i zdravu klimu u sobi i u\u0161tedjeti na tro\u0161kovima grijanja.<br \/>\nStanica je u potpunosti proizvedena u Njema\u010dkoj.<\/p>\n<p>Download:\u00a0 <a href=\"https:\/\/mjerna-tehnika.ba\/bs\/wp-content\/uploads\/Vremenske-stanice-Sheraton_45.3004.01.pdf\">Vremenske stanice Sheraton_45.3004.01<\/a><\/p>\n<p><a title=\"\" href=\"http:\/\/www.amt-metriks.ba\" target=\"\" rel=\"noopener noreferrer\">www.amt-metriks.ba<\/a><\/p>\n<p>&nbsp;<\/p>\n","protected":false},"featured_media":1692,"comment_status":"open","ping_status":"closed","template":"","meta":{"_uf_show_specific_survey":0,"_uf_disable_surveys":false},"product_brand":[],"product_cat":[51,43,40,45],"product_tag":[],"class_list":{"0":"post-1691","1":"product","2":"type-product","3":"status-publish","4":"has-post-thumbnail","6":"product_cat-mjeraci-vlage","7":"product_cat-termohigrometri","8":"product_cat-termometri","9":"product_cat-vremenske-stanice","11":"first","12":"instock","13":"downloadable","14":"taxable","15":"shipping-taxable","16":"purchasable","17":"product-type-simple"},"aioseo_notices":[],"_links":{"self":[{"href":"https:\/\/mjerna-tehnika.ba\/bs\/index.php?rest_route=\/wp\/v2\/product\/1691","targetHints":{"allow":["GET"]}}],"collection":[{"href":"https:\/\/mjerna-tehnika.ba\/bs\/index.php?rest_route=\/wp\/v2\/product"}],"about":[{"href":"https:\/\/mjerna-tehnika.ba\/bs\/index.php?rest_route=\/wp\/v2\/types\/product"}],"replies":[{"embeddable":true,"href":"https:\/\/mjerna-tehnika.ba\/bs\/index.php?rest_route=%2Fwp%2Fv2%2Fcomments&post=1691"}],"wp:featuredmedia":[{"embeddable":true,"href":"https:\/\/mjerna-tehnika.ba\/bs\/index.php?rest_route=\/wp\/v2\/media\/1692"}],"wp:attachment":[{"href":"https:\/\/mjerna-tehnika.ba\/bs\/index.php?rest_route=%2Fwp%2Fv2%2Fmedia&parent=1691"}],"wp:term":[{"taxonomy":"product_brand","embeddable":true,"href":"https:\/\/mjerna-tehnika.ba\/bs\/index.php?rest_route=%2Fwp%2Fv2%2Fproduct_brand&post=1691"},{"taxonomy":"product_cat","embeddable":true,"href":"https:\/\/mjerna-tehnika.ba\/bs\/index.php?rest_route=%2Fwp%2Fv2%2Fproduct_cat&post=1691"},{"taxonomy":"product_tag","embeddable":true,"href":"https:\/\/mjerna-tehnika.ba\/bs\/index.php?rest_route=%2Fwp%2Fv2%2Fproduct_tag&post=1691"}],"curies":[{"name":"wp","href":"https:\/\/api.w.org\/{rel}","templated":true}]}}