{"id":1683,"date":"2020-12-18T11:47:00","date_gmt":"2020-12-18T11:47:00","guid":{"rendered":"https:\/\/mjerna-tehnika.ba\/bs\/?post_type=product&#038;p=1683"},"modified":"2020-12-18T11:56:48","modified_gmt":"2020-12-18T11:56:48","slug":"dig-ubodni-termometar-sa-dugom-sondom-tfa-30-1058-02","status":"publish","type":"product","link":"https:\/\/mjerna-tehnika.ba\/bs\/?product=dig-ubodni-termometar-sa-dugom-sondom-tfa-30-1058-02","title":{"rendered":"Dig. ubodni termometar sa dugom sondom TFA, 30.1058.02"},"content":{"rendered":"<p align=\"justify\">Ubodni termometar\u00a0 predstavlja digitalni ru\u010dni mjera\u010d temperature u prehrambenom sektoru, za mjerenje temperature mesa, kobasica, sira, paradajza i sl., Tako\u0111e mo\u017eete mjeriti temperaturu i u te\u010dnostima. Posjeduje extra dugu sondu du\u017eine 300 mm\u00a0 od nehr\u0111aju\u0107eg \u010delika. Ubodni termometar\u00a0 je veoma lagan za rukovanje, malih dimenzija i sa kratkim vremenom odziva. Ubodni termometar se koristi prete\u017eno u prehrambenoj industriji, pivarama, laboratorijama za brzo i jednostavno mjerenje i kontrolu temperature. Kontaktni termometar se isporu\u010duje sa za\u0161titom za sondu i baterijom.<\/p>\n<ul class=\"list-features\">\n<li>Sa extra dugom sondom (300 mm)<\/li>\n<li>ON-\/OFF switch,<\/li>\n<li>Hold-, max.-min.-funkcija<\/li>\n<li>T90 mjerno vrijeme cca\u00a0 8 sec.<\/li>\n<li>Automatso isklju\u010divanje nakon du\u017eeg perioda nekori\u0161tenja<\/li>\n<li>Mo\u017ee se kalibrisati<\/li>\n<li>Ta\u010dnost \u00b10.5\u00b0C\/1\u00b0F (od -10\u2026+100\u00b0C\/+14&#8230;+212\u00b0F), \u00b12\u00b0C\/4\u00b0F (od +200\u2026+250\u00b0C\/+392&#8230;+482\u00b0F), otherwise \u00b11\u00b0C\/2\u00b0F<\/li>\n<li>Za\u0161tita IP67<\/li>\n<li>Prema EN 13485<\/li>\n<\/ul>\n<p>&nbsp;<\/p>\n","protected":false},"excerpt":{"rendered":"<ul>\n<li>Mjerno podru\u010dje: -40 do +250 \u00baC<\/li>\n<li>Ta\u010dnost: 0,5 \u00baC u podru\u010dju od -10&#8230;100 \u00baC<\/li>\n<li>Du\u017eina sonde 300mm<\/li>\n<li>IP 67 za\u0161tita<\/li>\n<li>Max., min., i Hold funkcije<\/li>\n<li>Dimenzije: (L) 24 x (B) 19 x (H) 400 mm, 27g, baterija 1&#215;1,5V LR44<\/li>\n<li>Isporuka uklj. bateriju i za\u0161titni poklopac za senzor<\/li>\n<\/ul>\n<p>Download:<\/p>\n<p><a href=\"https:\/\/mjerna-tehnika.ba\/bs\/wp-content\/uploads\/Termometar-ubodni-TFA_30.1018_30.1040_30.1058.02.pdf\">Termometar ubodni TFA_30.1018_30.1040_30.1058.02<\/a><\/p>\n<p>&nbsp;<\/p>\n","protected":false},"featured_media":1684,"comment_status":"open","ping_status":"closed","template":"","meta":{"_uf_show_specific_survey":0,"_uf_disable_surveys":false},"product_brand":[],"product_cat":[50,40],"product_tag":[],"class_list":{"0":"post-1683","1":"product","2":"type-product","3":"status-publish","4":"has-post-thumbnail","6":"product_cat-kontaktni-termometari","7":"product_cat-termometri","9":"first","10":"instock","11":"taxable","12":"shipping-taxable","13":"purchasable","14":"product-type-simple"},"aioseo_notices":[],"_links":{"self":[{"href":"https:\/\/mjerna-tehnika.ba\/bs\/index.php?rest_route=\/wp\/v2\/product\/1683","targetHints":{"allow":["GET"]}}],"collection":[{"href":"https:\/\/mjerna-tehnika.ba\/bs\/index.php?rest_route=\/wp\/v2\/product"}],"about":[{"href":"https:\/\/mjerna-tehnika.ba\/bs\/index.php?rest_route=\/wp\/v2\/types\/product"}],"replies":[{"embeddable":true,"href":"https:\/\/mjerna-tehnika.ba\/bs\/index.php?rest_route=%2Fwp%2Fv2%2Fcomments&post=1683"}],"wp:featuredmedia":[{"embeddable":true,"href":"https:\/\/mjerna-tehnika.ba\/bs\/index.php?rest_route=\/wp\/v2\/media\/1684"}],"wp:attachment":[{"href":"https:\/\/mjerna-tehnika.ba\/bs\/index.php?rest_route=%2Fwp%2Fv2%2Fmedia&parent=1683"}],"wp:term":[{"taxonomy":"product_brand","embeddable":true,"href":"https:\/\/mjerna-tehnika.ba\/bs\/index.php?rest_route=%2Fwp%2Fv2%2Fproduct_brand&post=1683"},{"taxonomy":"product_cat","embeddable":true,"href":"https:\/\/mjerna-tehnika.ba\/bs\/index.php?rest_route=%2Fwp%2Fv2%2Fproduct_cat&post=1683"},{"taxonomy":"product_tag","embeddable":true,"href":"https:\/\/mjerna-tehnika.ba\/bs\/index.php?rest_route=%2Fwp%2Fv2%2Fproduct_tag&post=1683"}],"curies":[{"name":"wp","href":"https:\/\/api.w.org\/{rel}","templated":true}]}}