{"id":1661,"date":"2020-09-15T08:50:56","date_gmt":"2020-09-15T08:50:56","guid":{"rendered":"https:\/\/mjerna-tehnika.ba\/bs\/?post_type=product&#038;p=1661"},"modified":"2023-04-04T13:26:09","modified_gmt":"2023-04-04T13:26:09","slug":"ph-vodljivost-salinitet-temperatura-hi-9812-5","status":"publish","type":"product","link":"https:\/\/mjerna-tehnika.ba\/bs\/?product=ph-vodljivost-salinitet-temperatura-hi-9812-5","title":{"rendered":"pH\/vodljivost\/salinitet\/temperatura HI 9812-5"},"content":{"rendered":"<table id=\"product-attribute-specs-table-1\" class=\"data-table\">\n<tbody>\n<tr class=\"first odd\">\n<th class=\"label\">pH mjerno podru\u010dje<\/th>\n<td class=\"data last\">0.00 to 14.00 pH<\/td>\n<\/tr>\n<tr class=\"even\">\n<th class=\"label\">pH rezolucija<\/th>\n<td class=\"data last\">0.1 pH<\/td>\n<\/tr>\n<tr class=\"odd\">\n<th class=\"label\">pH ta\u010dnost<\/th>\n<td class=\"data last\">\u00b10.1 pH<\/td>\n<\/tr>\n<tr class=\"even\">\n<th class=\"label\">Vodljivost<\/th>\n<td class=\"data last\">0 to 1990 \u00b5S\/cm<\/td>\n<\/tr>\n<tr class=\"odd\">\n<th class=\"label\">Vodljivost rezolucija<\/th>\n<td class=\"data last\">10 \u00b5S\/cm<\/td>\n<\/tr>\n<tr class=\"even\">\n<th class=\"label\">Vodljivost ta\u010dnost<\/th>\n<td class=\"data last\">\u00b12% F.S.<\/td>\n<\/tr>\n<tr class=\"odd\">\n<th class=\"label\">TDS mjerno podru\u010dje<\/th>\n<td class=\"data last\">0 to 1990 ppm (mg\/L)<\/td>\n<\/tr>\n<tr class=\"even\">\n<th class=\"label\">TDS rezolucija<\/th>\n<td class=\"data last\">10 ppm (mg\/L)<\/td>\n<\/tr>\n<tr class=\"odd\">\n<th class=\"label\">TDS ta\u010dnost<\/th>\n<td class=\"data last\">\u00b12% F.S.<\/td>\n<\/tr>\n<tr class=\"even\">\n<th class=\"label\">Temperaturno podru\u010dje<\/th>\n<td class=\"data last\">0.0 to 60.0\u00b0C \/ 32.0 to 140.0\u00b0F<\/td>\n<\/tr>\n<tr class=\"odd\">\n<th class=\"label\">Temperatura rezolucija<\/th>\n<td class=\"data last\">1\u00b0C \/ 0.1\u00b0F<\/td>\n<\/tr>\n<tr class=\"even\">\n<th class=\"label\">Temperatura ta\u010dnost<\/th>\n<td class=\"data last\">\u00b10.5\u00b0C \/\u00b11\u00b0F<\/td>\n<\/tr>\n<tr class=\"odd\">\n<th class=\"label\">EC\/TDS kalibracija<\/th>\n<td class=\"data last\">manuelna, jedna ta\u010dka<\/td>\n<\/tr>\n<tr class=\"even\">\n<th class=\"label\">pH kalibracija<\/th>\n<td class=\"data last\">manuelna, jedna ta\u010dka<\/td>\n<\/tr>\n<tr class=\"odd\">\n<th class=\"label\">Temperatura kompenzacija<\/th>\n<td class=\"data last\">automatska<\/td>\n<\/tr>\n<tr class=\"even\">\n<th class=\"label\"><\/th>\n<td class=\"data last\"><\/td>\n<\/tr>\n<tr class=\"odd\">\n<th class=\"label\">pH Electrode<\/th>\n<td class=\"data last\">HI 1285-5, multiparametarska, DIN, 1 m kabal<\/td>\n<\/tr>\n<tr class=\"even\">\n<th class=\"label\">Baterija<\/th>\n<td class=\"data last\">1 x 9V, cca 150 sati kontinuiranog rada<\/td>\n<\/tr>\n<tr class=\"odd\">\n<th class=\"label\">Okru\u017eenje<\/th>\n<td class=\"data last\">0 to 50\u00b0C (32 to 122\u00b0F); RV max 100%<\/td>\n<\/tr>\n<tr class=\"even\">\n<th class=\"label\">Dimenzije<\/th>\n<td class=\"data last\">145 x\u00a080 x\u00a036 mm<\/td>\n<\/tr>\n<tr class=\"odd\">\n<th class=\"label\">Te\u017eina<\/th>\n<td class=\"data last\">230 g<\/td>\n<\/tr>\n<tr class=\"last even\">\n<th class=\"label\">Isporuka uklju\u010duje<\/th>\n<td class=\"data last\">HI9812-5 s multiparametarskom sondom HI1285-5, HI70007 Kalibrierl\u00f6sung pH 7,01 (1 Beutel), HI70032 1382 mg\/L (ppm), TDS-Kalibrierl\u00f6sung (1 Beutel), HI70031 1413 \u00b5S\/cm Leitf\u00e4higkeitskalibrierl\u00f6sung (1 Beutel), HI70661 Elektrodenreinigungsl\u00f6sung (2 Beutel) , 9-V-Batterie und Bedinungsanleitung im stabilen Koffer geliefert.<\/td>\n<\/tr>\n<\/tbody>\n<\/table>\n","protected":false},"excerpt":{"rendered":"<p><span id=\"result_box\" class=\"\" lang=\"bs\"> Mjera\u010d pH, vodljivosti, TDS i temperature <span class=\"\">HI9812-5<\/span> \u010dini mjerenje\u00a0 brzo i lako! Ovaj lagani, vodootporni mjera\u010d nudi visoku <span class=\"\">ta\u010dnost<\/span> pH, mali opseg EC \/ TDS (od 0 do 1990 uS \/cm EC i 0-1990 ppm TDS), kao i mjerenje temperature i to sve u jednom ure\u0111aju.<br \/>\n<\/span><\/p>\n<p>Download: <a href=\"https:\/\/mjerna-tehnika.ba\/bs\/wp-content\/uploads\/HI9811-5_HI9812-5-pH_EC_TDS_C_metar.pdf\">HI9811-5_HI9812-5 pH_EC_TDS_C_metar<\/a><\/p>\n","protected":false},"featured_media":1662,"comment_status":"open","ping_status":"closed","template":"","meta":{"_uf_show_specific_survey":0,"_uf_disable_surveys":false},"product_brand":[],"product_cat":[70,69,68],"product_tag":[],"class_list":{"0":"post-1661","1":"product","2":"type-product","3":"status-publish","4":"has-post-thumbnail","6":"product_cat-mjeraci-saliniteta-tds","7":"product_cat-mjeraci-vodljivosti-konduktivnosti","8":"product_cat-ph-metri","10":"first","11":"instock","12":"taxable","13":"shipping-taxable","14":"purchasable","15":"product-type-simple"},"aioseo_notices":[],"_links":{"self":[{"href":"https:\/\/mjerna-tehnika.ba\/bs\/index.php?rest_route=\/wp\/v2\/product\/1661","targetHints":{"allow":["GET"]}}],"collection":[{"href":"https:\/\/mjerna-tehnika.ba\/bs\/index.php?rest_route=\/wp\/v2\/product"}],"about":[{"href":"https:\/\/mjerna-tehnika.ba\/bs\/index.php?rest_route=\/wp\/v2\/types\/product"}],"replies":[{"embeddable":true,"href":"https:\/\/mjerna-tehnika.ba\/bs\/index.php?rest_route=%2Fwp%2Fv2%2Fcomments&post=1661"}],"wp:featuredmedia":[{"embeddable":true,"href":"https:\/\/mjerna-tehnika.ba\/bs\/index.php?rest_route=\/wp\/v2\/media\/1662"}],"wp:attachment":[{"href":"https:\/\/mjerna-tehnika.ba\/bs\/index.php?rest_route=%2Fwp%2Fv2%2Fmedia&parent=1661"}],"wp:term":[{"taxonomy":"product_brand","embeddable":true,"href":"https:\/\/mjerna-tehnika.ba\/bs\/index.php?rest_route=%2Fwp%2Fv2%2Fproduct_brand&post=1661"},{"taxonomy":"product_cat","embeddable":true,"href":"https:\/\/mjerna-tehnika.ba\/bs\/index.php?rest_route=%2Fwp%2Fv2%2Fproduct_cat&post=1661"},{"taxonomy":"product_tag","embeddable":true,"href":"https:\/\/mjerna-tehnika.ba\/bs\/index.php?rest_route=%2Fwp%2Fv2%2Fproduct_tag&post=1661"}],"curies":[{"name":"wp","href":"https:\/\/api.w.org\/{rel}","templated":true}]}}