{"id":1650,"date":"2020-07-12T11:12:02","date_gmt":"2020-07-12T11:12:02","guid":{"rendered":"https:\/\/mjerna-tehnika.ba\/bs\/?post_type=product&#038;p=1650"},"modified":"2020-11-18T09:55:44","modified_gmt":"2020-11-18T09:55:44","slug":"termometar-sa-sondom-p300-dostmann","status":"publish","type":"product","link":"https:\/\/mjerna-tehnika.ba\/bs\/?product=termometar-sa-sondom-p300-dostmann","title":{"rendered":"Termometar sa sondom P300, Dostmann"},"content":{"rendered":"<p>Digitalni ubodni termometar P300 katalo\u0161ki broj 31.1020\u00a0 idealan je za profesionalnu kontrolu temperature te\u010dnih, tvari nalik na paste i polu\u010dvrstih tvari.<br \/>\nMjeri brzo i precizno i univerzalno je upotrebljiv.<br \/>\nTermometar je u skladu s HACCP i EN 13485 i dobro je prilago\u0111en za profesionalnu upotrebu u industriji, trgovini, laboratoriji,&#8230;<br \/>\nSenzor od nehr\u0111aju\u0107eg \u010delika je povezan sa\u00a0 kablom du\u017eine cca 120 cm. Pored trenutne temperature prikazuju se maksimalna i\u00a0 minimalna vrijednosti, a ure\u0111aj ima funkciju zadr\u017eavanja podataka (HOLD)<br \/>\nTermometar je za\u0161ti\u0107en od prskanja prema IP54 i ima plavu fluorescentnu svjetlost, tako da uvijek mo\u017eete o\u010ditati vrijednosti \u010dak i u uslovima slabog osvjetljenja.<\/p>\n<h2>Tehni\u010dke karakteristike<\/h2>\n<table class=\"table table-bordered table-components\">\n<tbody>\n<tr>\n<td>Isporuka uklju\u010duje<\/td>\n<td>Termometar, baterije, uputstvo<\/td>\n<\/tr>\n<tr>\n<td>Mjerno podru\u010dje<\/td>\n<td>-40&#8230;+200\u00b0C (-40&#8230;+392\u00b0F)<\/td>\n<\/tr>\n<tr>\n<td>Materijal<\/td>\n<td>Plastika<\/td>\n<\/tr>\n<tr>\n<td>Napajanje<\/td>\n<td>Baterije<\/td>\n<\/tr>\n<tr>\n<td>Baterije uklju\u010dene u isporuku<\/td>\n<td>Da<\/td>\n<\/tr>\n<tr>\n<td>Baterije<\/td>\n<td>2 x AA 1.5 V<\/td>\n<\/tr>\n<tr>\n<td>Dimenzije<\/td>\n<td>(L) 93 x (B) 25 x (H) 260 mm<\/td>\n<\/tr>\n<tr>\n<td>Te\u017eina<\/td>\n<td>147 g<\/td>\n<\/tr>\n<\/tbody>\n<\/table>\n","protected":false},"excerpt":{"rendered":"<h4>Digitalni ubodni termometar P300 katalo\u0161ki broj 31.1020\u00a0 idealan je za profesionalnu kontrolu temperature te\u010dnih, tvari nalik na paste i polu\u010dvrstih tvari.<br \/>\nMjeri brzo i precizno i univerzalno je upotrebljiv.<br \/>\nTermometar je u skladu s HACCP i EN 13485 i dobro je prilago\u0111en za profesionalnu upotrebu u industriji, trgovini, laboratoriji,&#8230;<br \/>\nSenzor od nehr\u0111aju\u0107eg \u010delika je povezan sa\u00a0 kablom du\u017eine cca 120 cm. Pored trenutne temperature prikazuju se maksimalna i\u00a0 minimalna vrijednosti, a ure\u0111aj ima funkciju zadr\u017eavanja podataka (HOLD)<br \/>\nTermometar je za\u0161ti\u0107en od prskanja prema IP54 i ima plavu fluorescentnu svjetlost, tako da uvijek mo\u017eete o\u010ditati vrijednosti \u010dak i u uslovima slabog osvjetljenja.<\/h4>\n<p>Mjerno podru\u010dje: -40 &#8230; 200 \u00b0C<\/p>\n<p>Tehni\u010dke karakteristike mo\u017eete preuzeti ovdje: <a href=\"https:\/\/mjerna-tehnika.ba\/bs\/wp-content\/uploads\/Termometri-sa-sondom_31.1020_31.1034_30.1015.pdf\">Termometri sa sondom_31.1020_31.1034_30.1015<\/a><\/p>\n","protected":false},"featured_media":1652,"comment_status":"open","ping_status":"closed","template":"","meta":{"_uf_show_specific_survey":0,"_uf_disable_surveys":false},"product_brand":[],"product_cat":[50,40],"product_tag":[],"class_list":{"0":"post-1650","1":"product","2":"type-product","3":"status-publish","4":"has-post-thumbnail","6":"product_cat-kontaktni-termometari","7":"product_cat-termometri","9":"first","10":"instock","11":"taxable","12":"shipping-taxable","13":"purchasable","14":"product-type-simple"},"aioseo_notices":[],"_links":{"self":[{"href":"https:\/\/mjerna-tehnika.ba\/bs\/index.php?rest_route=\/wp\/v2\/product\/1650","targetHints":{"allow":["GET"]}}],"collection":[{"href":"https:\/\/mjerna-tehnika.ba\/bs\/index.php?rest_route=\/wp\/v2\/product"}],"about":[{"href":"https:\/\/mjerna-tehnika.ba\/bs\/index.php?rest_route=\/wp\/v2\/types\/product"}],"replies":[{"embeddable":true,"href":"https:\/\/mjerna-tehnika.ba\/bs\/index.php?rest_route=%2Fwp%2Fv2%2Fcomments&post=1650"}],"wp:featuredmedia":[{"embeddable":true,"href":"https:\/\/mjerna-tehnika.ba\/bs\/index.php?rest_route=\/wp\/v2\/media\/1652"}],"wp:attachment":[{"href":"https:\/\/mjerna-tehnika.ba\/bs\/index.php?rest_route=%2Fwp%2Fv2%2Fmedia&parent=1650"}],"wp:term":[{"taxonomy":"product_brand","embeddable":true,"href":"https:\/\/mjerna-tehnika.ba\/bs\/index.php?rest_route=%2Fwp%2Fv2%2Fproduct_brand&post=1650"},{"taxonomy":"product_cat","embeddable":true,"href":"https:\/\/mjerna-tehnika.ba\/bs\/index.php?rest_route=%2Fwp%2Fv2%2Fproduct_cat&post=1650"},{"taxonomy":"product_tag","embeddable":true,"href":"https:\/\/mjerna-tehnika.ba\/bs\/index.php?rest_route=%2Fwp%2Fv2%2Fproduct_tag&post=1650"}],"curies":[{"name":"wp","href":"https:\/\/api.w.org\/{rel}","templated":true}]}}