{"id":1645,"date":"2020-07-12T10:56:30","date_gmt":"2020-07-12T10:56:30","guid":{"rendered":"https:\/\/mjerna-tehnika.ba\/bs\/?post_type=product&#038;p=1645"},"modified":"2020-07-12T11:11:20","modified_gmt":"2020-07-12T11:11:20","slug":"ph-metar-ph-check","status":"publish","type":"product","link":"https:\/\/mjerna-tehnika.ba\/bs\/?product=ph-metar-ph-check","title":{"rendered":"pH metar PH CHECK"},"content":{"rendered":"<p>Pomo\u0107u digitalnog pH metra PH CHECK mo\u017eete lako i pouzdano odrediti pH vrijednost i trenutnu temperaturu.<br \/>\nPH vrijednosti otopina ovise o temperaturi. Integrisani termometar osigurava automatsku kompenzaciju temperature za izuzetno precizne rezultate. Pritiskom na tipku HOLD trenutno se mjerene vrijednosti bilje\u017ee i trajno prikazuju.<br \/>\nRedovna kalibracija osigurava funkcionalnost ure\u0111aja i lako ju je izvesti.<br \/>\nPH metar je otporan na prskanje prema IP65 i mo\u017ee se o\u010distiti nakon upotrebe pod teku\u0107om vodom iz slavine ili sa destilovanom vodom. Ure\u0111aj uvijek treba \u010duvati u spremniku isporu\u010denom s posebnom otopinom kako se elektroda ne bi presu\u0161ila.<\/p>\n<h2>Technical data<\/h2>\n<table class=\"table table-bordered table-components\">\n<tbody>\n<tr>\n<td>Mjerno podru\u010dje<\/td>\n<td>pH: 0 &#8230; 14,00<\/td>\n<\/tr>\n<tr>\n<td>Isporuka uklju\u010duje<\/td>\n<td>pH metar, baterije, uputstvo<\/td>\n<\/tr>\n<tr>\n<td>Materijal<\/td>\n<td>Plastika<\/td>\n<\/tr>\n<tr>\n<td>Napajanje<\/td>\n<td>Baterije<\/td>\n<\/tr>\n<tr>\n<td>Baterije uklju\u010dene u isporuku<\/td>\n<td>Da<\/td>\n<\/tr>\n<tr>\n<td>Baterije<\/td>\n<td>2 x 3 V CR2032<\/td>\n<\/tr>\n<tr>\n<td>Dimenzije<\/td>\n<td>(L) 225 x (B) 35 x (H) 20 mm<\/td>\n<\/tr>\n<tr>\n<td>Te\u017eina<\/td>\n<td>69 g<\/td>\n<\/tr>\n<\/tbody>\n<\/table>\n","protected":false},"excerpt":{"rendered":"<p>Pomo\u0107u digitalnog pH metra PH CHECK mo\u017eete lako i pouzdano odrediti pH vrijednost i trenutnu temperaturu.<br \/>\nPH vrijednosti otopina ovise o temperaturi. Integrisani termometar osigurava automatsku kompenzaciju temperature za izuzetno precizne rezultate. Pritiskom na tipku HOLD trenutno se mjerene vrijednosti bilje\u017ee i trajno prikazuju.<br \/>\nRedovna kalibracija osigurava funkcionalnost ure\u0111aja i lako ju je izvesti.<br \/>\nPH metar je otporan na prskanje prema IP65 i mo\u017ee se o\u010distiti nakon upotrebe pod teku\u0107om vodom iz slavine ili sa destilovanom vodom. Ure\u0111aj uvijek treba \u010duvati u spremniku isporu\u010denom s posebnom otopinom kako se elektroda ne bi presu\u0161ila.<\/p>\n<p>Tehni\u010dke karakteristike mo\u017eete preuzeti na sljede\u0107em linku: <a href=\"https:\/\/mjerna-tehnika.ba\/bs\/wp-content\/uploads\/pH-Check_Dostmann.pdf\">pH Check_Dostmann<\/a><\/p>\n","protected":false},"featured_media":1649,"comment_status":"open","ping_status":"closed","template":"","meta":{"_uf_show_specific_survey":0,"_uf_disable_surveys":false},"product_brand":[],"product_cat":[68],"product_tag":[],"class_list":{"0":"post-1645","1":"product","2":"type-product","3":"status-publish","4":"has-post-thumbnail","6":"product_cat-ph-metri","8":"first","9":"instock","10":"taxable","11":"shipping-taxable","12":"purchasable","13":"product-type-simple"},"aioseo_notices":[],"_links":{"self":[{"href":"https:\/\/mjerna-tehnika.ba\/bs\/index.php?rest_route=\/wp\/v2\/product\/1645","targetHints":{"allow":["GET"]}}],"collection":[{"href":"https:\/\/mjerna-tehnika.ba\/bs\/index.php?rest_route=\/wp\/v2\/product"}],"about":[{"href":"https:\/\/mjerna-tehnika.ba\/bs\/index.php?rest_route=\/wp\/v2\/types\/product"}],"replies":[{"embeddable":true,"href":"https:\/\/mjerna-tehnika.ba\/bs\/index.php?rest_route=%2Fwp%2Fv2%2Fcomments&post=1645"}],"wp:featuredmedia":[{"embeddable":true,"href":"https:\/\/mjerna-tehnika.ba\/bs\/index.php?rest_route=\/wp\/v2\/media\/1649"}],"wp:attachment":[{"href":"https:\/\/mjerna-tehnika.ba\/bs\/index.php?rest_route=%2Fwp%2Fv2%2Fmedia&parent=1645"}],"wp:term":[{"taxonomy":"product_brand","embeddable":true,"href":"https:\/\/mjerna-tehnika.ba\/bs\/index.php?rest_route=%2Fwp%2Fv2%2Fproduct_brand&post=1645"},{"taxonomy":"product_cat","embeddable":true,"href":"https:\/\/mjerna-tehnika.ba\/bs\/index.php?rest_route=%2Fwp%2Fv2%2Fproduct_cat&post=1645"},{"taxonomy":"product_tag","embeddable":true,"href":"https:\/\/mjerna-tehnika.ba\/bs\/index.php?rest_route=%2Fwp%2Fv2%2Fproduct_tag&post=1645"}],"curies":[{"name":"wp","href":"https:\/\/api.w.org\/{rel}","templated":true}]}}