{"id":1641,"date":"2020-07-12T10:40:14","date_gmt":"2020-07-12T10:40:14","guid":{"rendered":"https:\/\/mjerna-tehnika.ba\/bs\/?post_type=product&#038;p=1641"},"modified":"2020-07-12T10:51:27","modified_gmt":"2020-07-12T10:51:27","slug":"5-u-1-mjerac-okoline-pce-em-886","status":"publish","type":"product","link":"https:\/\/mjerna-tehnika.ba\/bs\/?product=5-u-1-mjerac-okoline-pce-em-886","title":{"rendered":"5 u 1 mjera\u010d okoline PCE-EM 886"},"content":{"rendered":"<table>\n<tbody>\n<tr>\n<td><strong>Nivo buke<\/strong><\/td>\n<\/tr>\n<tr>\n<td>Mjerno podru\u010dje<\/td>\n<td>35 &#8230; 100 dB<\/td>\n<\/tr>\n<tr>\n<td>Rezolucija<\/td>\n<td>0,1 dB<\/td>\n<\/tr>\n<tr>\n<td>Podru\u010dje frekvencije<\/td>\n<td>30 Hz &#8230;10 kHz<\/td>\n<\/tr>\n<tr>\n<td>U\u010destalost<\/td>\n<td>C-Bewertung<\/td>\n<\/tr>\n<tr>\n<td>Evaluacija<\/td>\n<td>schnell<\/td>\n<\/tr>\n<tr>\n<td>Ta\u010dnost<\/td>\n<td>\u00b1 5 dB<br \/>\nbei 94 dB Schallpegel, 1kHz Sinussignal<\/td>\n<\/tr>\n<tr>\n<td>Mikrofon<\/td>\n<td>elektrisches Kondensatormikrofon<\/td>\n<\/tr>\n<tr>\n<td><strong>Svjetlo, lux<\/strong><\/td>\n<\/tr>\n<tr>\n<td>Messbereiche<\/td>\n<td>4000 \/ 40000 Lux<br \/>\n(20000 Luxbereich = Anzeige x10)<\/td>\n<\/tr>\n<tr>\n<td>Bereichs\u00fcberschreitung<\/td>\n<td>&#8220;OL&#8221;<br \/>\n(der Messbereich ist eine Stelle h\u00f6her zu w\u00e4hlen)<\/td>\n<\/tr>\n<tr>\n<td>Genauigkeit<\/td>\n<td>\u00b1 5 % vom Messwert + 10 Digits<\/td>\n<\/tr>\n<tr>\n<td>Messwiederholung<\/td>\n<td>\u00b1 2 %<\/td>\n<\/tr>\n<tr>\n<td>Temperatur-Charakteristik<\/td>\n<td>\u00b10,1 % \/ \u00b0C<\/td>\n<\/tr>\n<tr>\n<td>Messsensor<\/td>\n<td>Silizium Photodiode mit Filter<\/td>\n<\/tr>\n<tr>\n<td><strong><br \/>\nLuftfeuchtigkeitsmesser<\/strong><\/td>\n<\/tr>\n<tr>\n<td>Messbereich<\/td>\n<td>33 &#8230; 99 % r.F.<\/td>\n<\/tr>\n<tr>\n<td>Aufl\u00f6sung<\/td>\n<td>1 %<\/td>\n<\/tr>\n<tr>\n<td>Genauigkeit<\/td>\n<td>\u00b1 3 % vom Messwert + 5% r.F.<\/td>\n<\/tr>\n<tr>\n<td><strong><br \/>\nTemperaturmesser<\/strong><\/td>\n<\/tr>\n<tr>\n<td>Messbereich<\/td>\n<td>0 &#8230; 50 \u00b0C<\/td>\n<\/tr>\n<tr>\n<td>Aufl\u00f6sung<\/td>\n<td>0,1\u00b0C<\/td>\n<\/tr>\n<tr>\n<td>Genauigkeit<\/td>\n<td>\u00b1 3 % vom Messwert \u00b1 3 \u00b0C<\/td>\n<\/tr>\n<tr>\n<td><strong><br \/>\nThermoelementanschluss Typ-K<\/strong><\/td>\n<\/tr>\n<tr>\n<td>Messbereich<\/td>\n<td>-20 &#8230; 400 \u00b0C<br \/>\n-20 &#8230; 1300 \u00b0C<\/td>\n<\/tr>\n<tr>\n<td>Aufl\u00f6sung<\/td>\n<td>0,1 \u00b0C<br \/>\n1 \u00b0C<\/td>\n<\/tr>\n<tr>\n<td>Genauigkeit<\/td>\n<td>\u00b1 3 % vom Messwert + 3 \u00b0C<\/td>\n<\/tr>\n<tr>\n<td><strong><br \/>\nMultimeter<\/strong><\/td>\n<\/tr>\n<tr>\n<td>Messbereich<\/td>\n<\/tr>\n<tr>\n<td>&#8211; DC-Spannung<br \/>\n&#8211; AC-Spannung<br \/>\n&#8211; DC-Strom<br \/>\n&#8211; AC-Strom<br \/>\n&#8211; Widerstand<br \/>\n&#8211; Kapazit\u00e4t<br \/>\n&#8211; Frequenz<\/td>\n<td>400 mV \/ 4 \/ 40 \/ 100 \/ 250 V<br \/>\n400 mV \/ 4 \/ 40 \/ 100 \/ 250 V<br \/>\n400 \/ 4000 \u03bcA \/ 40 \/ 400 mA \/ 10 A<br \/>\n400 \/ 4000 \u03bcA \/ 40 \/ 400 mA \/ 10 A<br \/>\n400 \u03a9 \/ 4 \/ 40 \/ 400 k\u03a9 \/ 4 \/ 40 M\u03a9<br \/>\n50 \/ 500 nF \/ 5 \/ 50 \/ 100 \u03bcF<br \/>\n5 \/ 50 \/ 500 Hz \/ 5 \/ 50 \/ 500 kHz \/ 10 MHz<\/td>\n<\/tr>\n<tr>\n<td>Aufl\u00f6sung<\/td>\n<\/tr>\n<tr>\n<td>&#8211; DC-Spannung<br \/>\n&#8211; AC-Spannung<br \/>\n&#8211; DC-Strom<br \/>\n&#8211; AC-Strom<br \/>\n&#8211; Widerstand<br \/>\n&#8211; Kapazit\u00e4t<br \/>\n&#8211; Frequenz<\/td>\n<td>0,1 \/ 1,0 \/ 10 \/ 100 mV \/ 1 V<br \/>\n0,1 \/ 1,0 \/ 10 \/ 100 mV \/ 1 V<br \/>\n0,1 \/ 1 \/ 10 \/ 100 \u03bcA \/ 10 mA<br \/>\n0,1 \/ 1 \/ 10 \/ 100 \u03bcA \/ 10 mA<br \/>\n0,1 \/ 1 \/ 10 \/ 100 \u03a9 \/ 10 k\u03a9 \/ 1M\u03a9<br \/>\n10 pF \/ 0,1 \/ 1 \/ 10 nF \/ 0,1 \u03bcF<br \/>\n0,001 \/ 0,01 \/ 0,1 \/ 1 \/ 10 \/ 100 Hz \/ 1 kHz<\/td>\n<\/tr>\n<tr>\n<td>Genauigkeit<\/td>\n<\/tr>\n<tr>\n<td>&#8211; DC-Spannung<\/td>\n<td>\u00b1 1 % vom Messwert \u00b1 4 dgt (bis 40 V)<br \/>\n\u00b1 1,5 % vom Messwert \u00b1 4 dgt (dar\u00fcber)<\/td>\n<\/tr>\n<tr>\n<td>&#8211; AC-Spannung<\/td>\n<td>\u00b1 1,5 % vom Messwert \u00b1 15 dgt (bis 400 mV)<br \/>\n\u00b1 1 % vom Messwert \u00b1 4 dgt (bis 40 V)<br \/>\n\u00b1 1,5 % vom Messwert \u00b1 4 dgt (bis 100 V)<br \/>\n\u00b1 2 % vom Messwert \u00b1 4 dgt (bis 250 V)<\/td>\n<\/tr>\n<tr>\n<td>&#8211; DC-Strom<\/td>\n<td>\u00b1 1 % vom Messwert \u00b1 2 dgt (bis 40 mA)<br \/>\n\u00b1 1,2 % vom Messwert \u00b1 2 dgt (bis 400 mA)<br \/>\n\u00b1 2 % vom Messwert \u00b1 5 dgt (bis 10 A)<\/td>\n<\/tr>\n<tr>\n<td>&#8211; AC-Strom<\/td>\n<td>\u00b1 1,2 % vom Messwert \u00b1 2 dgt (bis 40 mA)<br \/>\n\u00b1 1,5 % vom Messwert \u00b1 2 dgt (bis 400 mA)<br \/>\n\u00b1 2 % vom Messwert \u00b1 5 dgt (bis 10 A)<\/td>\n<\/tr>\n<tr>\n<td>&#8211; Widerstand<\/td>\n<td>\u00b1 1,5 % vom Messwert \u00b1 4 dgt (bis 400 \u03a9)<br \/>\n\u00b1 1,5 % vom Messwert \u00b1 2 dgt (bis 400 k\u03a9)<br \/>\n\u00b1 2 % vom Messwert \u00b1 2 dgt (bis 4 m\u03a9)<br \/>\n\u00b1 2,5 % vom Messwert \u00b1 2 dgt (bis 40 m\u03a9)<\/td>\n<\/tr>\n<tr>\n<td>&#8211; Kapazit\u00e4t<\/td>\n<td>\u00b1 5 % vom Messwert \u00b1 20 dgt (bis 50 nF)<br \/>\n\u00b1 3 % vom Messwert \u00b1 5 dgt (bis 50 \u03bcF)<br \/>\n\u00b1 4 % vom Messwert \u00b1 5 dgt (bis 100 \u03bcF)<\/td>\n<\/tr>\n<tr>\n<td>&#8211; Frequenz<\/td>\n<td>\u00b1 1,2 % vom Messwert \u00b1 3 dgt (bis 500 kHz)<br \/>\n\u00b1 1,5 % vom Messwert \u00b1 4 dgt (bis 10 MHz)<\/td>\n<\/tr>\n<tr>\n<td>\u00dcberspannungskategorie<\/td>\n<td>CAT II 600 V \/ CAT III 300 V<\/td>\n<\/tr>\n<tr>\n<td><strong><br \/>\nAllgemein<\/strong><\/td>\n<\/tr>\n<tr>\n<td>Anzeige<\/td>\n<td>LC-Display, 3 4\/5-stellig<\/td>\n<\/tr>\n<tr>\n<td>\u00dcberlaufanzeige<\/td>\n<td>&#8220;OL&#8221;<\/td>\n<\/tr>\n<tr>\n<td>Messfolge<\/td>\n<td>ca. 3 mal pro Sekunde<\/td>\n<\/tr>\n<tr>\n<td>Temp. f\u00fcr angegebene Genauigkeit<\/td>\n<td>23 \u00b0C \u00b1 5 \u00b0C \/ &lt; 70 % r.F.<\/td>\n<\/tr>\n<tr>\n<td>Umgebungsbedingungen<\/td>\n<td>0 &#8230; +40 \u00b0C \/ &lt; 70 % r.F.<\/td>\n<\/tr>\n<tr>\n<td>Lagerbedingungen<\/td>\n<td>-10 &#8230; +60 \u00b0C \/ &lt; 80 % r.F.<\/td>\n<\/tr>\n<tr>\n<td>Spannungsversorgung<\/td>\n<td>1 x 9 V-Blockbatterie<\/td>\n<\/tr>\n<tr>\n<td>Abmessung Ger\u00e4t<\/td>\n<td>170 x 78 x 48 mm<\/td>\n<\/tr>\n<tr>\n<td>Gewicht<\/td>\n<td>335 g<\/td>\n<\/tr>\n<\/tbody>\n<\/table>\n","protected":false},"excerpt":{"rendered":"<h4 style=\"text-align: left;\"><\/h4>\n<h4 style=\"text-align: left;\">\u00a0Sa mjera\u010dem okoline\u00a0 PCE-EM 886 u mogu\u0107nosti ste mjeriti buku, svjetlo, temperaturu, vlagu, temperaturu sa k-tip externim senzorom. Ovaj mjera\u010d tako\u0111e ima i funkciju multimetra<\/h4>\n<p>Tehni\u010dke krakteristike mo\u017eete preuzeti na sljede\u0107em linku: <a href=\"https:\/\/mjerna-tehnika.ba\/bs\/wp-content\/uploads\/5u1-mjera\u010d-okoline-PCE-EM-886.pdf\">5u1 mjera\u010d okoline PCE-EM 886<\/a><\/p>\n<p>&nbsp;<\/p>\n","protected":false},"featured_media":1643,"comment_status":"open","ping_status":"closed","template":"","meta":{"_uf_show_specific_survey":0,"_uf_disable_surveys":false},"product_brand":[],"product_cat":[78,74,66,43],"product_tag":[],"class_list":{"0":"post-1641","1":"product","2":"type-product","3":"status-publish","4":"has-post-thumbnail","6":"product_cat-elektricna-mjerenja-elektrotehnika","7":"product_cat-luksmetri-luxmetri","8":"product_cat-mjeraci-buke","9":"product_cat-termohigrometri","11":"first","12":"instock","13":"taxable","14":"shipping-taxable","15":"purchasable","16":"product-type-simple"},"aioseo_notices":[],"_links":{"self":[{"href":"https:\/\/mjerna-tehnika.ba\/bs\/index.php?rest_route=\/wp\/v2\/product\/1641","targetHints":{"allow":["GET"]}}],"collection":[{"href":"https:\/\/mjerna-tehnika.ba\/bs\/index.php?rest_route=\/wp\/v2\/product"}],"about":[{"href":"https:\/\/mjerna-tehnika.ba\/bs\/index.php?rest_route=\/wp\/v2\/types\/product"}],"replies":[{"embeddable":true,"href":"https:\/\/mjerna-tehnika.ba\/bs\/index.php?rest_route=%2Fwp%2Fv2%2Fcomments&post=1641"}],"wp:featuredmedia":[{"embeddable":true,"href":"https:\/\/mjerna-tehnika.ba\/bs\/index.php?rest_route=\/wp\/v2\/media\/1643"}],"wp:attachment":[{"href":"https:\/\/mjerna-tehnika.ba\/bs\/index.php?rest_route=%2Fwp%2Fv2%2Fmedia&parent=1641"}],"wp:term":[{"taxonomy":"product_brand","embeddable":true,"href":"https:\/\/mjerna-tehnika.ba\/bs\/index.php?rest_route=%2Fwp%2Fv2%2Fproduct_brand&post=1641"},{"taxonomy":"product_cat","embeddable":true,"href":"https:\/\/mjerna-tehnika.ba\/bs\/index.php?rest_route=%2Fwp%2Fv2%2Fproduct_cat&post=1641"},{"taxonomy":"product_tag","embeddable":true,"href":"https:\/\/mjerna-tehnika.ba\/bs\/index.php?rest_route=%2Fwp%2Fv2%2Fproduct_tag&post=1641"}],"curies":[{"name":"wp","href":"https:\/\/api.w.org\/{rel}","templated":true}]}}