{"id":1635,"date":"2020-07-08T10:37:58","date_gmt":"2020-07-08T10:37:58","guid":{"rendered":"https:\/\/mjerna-tehnika.ba\/bs\/?post_type=product&#038;p=1635"},"modified":"2020-07-08T11:01:19","modified_gmt":"2020-07-08T11:01:19","slug":"termohigrometar-pce-bth-10","status":"publish","type":"product","link":"https:\/\/mjerna-tehnika.ba\/bs\/?product=termohigrometar-pce-bth-10","title":{"rendered":"Termohigrometar PCE-BTH 10"},"content":{"rendered":"<div id=\"detaljni-opis\" class=\"artikal_detaljniopis_tekst\">\n<p style=\"text-align: center;\">Bluetooth higrometar PCE-BTH 10<br \/>\nBluetooth termohigrometar za brza i jednostavna mjerenja klime \/<br \/>\nAndroid i iOS kompatibilan \/ jednostavan za upotrebu \/ LCD display sa osvjetljenjem<\/p>\n<p>PCE-BTH 10 je kompaktan Bluetooth termohigrometar jednostavan za upotrebu. Ovaj Bluetooth higrometar odlikuje se jednostavnim radom s jednim tasterom i integrisanim interface-om. Bluetooth higrometar PCE-BTH 10 mjeri temperaturu i vla\u017enost zraka. Nadalje, mjerni ure\u0111aj vr\u0161i prora\u010dun ta\u010dke rosi\u0161ta i temperature vla\u017ene kugle. Izmjerene vrijednosti su primarno prikazane na osvetljenom display-u. Kao rezultat toga, Bluetooth mjera\u010d mo\u017ee se koristiti i bez pametnog telefona ili drugog ure\u0111aja za prikaz.<\/p>\n<p>Izmjerene vrijednosti prenose se na pametni telefon putem Bluetooth interface-a. Dostupne su i Android i iOS aplikacije. Korisnik mo\u017ee u aplikaciji prelaziti izme\u0111u \u00b0 C i \u00b0 F. Nadalje, Bluetooth higrometar mo\u017ee promijeniti na\u010dine mjerenja. Pored numeri\u010dkog prikaza, Bluetooth higrometar mo\u017ee prikazati izmjerene vrijednosti pomo\u0107u Bluetooth higrometra kao grafikon trenda. Izmjerene vrijednosti mogu se poslati e-mailom bilo kojem primaocu. Bluetooth termohigrometar radi sa 4 AAA 1,5 V baterije.<\/p>\n<p>&#8211; Mjerenje temperature i vlage<br \/>\n&#8211; Bluetooth interfejs<br \/>\n&#8211; Prora\u010dun ta\u010dke rosi\u0161ta i vla\u017ene kugle<br \/>\n&#8211; Kompatibilni sa iOS-om i Androidom<br \/>\n&#8211; LC display sa osvetljenjem<br \/>\n&#8211; Jednostavan za kori\u0161tenje<\/p>\n<p><a href=\"http:\/\/www.amt-metriks.ba\/cms\/index.php?prodajni-program\">www.amt-metriks.ba<\/a><\/p>\n<\/div>\n","protected":false},"excerpt":{"rendered":"<p>&nbsp;<\/p>\n<p>Bluetooth higrometar PCE-BTH 10<br \/>\nBluetooth termohigrometar za brza i jednostavna mjerenja klime \/<br \/>\nAndroid i iOS kompatibilan \/ jednostavan za upotrebu \/ LCD display sa osvjetljenjem<\/p>\n<p>Mjerno podru\u010dje -20 &#8230; 60 \u00b0 C, 0 &#8230; 100% RH<br \/>\nRezolucija 0,01 \u00b0 C,\u00a0 0,01% RH<br \/>\nTa\u010dnost \u00b1 1,5 \u00b0 C\u00a0 \u00b1 5% RH (izme\u0111u 10 &#8230; 90% rela.R.F.)<\/p>\n<p>Vrijeme odziva 10 s na 25 \u00b0 C<\/p>\n<p>Automatsko isklju\u010divanje 15 minuta<br \/>\nNapajanje 4 x 1,5 V AAA baterije<br \/>\nRadni uslovi 0 &#8230; 50 \u00b0 C<br \/>\nUslovi skladi\u0161tenja -10 &#8230; 60 \u00b0 C<br \/>\nDimenzije 178 x 38 x 24 mm<br \/>\nTe\u017eina oko 70 g bez baterija<\/p>\n<p>Tehni\u010dke karakteristike mo\u017eete preuzeti ovdje: <a href=\"https:\/\/mjerna-tehnika.ba\/bs\/wp-content\/uploads\/Termohigrometar-PCE-BTH-10.pdf\">Termohigrometar PCE-BTH 10<\/a><\/p>\n<p><a title=\"\" href=\"http:\/\/www.amt-metriks.ba\" target=\"\" rel=\"noopener noreferrer\">www.amt-metriks.ba<\/a><\/p>\n<p>&nbsp;<\/p>\n","protected":false},"featured_media":1637,"comment_status":"open","ping_status":"closed","template":"","meta":{"_uf_show_specific_survey":0,"_uf_disable_surveys":false},"product_brand":[],"product_cat":[51,43,40,45],"product_tag":[],"class_list":{"0":"post-1635","1":"product","2":"type-product","3":"status-publish","4":"has-post-thumbnail","6":"product_cat-mjeraci-vlage","7":"product_cat-termohigrometri","8":"product_cat-termometri","9":"product_cat-vremenske-stanice","11":"first","12":"instock","13":"downloadable","14":"taxable","15":"shipping-taxable","16":"purchasable","17":"product-type-simple"},"aioseo_notices":[],"_links":{"self":[{"href":"https:\/\/mjerna-tehnika.ba\/bs\/index.php?rest_route=\/wp\/v2\/product\/1635","targetHints":{"allow":["GET"]}}],"collection":[{"href":"https:\/\/mjerna-tehnika.ba\/bs\/index.php?rest_route=\/wp\/v2\/product"}],"about":[{"href":"https:\/\/mjerna-tehnika.ba\/bs\/index.php?rest_route=\/wp\/v2\/types\/product"}],"replies":[{"embeddable":true,"href":"https:\/\/mjerna-tehnika.ba\/bs\/index.php?rest_route=%2Fwp%2Fv2%2Fcomments&post=1635"}],"wp:featuredmedia":[{"embeddable":true,"href":"https:\/\/mjerna-tehnika.ba\/bs\/index.php?rest_route=\/wp\/v2\/media\/1637"}],"wp:attachment":[{"href":"https:\/\/mjerna-tehnika.ba\/bs\/index.php?rest_route=%2Fwp%2Fv2%2Fmedia&parent=1635"}],"wp:term":[{"taxonomy":"product_brand","embeddable":true,"href":"https:\/\/mjerna-tehnika.ba\/bs\/index.php?rest_route=%2Fwp%2Fv2%2Fproduct_brand&post=1635"},{"taxonomy":"product_cat","embeddable":true,"href":"https:\/\/mjerna-tehnika.ba\/bs\/index.php?rest_route=%2Fwp%2Fv2%2Fproduct_cat&post=1635"},{"taxonomy":"product_tag","embeddable":true,"href":"https:\/\/mjerna-tehnika.ba\/bs\/index.php?rest_route=%2Fwp%2Fv2%2Fproduct_tag&post=1635"}],"curies":[{"name":"wp","href":"https:\/\/api.w.org\/{rel}","templated":true}]}}