{"id":1628,"date":"2020-07-08T09:52:16","date_gmt":"2020-07-08T09:52:16","guid":{"rendered":"https:\/\/mjerna-tehnika.ba\/bs\/?post_type=product&#038;p=1628"},"modified":"2020-07-08T10:10:24","modified_gmt":"2020-07-08T10:10:24","slug":"manometar-digitalni-pce-bdp-10","status":"publish","type":"product","link":"https:\/\/mjerna-tehnika.ba\/bs\/?product=manometar-digitalni-pce-bdp-10","title":{"rendered":"Manometar digitalni PCE-BDP 10"},"content":{"rendered":"<p>Bluetooth ure\u0111aj za mjerenje diferencijalnog pritiska-tlaka PCE-BDP 10<br \/>\nBluetooth mjera\u010d diferencijalnog pritiska-tlaka s display-om \/ mjerno podru\u010dje do \u00b1 2PSI<\/p>\n<p>Bluetooth ure\u0111aj za mjerenje diferencijalnog pritiska &#8211; tlaka PCE-BDP 10 koristi se za brzu i jednostavnu provjeru diferencijalnog pritiska &#8211; tlaka. Bluetooth ure\u0111aj za mjerenje diferencijalnog pritiska &#8211; tlaka koristi se, na primjer, u tehnologiji ventilacije i klimatizacije uz kori\u0161tenje pametnog telefona za mjerenje pritiska &#8211; tlaka protoka plina ili tlaka u mirovanju. Bluetooth ure\u0111aj za mjerenje diferencijalnog pritiska &#8211; tlaka tako\u0111e se mo\u017ee koristiti za provjeru padova pritiska &#8211; tlaka. U aplikaciji ure\u0111aja za mjerenje diferencijalnog pritiska &#8211; tlaka dostupan je grafi\u010dki prikaz. Podaci mjerenja mogu se poslati e-mail-om na daljnju obradu.<\/p>\n<p>Kako biste mogli koristiti ure\u0111aj za mjerenje diferencijalnog pritiska &#8211; tlaka bez pametnog telefona s Bluetoothom, mjerni ure\u0111aj ima display. To zna\u010di da se Bluetooth mjera\u010d diferencijalnog pritiska &#8211; tlaka mo\u017ee koristiti i nezavisno. PCE-BDP 10 mo\u017ee prikazati mjerenje diferencijalnog pritiska &#8211; tlaka u 11 razli\u010ditih\u00a0 jedinica. Raspon mjerenja prote\u017ee se od -2 &#8230; 2 PSI (\u00b1 137,9 mBar \/ hPa).<\/p>\n<p>&#8211; Android i iOS aplikacija<br \/>\n&#8211; Bluetooth interface<br \/>\n&#8211; Mjerno podru\u010dje \u00b1 2 PSI<br \/>\n&#8211; 11 razli\u010ditih mjernih jedinica<br \/>\n&#8211; LC display<\/p>\n","protected":false},"excerpt":{"rendered":"<p>Bluetooth ure\u0111aj za mjerenje diferencijalnog pritiska-tlaka PCE-BDP 10<br \/>\nBluetooth mjera\u010d diferencijalnog pritiska-tlaka s display-om \/ mjerno podru\u010dje do \u00b1 2PSI<\/p>\n<p>Opseg merenja \u00b1 2 PSI<br \/>\nTa\u010dnost mjerenja \u00b1 0,006 PSI (0 &#8230; 0,2 PSI)\u00a0 \u00b1 (0,006 PSI + 1,5% PDV-a) (&gt; 0,2 PSI)<br \/>\nRezolucija 0,001 PSI<br \/>\nMjerne jedinice Bar, PSI, mBar, kPa, inH20, cmH2O, ozin2, inHg, mmHg, kg \/ cm\u00b2, ftH2O<br \/>\nMedium: vazduh<br \/>\nPriklju\u010dak za crijeva<br \/>\nAutomatsko isklju\u010divanje 15 minuta<br \/>\nNapajanje 4 x 1,5 V AAA baterije<br \/>\nRadni uslovi 0 &#8230; 50 \u00b0 C<br \/>\nUslovi skladi\u0161tenja &#8211; \u010duvanja -10 &#8230; 60 \u00b0 C<br \/>\nDimenzije 178 x 38 x 24 mm<br \/>\nTe\u017eina oko 70 g bez baterija<\/p>\n<p>Tehni\u010dke karakteristike mo\u017eete pogledati ovdje: <a href=\"https:\/\/mjerna-tehnika.ba\/bs\/wp-content\/uploads\/Manometar-digitalni-PCE-BDP-10.pdf\">Manometar digitalni PCE-BDP 10<\/a><\/p>\n<p>&nbsp;<\/p>\n","protected":false},"featured_media":1630,"comment_status":"open","ping_status":"closed","template":"","meta":{"_uf_show_specific_survey":0,"_uf_disable_surveys":false},"product_brand":[],"product_cat":[81],"product_tag":[],"class_list":{"0":"post-1628","1":"product","2":"type-product","3":"status-publish","4":"has-post-thumbnail","6":"product_cat-manometri-digitalni","8":"first","9":"instock","10":"taxable","11":"shipping-taxable","12":"purchasable","13":"product-type-simple"},"aioseo_notices":[],"_links":{"self":[{"href":"https:\/\/mjerna-tehnika.ba\/bs\/index.php?rest_route=\/wp\/v2\/product\/1628","targetHints":{"allow":["GET"]}}],"collection":[{"href":"https:\/\/mjerna-tehnika.ba\/bs\/index.php?rest_route=\/wp\/v2\/product"}],"about":[{"href":"https:\/\/mjerna-tehnika.ba\/bs\/index.php?rest_route=\/wp\/v2\/types\/product"}],"replies":[{"embeddable":true,"href":"https:\/\/mjerna-tehnika.ba\/bs\/index.php?rest_route=%2Fwp%2Fv2%2Fcomments&post=1628"}],"wp:featuredmedia":[{"embeddable":true,"href":"https:\/\/mjerna-tehnika.ba\/bs\/index.php?rest_route=\/wp\/v2\/media\/1630"}],"wp:attachment":[{"href":"https:\/\/mjerna-tehnika.ba\/bs\/index.php?rest_route=%2Fwp%2Fv2%2Fmedia&parent=1628"}],"wp:term":[{"taxonomy":"product_brand","embeddable":true,"href":"https:\/\/mjerna-tehnika.ba\/bs\/index.php?rest_route=%2Fwp%2Fv2%2Fproduct_brand&post=1628"},{"taxonomy":"product_cat","embeddable":true,"href":"https:\/\/mjerna-tehnika.ba\/bs\/index.php?rest_route=%2Fwp%2Fv2%2Fproduct_cat&post=1628"},{"taxonomy":"product_tag","embeddable":true,"href":"https:\/\/mjerna-tehnika.ba\/bs\/index.php?rest_route=%2Fwp%2Fv2%2Fproduct_tag&post=1628"}],"curies":[{"name":"wp","href":"https:\/\/api.w.org\/{rel}","templated":true}]}}