{"id":1596,"date":"2020-02-23T17:14:46","date_gmt":"2020-02-23T17:14:46","guid":{"rendered":"https:\/\/mjerna-tehnika.ba\/bs\/?post_type=product&#038;p=1596"},"modified":"2020-02-23T17:23:07","modified_gmt":"2020-02-23T17:23:07","slug":"mjerac-prasine-pce-rcm-05","status":"publish","type":"product","link":"https:\/\/mjerna-tehnika.ba\/bs\/?product=mjerac-prasine-pce-rcm-05","title":{"rendered":"Mjera\u010d pra\u0161ine PCE-RCM 05"},"content":{"rendered":"<h4><\/h4>\n<p>PM2.5 monitor za mjerenje pra\u0161ine na radnom mjestu \/ mjera\u010d pra\u0161ine za PM2.5, temperaturu i vla\u017enost \/ rad na baterije \/ upozoravaju\u0107e funkcije<\/p>\n<p>PM2.5 monitor sitne pra\u0161ine PCE-RCM 05 koristi se za kontinuirano mjerenje sadr\u017eaja sitne pra\u0161ine na radnom mjestu. PCE-RCM 05 PM2.5 monitor prikazuje finu pra\u0161inu PM2.5, kao i temperaturu i vla\u017enost zraka na zaslonu. Raspon mjerenja na PCE-RCM 05 monitoru prote\u017ee se od 0 &#8230; 500 \u00b5g \/ m\u00b3 PM2.5. To mjerni ure\u0111aj PM2.5 \u010dini optimalnim testnim ure\u0111ajem kako bi se uvijek imao pregled sadr\u017eaja sitne pra\u0161ine. Ispod velikog prikaza izmjerenih vrijednosti sadr\u017eaja PM2.5, monitor PM2.5 koristi piktograme za pru\u017eanje brzih informacija o kvaliteti zraka.<\/p>\n<p>PCE-RCM 05 monitor sitne pra\u0161ine upravlja napaja se preko punjive baterije. Display je osvijetljen i lako se \u010dita iz bilo kojeg ugla, na primjer, ako je mjerni ure\u0111aj na radnom stolu. Pored standardne bijele rasvjete, PM2.5 monitor prebacuje osvjetljenje u crveno u slu\u010daju alarma.<\/p>\n<table border=\"0\" cellspacing=\"0\" bgcolor=\"#FFFFFF\">\n<tbody>\n<tr>\n<td valign=\"top\">Mjerno podru\u010dje PM2,5<\/td>\n<td valign=\"top\">0 &#8230; 500 \u00b5g\/m\u00b3<\/td>\n<\/tr>\n<tr>\n<td valign=\"top\">Rezolucija<\/td>\n<td valign=\"top\">1 \u00b5g\/m\u00b3<\/td>\n<\/tr>\n<tr>\n<td valign=\"top\">Ta\u010dnost<\/td>\n<td valign=\"top\">&lt;100 \u00b5g\/m\u00b3: \u00b1(10 \u00b5g\/m\u00b3 + 10 Digit)<\/td>\n<\/tr>\n<tr>\n<td valign=\"top\"><\/td>\n<td valign=\"top\">&lt;400 \u00b5g\/m\u00b3: \u00b1(10 \u00b5g\/m\u00b3 + 30 Digit)<\/td>\n<\/tr>\n<tr>\n<td valign=\"top\"><\/td>\n<td valign=\"top\">&gt;400 \u00b5g\/m\u00b3: \u00b1(10 \u00b5g\/m\u00b3 + 50 Digit)<\/td>\n<\/tr>\n<tr>\n<td valign=\"top\"><\/td>\n<td valign=\"top\"><\/td>\n<\/tr>\n<tr>\n<td valign=\"top\">Mjerno podru\u010dje, Temperatura<\/td>\n<td valign=\"top\">-10 &#8230; 50 \u00b0C<\/td>\n<\/tr>\n<tr>\n<td valign=\"top\">Rezolucija<\/td>\n<td valign=\"top\">0,1 \u00b0C<\/td>\n<\/tr>\n<tr>\n<td valign=\"top\">Ta\u010dnost<\/td>\n<td valign=\"top\">\u00b1 1 \u00b0C<\/td>\n<\/tr>\n<tr>\n<td valign=\"top\"><\/td>\n<td valign=\"top\"><\/td>\n<\/tr>\n<tr>\n<td valign=\"top\">Mjerno podru\u010dje, Vlaga<\/td>\n<td valign=\"top\">0 &#8230; 99 % r.F.<\/td>\n<\/tr>\n<tr>\n<td valign=\"top\">Rezolucija<\/td>\n<td valign=\"top\">1 % r.F.<\/td>\n<\/tr>\n<tr>\n<td valign=\"top\">Ta\u010dnost<\/td>\n<td valign=\"top\">30 &#8230; 80 % r.F.: \u00b1 5 % r.F.<\/td>\n<\/tr>\n<tr>\n<td valign=\"top\"><\/td>\n<td valign=\"top\"><\/td>\n<\/tr>\n<tr>\n<td valign=\"top\">Display<\/td>\n<td valign=\"top\">LC-Display<\/td>\n<\/tr>\n<tr>\n<td valign=\"top\">Pozadinsko osvjteljenje<\/td>\n<td valign=\"top\">Bijelo(Standard)<\/td>\n<\/tr>\n<tr>\n<td valign=\"top\"><\/td>\n<td valign=\"top\">Crveno (Alarm)<\/td>\n<\/tr>\n<tr>\n<td valign=\"top\">Pokazatelj statusa baterije<\/td>\n<td valign=\"top\">\u010cetverostepeni pokazatelj statusa baterije<\/td>\n<\/tr>\n<tr>\n<td valign=\"top\">Automatsko isklju\u010denje<\/td>\n<td valign=\"top\">nakon 2 sata<\/td>\n<\/tr>\n<tr>\n<td valign=\"top\">Napajanje<\/td>\n<td valign=\"top\">3,7 V Li-Ion Akku<\/td>\n<\/tr>\n<tr>\n<td valign=\"top\"><\/td>\n<td valign=\"top\">Micro-USB<\/td>\n<\/tr>\n<tr>\n<td valign=\"top\">Uslovi<\/td>\n<td valign=\"top\">0 &#8230; 50 \u00b0C, 0 &#8230; 85 % r.F.<\/td>\n<\/tr>\n<tr>\n<td valign=\"top\">Uslovi skladi\u0161tenja<\/td>\n<td valign=\"top\">-20 &#8230; 60 \u00b0C, 0 &#8230; 95 % r.F.<\/td>\n<\/tr>\n<tr>\n<td valign=\"top\">Te\u017eina<\/td>\n<td valign=\"top\">195 g<\/td>\n<\/tr>\n<tr>\n<td valign=\"top\">Dimenzije<\/td>\n<td valign=\"top\">75 x 55 x 130 mm<\/td>\n<\/tr>\n<\/tbody>\n<\/table>\n","protected":false},"excerpt":{"rendered":"<p>PM2.5 monitor za mjerenje pra\u0161ine na radnom mjestu \/ mjera\u010d pra\u0161ine za PM2.5, temperaturu i vla\u017enost \/ rad na baterije \/ upozoravaju\u0107e funkcije<\/p>\n<p>PM2.5 monitor sitne pra\u0161ine PCE-RCM 05 koristi se za kontinuirano mjerenje sadr\u017eaja sitne pra\u0161ine na radnom mjestu. PCE-RCM 05 PM2.5 monitor prikazuje finu pra\u0161inu PM2.5, kao i temperaturu i vla\u017enost zraka na zaslonu. Raspon mjerenja na PCE-RCM 05 monitoru prote\u017ee se od 0 &#8230; 500 \u00b5g \/ m\u00b3 PM2.5. To mjerni ure\u0111aj PM2.5 \u010dini optimalnim testnim ure\u0111ajem kako bi se uvijek imao pregled sadr\u017eaja sitne pra\u0161ine. Ispod velikog prikaza izmjerenih vrijednosti sadr\u017eaja PM2.5, monitor PM2.5 koristi piktograme za pru\u017eanje brzih informacija o kvaliteti zraka.<\/p>\n<p>PCE-RCM 05 monitor sitne pra\u0161ine upravlja napaja se preko punjive baterije. Display je osvijetljen i lako se \u010dita iz bilo kojeg ugla, na primjer, ako je mjerni ure\u0111aj na radnom stolu. Pored standardne bijele rasvjete, PM2.5 monitor prebacuje osvjetljenje u crveno u slu\u010daju alarma.<\/p>\n<p>Katalog:\u00a0 <a href=\"https:\/\/mjerna-tehnika.ba\/bs\/wp-content\/uploads\/Broja\u010d-\u010destica-PCE-RCM-05.pdf\">Broja\u010d \u010destica PCE-RCM 05<\/a><\/p>\n","protected":false},"featured_media":1584,"comment_status":"open","ping_status":"closed","template":"","meta":{"_uf_show_specific_survey":0,"_uf_disable_surveys":false},"product_brand":[],"product_cat":[95],"product_tag":[],"class_list":{"0":"post-1596","1":"product","2":"type-product","3":"status-publish","4":"has-post-thumbnail","6":"product_cat-brojaci-cestica-mjeraci-prasine","8":"first","9":"instock","10":"taxable","11":"shipping-taxable","12":"purchasable","13":"product-type-simple"},"aioseo_notices":[],"_links":{"self":[{"href":"https:\/\/mjerna-tehnika.ba\/bs\/index.php?rest_route=\/wp\/v2\/product\/1596","targetHints":{"allow":["GET"]}}],"collection":[{"href":"https:\/\/mjerna-tehnika.ba\/bs\/index.php?rest_route=\/wp\/v2\/product"}],"about":[{"href":"https:\/\/mjerna-tehnika.ba\/bs\/index.php?rest_route=\/wp\/v2\/types\/product"}],"replies":[{"embeddable":true,"href":"https:\/\/mjerna-tehnika.ba\/bs\/index.php?rest_route=%2Fwp%2Fv2%2Fcomments&post=1596"}],"wp:featuredmedia":[{"embeddable":true,"href":"https:\/\/mjerna-tehnika.ba\/bs\/index.php?rest_route=\/wp\/v2\/media\/1584"}],"wp:attachment":[{"href":"https:\/\/mjerna-tehnika.ba\/bs\/index.php?rest_route=%2Fwp%2Fv2%2Fmedia&parent=1596"}],"wp:term":[{"taxonomy":"product_brand","embeddable":true,"href":"https:\/\/mjerna-tehnika.ba\/bs\/index.php?rest_route=%2Fwp%2Fv2%2Fproduct_brand&post=1596"},{"taxonomy":"product_cat","embeddable":true,"href":"https:\/\/mjerna-tehnika.ba\/bs\/index.php?rest_route=%2Fwp%2Fv2%2Fproduct_cat&post=1596"},{"taxonomy":"product_tag","embeddable":true,"href":"https:\/\/mjerna-tehnika.ba\/bs\/index.php?rest_route=%2Fwp%2Fv2%2Fproduct_tag&post=1596"}],"curies":[{"name":"wp","href":"https:\/\/api.w.org\/{rel}","templated":true}]}}