{"id":1572,"date":"2020-02-23T16:44:54","date_gmt":"2020-02-23T16:44:54","guid":{"rendered":"https:\/\/mjerna-tehnika.ba\/bs\/?post_type=product&#038;p=1572"},"modified":"2025-07-15T12:52:54","modified_gmt":"2025-07-15T12:52:54","slug":"brojac-cestica-mjerac-prasine-trotec-pc220","status":"publish","type":"product","link":"https:\/\/mjerna-tehnika.ba\/bs\/?product=brojac-cestica-mjerac-prasine-trotec-pc220","title":{"rendered":"Broja\u010d \u010destica, mjera\u010d pra\u0161ine Trotec PC220"},"content":{"rendered":"<h4><\/h4>\n<p><span id=\"result_box\" lang=\"bs\"><span title=\"Der Partikelz\u00e4hler PCE-PCO 1 ist ein universell einsetzbares Messger\u00e4t zur Erfassung der Partikelkonzentration in der Luft.\">Broja\u010d \u010destica, mjera\u010d pra\u0161ine PC-220 je univerzalni mjerni ure\u0111aj za detekciju veli\u010dine i koncentracije \u010destica u vazduhu.\u00a0<\/span><span title=\"Der Partikelz\u00e4hler kann dabei sechs verschiedene Partikelgr\u00f6\u00dfen messen.\">U skladu sa ISO 21501-4. Broja\u010d \u010destica mo\u017ee mjeriti \u0161est razli\u010ditih veli\u010dina \u010destica od\u00a0<\/span><\/span><span id=\"result_box\" lang=\"bs\"><span title=\"Der Partikelz\u00e4hler kann dabei sechs verschiedene Partikelgr\u00f6\u00dfen messen.\"><span title=\"6 particle size channels from 0.3 to 10 \u03bcm \u00a0\u00a0\u00a0\u00a0\">0,3-10 \u03bcm.<\/span>\u00a0Ugra\u0111en je detektor za formaldehid-metanol (HCHO) i ugljenmonoksid (CO).<\/span><span title=\"Weiterhin besitzt der Partikelz\u00e4hler Sensoren f\u00fcr Temperatur und die relative Luftfeuchtigkeit.\">\u00a0Nadalje, broja\u010d \u010destica ima senzore za temperaturu i relativnu vla\u017enost.\u00a0<\/span><span title=\"Dies macht den Partikelz\u00e4hler zu einem echten Allroundger\u00e4t.\">To \u010dini ovaj broja\u010d \u010destica veoma svestranim i korisnim.\u00a0<\/span><span title=\"Die eingebaut Kamera erm\u00f6glicht es die Messdaten mit Bild \/ Videomaterial zu verbinden.\">Kamera omogu\u0107uje povezivanje izmjerenih vrijednosti sa slikom \/ videom.\u00a0<\/span><span title=\"Der Partikelz\u00e4hler wurde entwickelt, um den Verschmutzungsgrad der Luft exakt festzustellen.\">Broja\u010d \u010destica je dizajniran da se precizno utvrdi stepen kontaminacije zraka.\u00a0<\/span><span title=\"Die Verschmutzung wird vor allem durch Verbrennung, Fertigung, Energieerzeugung, Fahrzeugmotoremissionen und die Industrie erzeugt.\">Zaga\u0111enje se\u00a0 uglavnom uzrokuje spaljivanjem, u proizvodnim procesima, proizvodnjom elektri\u010dne energije, zatim tu su motorna vozila i ostala industrija.\u00a0<\/span><span title=\"Mit Hilfe vom Partikelz\u00e4hler kann die genaue Menge an Schmutzpartikeln in der Luft gemessen werden.\">Uz pomo\u0107 broja\u010da \u010destica, mo\u017eete izmjeriti ta\u010dan iznos\u00a0 \u010destica u zraku.\u00a0<\/span><span title=\"Ein hoher Verschmutzungsgrad der Atmosph\u00e4re ist vor allem im st\u00e4dtischen Bereich und in Arbeitsbereichen zu finden.\">Visok stepen zaga\u0111enja atmosfere nalazi se uglavnom u urbanim sredinama i u podru\u010djima industrijskih zona odnosno gdje se izvode radovi.\u00a0<\/span><span title=\"Von immer gr\u00f6\u00dferer Bedeutung ist der Verschmutzungsgrad der Luft mit krankmachenden Partikeln wie z.B.\">Sve ve\u0107i\u00a0 stepena zaga\u0111enja zraka imaju\u00a0 \u010destice koje uzrokukuju razne bolesti, kao \u0161to su\u00a0<\/span><span title=\"Ru\u00df, die von der Industrie und vor allem von Dieselfahrzeugen ohne spezielle Filterung in die Luft abgegeben werden.\">\u010da\u0111, koje\u00a0 emituje industrija, a posebno dizel vozila starije generacije\u00a0 koja su bez posebnih filtera.\u00a0<\/span><span title=\"Solche Dispersionsteilchen sind unter anderem f\u00fcr reduzierte Visibilit\u00e4t, die Verbreitung von Verunreinigungen, das Einatmen giftiger Substanzen und somit reduzierter Arbeitsproduktivit\u00e4t verantwortlich.\">Takva disperzija \u010destice je djelomi\u010dno odgovorna za smanjenje vidljivosti, \u0161irenje kontaminacije, udisanja otrovnih tvari i na taj na\u010din smanjuje produktivnost rada.\u00a0<\/span><span title=\"Seit l\u00e4ngerer Zeit ist auch bekannt, dass die Teilchen auch einen nicht geringen Beitrag zu vielen medizinischen Krankheiten wie z.B.\">Odavno je poznato da \u010destice imaju veoma va\u017ean doprinos razvoju mnogih medicinskih bolesti kao \u0161to su\u00a0<\/span><span title=\"Asthma, Bronchitis, Haut und Lungenerkrankungen leisten.\">astma, bronhitis, bolesti ko\u017ee i plu\u0107a.<br \/>\n<\/span><\/span><\/p>\n<p>Tehni\u010dke karakteristike:<\/p>\n<p><em>Broja\u010d \u010destica<\/em><\/p>\n<ul>\n<li>6 kanala: 0.3 \u03bcm, 0.5 \u03bcm, 1.0 \u03bcm, 2.5 \u03bcm, 5.0 \u03bcm, 10.0 \u03bcm<\/li>\n<li>Modovi brojanja: koncentracioni, kumulativni, diferencijalni<\/li>\n<li>Efikasnost: 50% na 0.3 \u03bcm; 100% za \u010destice &gt; 0.45 \u03bcm<\/li>\n<li>Protok: 2.83 l\/min (0.1 ft\u00b3\/min)<\/li>\n<li>Zero count: &lt; 1 \u010dastica \/ 5 min.<\/li>\n<li>Slu\u010dajni gubitak: 5%, 2 million particles per ft\u00b3 (28.3 litres)<\/li>\n<li>Izvor svjetlosti: Laser class 3B, wave length 780 nm, 90 mW<\/li>\n<li>Memorija: 5000 podataka<\/li>\n<li>Photo: JPEG format, resolution 640 x 480 pixels<\/li>\n<li>Video: 3GP format, resolution 320 x 240 pixels<\/li>\n<\/ul>\n<p><em>Konverzija mase \u010destica<\/em><\/p>\n<ul>\n<li>PM2.5: 0 up to 2000 \u03bcg\/m\u00b3<\/li>\n<li>PM10: 0 up to 2000 \u03bcg\/m\u00b3<\/li>\n<\/ul>\n<p><em>Mjerno podru\u010dje temperature<\/em>:<\/p>\n<ul>\n<li>0\u00b0C to 50\u00b0C<\/li>\n<\/ul>\n<p><em>Relativna vlaga:<\/em><\/p>\n<ul>\n<li>Mjerno podru\u010dje: 0 to 100% RH<\/li>\n<\/ul>\n<p><em>Formaldehyde (HCHO)<\/em><\/p>\n<ul>\n<li>Mjerno podru\u010dje: 0,01 up to 5,00 ppm<\/li>\n<\/ul>\n<p><em>Carbon monoxide (CO)<\/em><\/p>\n<ul>\n<li>10 up to 1.000 ppm<\/li>\n<\/ul>\n<p>U isporuku je uklju\u010deno:\u00a0<span id=\"result_box\" lang=\"bs\">1x\u00a0broja\u010d\u00a0\u010destica\u00a0PC-220,\u00a0\u00a0nula\u00a0filter,\u00a0\u00a0\u00a0baterija,\u00a0punja\u010d,\u00a0USB\u00a0kabel,\u00a0uputstvo,\u00a0stativ, certifikat, kofer<\/span><\/p>\n","protected":false},"excerpt":{"rendered":"<h4>Univerzalni ure\u0111aj za mjerenje koncentracije pra\u0161ine, CO, metanol, vlage, temperature<\/h4>\n<p><span id=\"result_box\" lang=\"bs\"><span title=\"Der Partikelz\u00e4hler PCE-PCO 1 ist ein universell einsetzbares Messger\u00e4t zur Erfassung der Partikelkonzentration in der Luft.\">Broja\u010d \u010destica, mjera\u010d pra\u0161ine PC-220 je univerzalni mjerni ure\u0111aj za detekciju veli\u010dine i koncentracije \u010destica u vazduhu.\u00a0<\/span><span title=\"Der Partikelz\u00e4hler kann dabei sechs verschiedene Partikelgr\u00f6\u00dfen messen.\">U skladu sa ISO 21501-4. Broja\u010d \u010destica mo\u017ee mjeriti \u0161est razli\u010ditih veli\u010dina \u010destica od\u00a0<\/span><\/span><span id=\"result_box\" lang=\"bs\"><span title=\"Der Partikelz\u00e4hler kann dabei sechs verschiedene Partikelgr\u00f6\u00dfen messen.\"><span title=\"6 particle size channels from 0.3 to 10 \u03bcm \u00a0\u00a0\u00a0\u00a0\">0,3-10 \u03bcm.<\/span> Tako\u0111e mjeri i koncentraciju \u010destica PM2.5 i PM10\u00a0 do 2000 \u03bcg\/m\u00b3. Ugra\u0111en je detektor za formaldehid-metanol (HCHO) i ugljenmonoksid (CO).<\/span><span title=\"Weiterhin besitzt der Partikelz\u00e4hler Sensoren f\u00fcr Temperatur und die relative Luftfeuchtigkeit.\">\u00a0<\/span><\/span><\/p>\n<p>Katalog:\u00a0 <a href=\"https:\/\/mjerna-tehnika.ba\/bs\/wp-content\/uploads\/Broja\u010d-\u010destica-PC-220_cert_Trotec.pdf\">Broja\u010d \u010destica PC 220_cert_Trotec<\/a><\/p>\n","protected":false},"featured_media":1574,"comment_status":"open","ping_status":"closed","template":"","meta":{"_uf_show_specific_survey":0,"_uf_disable_surveys":false},"product_brand":[],"product_cat":[95],"product_tag":[],"class_list":{"0":"post-1572","1":"product","2":"type-product","3":"status-publish","4":"has-post-thumbnail","6":"product_cat-brojaci-cestica-mjeraci-prasine","8":"first","9":"instock","10":"taxable","11":"shipping-taxable","12":"purchasable","13":"product-type-simple"},"aioseo_notices":[],"_links":{"self":[{"href":"https:\/\/mjerna-tehnika.ba\/bs\/index.php?rest_route=\/wp\/v2\/product\/1572","targetHints":{"allow":["GET"]}}],"collection":[{"href":"https:\/\/mjerna-tehnika.ba\/bs\/index.php?rest_route=\/wp\/v2\/product"}],"about":[{"href":"https:\/\/mjerna-tehnika.ba\/bs\/index.php?rest_route=\/wp\/v2\/types\/product"}],"replies":[{"embeddable":true,"href":"https:\/\/mjerna-tehnika.ba\/bs\/index.php?rest_route=%2Fwp%2Fv2%2Fcomments&post=1572"}],"wp:featuredmedia":[{"embeddable":true,"href":"https:\/\/mjerna-tehnika.ba\/bs\/index.php?rest_route=\/wp\/v2\/media\/1574"}],"wp:attachment":[{"href":"https:\/\/mjerna-tehnika.ba\/bs\/index.php?rest_route=%2Fwp%2Fv2%2Fmedia&parent=1572"}],"wp:term":[{"taxonomy":"product_brand","embeddable":true,"href":"https:\/\/mjerna-tehnika.ba\/bs\/index.php?rest_route=%2Fwp%2Fv2%2Fproduct_brand&post=1572"},{"taxonomy":"product_cat","embeddable":true,"href":"https:\/\/mjerna-tehnika.ba\/bs\/index.php?rest_route=%2Fwp%2Fv2%2Fproduct_cat&post=1572"},{"taxonomy":"product_tag","embeddable":true,"href":"https:\/\/mjerna-tehnika.ba\/bs\/index.php?rest_route=%2Fwp%2Fv2%2Fproduct_tag&post=1572"}],"curies":[{"name":"wp","href":"https:\/\/api.w.org\/{rel}","templated":true}]}}