{"id":1542,"date":"2019-12-06T15:35:34","date_gmt":"2019-12-06T15:35:34","guid":{"rendered":"https:\/\/mjerna-tehnika.ba\/bs\/?post_type=product&#038;p=1542"},"modified":"2024-10-15T09:14:46","modified_gmt":"2024-10-15T09:14:46","slug":"mjerac-broja-okretaja-pce-dt-50","status":"publish","type":"product","link":"https:\/\/mjerna-tehnika.ba\/bs\/?product=mjerac-broja-okretaja-pce-dt-50","title":{"rendered":"Mjera\u010d broja okretaja PCE-DT 50"},"content":{"rendered":"<p>Mjera\u010d broja okretaja &#8211; tahometar PCE-DT 50 u obliku pi\u0161tolja idealan je za brzu kontrolu brzina. Ovaj ru\u010dni tahometar mjeri brzinu rotacije pokretnih predmeta, poput osovina, pogona, zup\u010danika, itd. Ru\u010dni tahometar koristi laser koji emituje svjetlost i prijemnu diodu koja otkriva svjetlo-tamni kontrast reflektovane svjetlosti. Ru\u010dni tahometar mjeri brzinu u rasponu od 2,5 &#8230; 99,999\u00a0 o\/min (RPM). Brzina je prikazana na osvijetljenom display-u tahometra. Udaljenost od ru\u010dnog tahometra iznosi 50 &#8230; 500 mm.<\/p>\n<p>Ru\u010dni tahometar ima na raspolaganju dva razli\u010dita na\u010dina mjerenja: ru\u010dni na\u010din mjerenja i automatski na\u010din mjerenja. U na\u010dinu ru\u010dnog mjerenja ru\u010dni tahometar mjeri se sve dok je pritisnut okida\u010d. U automatskom re\u017eimu mjeri se dok se automatski re\u017eim ne zavr\u0161i. Za daljnju procjenu izmjerenih vrijednosti, u ru\u010dnom tahometru dostupan je re\u017eim MAX, MIN, AVG. Ovaj na\u010din rada automatski odre\u0111uje maksimalna, minimalna i prosje\u010dna o\u010ditanja.<\/p>\n","protected":false},"excerpt":{"rendered":"<h4>Bezkontaktni mjera\u010d broja okretaja<\/h4>\n<p>&#8211; Mjerni raspon do 99.999\u00a0 o\/min<br \/>\n&#8211; Automatski re\u017eim<br \/>\n&#8211; MIN \/ MAX \/ AVG mod<br \/>\n&#8211; LCD display sa osvjetljenjem<br \/>\n&#8211; Funkcija zadr\u017eavanja podataka<br \/>\n&#8211; Automatsko isklju\u010divanje<\/p>\n<p>Katalog:\u00a0 <a href=\"https:\/\/mjerna-tehnika.ba\/bs\/wp-content\/uploads\/MJERA\u010c-BROJA-OKRETAJA-PCE-DT-50.pdf\">MJERA\u010c BROJA OKRETAJA PCE-DT 50<\/a><\/p>\n","protected":false},"featured_media":1544,"comment_status":"open","ping_status":"closed","template":"","meta":{"_uf_show_specific_survey":0,"_uf_disable_surveys":false},"product_brand":[],"product_cat":[37],"product_tag":[],"class_list":{"0":"post-1542","1":"product","2":"type-product","3":"status-publish","4":"has-post-thumbnail","6":"product_cat-tahometri","8":"first","9":"instock","10":"taxable","11":"shipping-taxable","12":"purchasable","13":"product-type-simple"},"aioseo_notices":[],"_links":{"self":[{"href":"https:\/\/mjerna-tehnika.ba\/bs\/index.php?rest_route=\/wp\/v2\/product\/1542","targetHints":{"allow":["GET"]}}],"collection":[{"href":"https:\/\/mjerna-tehnika.ba\/bs\/index.php?rest_route=\/wp\/v2\/product"}],"about":[{"href":"https:\/\/mjerna-tehnika.ba\/bs\/index.php?rest_route=\/wp\/v2\/types\/product"}],"replies":[{"embeddable":true,"href":"https:\/\/mjerna-tehnika.ba\/bs\/index.php?rest_route=%2Fwp%2Fv2%2Fcomments&post=1542"}],"wp:featuredmedia":[{"embeddable":true,"href":"https:\/\/mjerna-tehnika.ba\/bs\/index.php?rest_route=\/wp\/v2\/media\/1544"}],"wp:attachment":[{"href":"https:\/\/mjerna-tehnika.ba\/bs\/index.php?rest_route=%2Fwp%2Fv2%2Fmedia&parent=1542"}],"wp:term":[{"taxonomy":"product_brand","embeddable":true,"href":"https:\/\/mjerna-tehnika.ba\/bs\/index.php?rest_route=%2Fwp%2Fv2%2Fproduct_brand&post=1542"},{"taxonomy":"product_cat","embeddable":true,"href":"https:\/\/mjerna-tehnika.ba\/bs\/index.php?rest_route=%2Fwp%2Fv2%2Fproduct_cat&post=1542"},{"taxonomy":"product_tag","embeddable":true,"href":"https:\/\/mjerna-tehnika.ba\/bs\/index.php?rest_route=%2Fwp%2Fv2%2Fproduct_tag&post=1542"}],"curies":[{"name":"wp","href":"https:\/\/api.w.org\/{rel}","templated":true}]}}