{"id":1492,"date":"2019-08-10T13:28:33","date_gmt":"2019-08-10T13:28:33","guid":{"rendered":"https:\/\/mjerna-tehnika.ba\/bs\/?post_type=product&#038;p=1492"},"modified":"2024-03-06T07:15:24","modified_gmt":"2024-03-06T07:15:24","slug":"manometar-digitalni-s2680-systronik","status":"publish","type":"product","link":"https:\/\/mjerna-tehnika.ba\/bs\/?product=manometar-digitalni-s2680-systronik","title":{"rendered":"Manometar digitalni S2680, Systronik, 8bar"},"content":{"rendered":"<p>Instrumenti za mjerenje pritiska BlueLine S2600 odlikuju se velikim i jasno struktuiranim displejom, koji pru\u017ea maksimalnu pogodnost za korisnika. Odli\u010dan izgled povr\u0161ine ure\u0111aja u robusnom za\u0161titnom ku\u0107i\u0161tu optimalno zaokru\u017euje izvanredan proizvod.<\/p>\n<p>Kvalitetni BlueLine S2600 instrumenti za mjerenje pritiska, gasa su certifikovani prema EN 50379-2 i mogu se koristiti na velikom broju podru\u010dja. Primjeri primjene: pregled filterskih i gasnih linija, provjera ventilacionih sistema i rezervoara za te\u010dnost, mjerenja kod dimnjaka i vakuuma dimnjaka itd.<\/p>\n<p>Dodatne funkcije, svojstva i karakteristike:<\/p>\n<ul>\n<li>Napredni dizajn<\/li>\n<li>Ergonomski dizajn<\/li>\n<li>Intuitivan rad<\/li>\n<li>Precizni rezultati mjerenja<\/li>\n<li>Sveobuhvatan asortiman dodatne opreme<\/li>\n<\/ul>\n","protected":false},"excerpt":{"rendered":"<p>Ure\u0111aj za mjerenje pritiska, tlaka BlueLine S2680 ST je pogodan za mjerenje pritiska, tlaka gasovitih, plinovitih, nekorozivnih materijala na neopasnim, neexplozivnim lokacijama.<\/p>\n<p>Mjerno podru\u010dje je <strong>-50 do 8000 hPa<\/strong>. Digitalni manometar S2680\u00a0 mo\u017ee se koristiti za mjerenje pritiska na gasovodima, plinovodima.<\/p>\n<p>Tehni\u010dke karakteristike mo\u017eete pogledati ovdje:\u00a0<a href=\"https:\/\/mjerna-tehnika.ba\/bs\/wp-content\/uploads\/BlueLine_S2600_Technische_Daten.pdf\">BlueLine_S2600_Technische_Daten<\/a><\/p>\n<p>Ta\u010dnost: \u00b11 mbar or 1 % RDG \u00b11 digit<\/p>\n","protected":false},"featured_media":1340,"comment_status":"open","ping_status":"closed","template":"","meta":{"_uf_show_specific_survey":0,"_uf_disable_surveys":false},"product_brand":[],"product_cat":[81],"product_tag":[],"class_list":{"0":"post-1492","1":"product","2":"type-product","3":"status-publish","4":"has-post-thumbnail","6":"product_cat-manometri-digitalni","8":"first","9":"instock","10":"taxable","11":"shipping-taxable","12":"purchasable","13":"product-type-simple"},"aioseo_notices":[],"_links":{"self":[{"href":"https:\/\/mjerna-tehnika.ba\/bs\/index.php?rest_route=\/wp\/v2\/product\/1492","targetHints":{"allow":["GET"]}}],"collection":[{"href":"https:\/\/mjerna-tehnika.ba\/bs\/index.php?rest_route=\/wp\/v2\/product"}],"about":[{"href":"https:\/\/mjerna-tehnika.ba\/bs\/index.php?rest_route=\/wp\/v2\/types\/product"}],"replies":[{"embeddable":true,"href":"https:\/\/mjerna-tehnika.ba\/bs\/index.php?rest_route=%2Fwp%2Fv2%2Fcomments&post=1492"}],"wp:featuredmedia":[{"embeddable":true,"href":"https:\/\/mjerna-tehnika.ba\/bs\/index.php?rest_route=\/wp\/v2\/media\/1340"}],"wp:attachment":[{"href":"https:\/\/mjerna-tehnika.ba\/bs\/index.php?rest_route=%2Fwp%2Fv2%2Fmedia&parent=1492"}],"wp:term":[{"taxonomy":"product_brand","embeddable":true,"href":"https:\/\/mjerna-tehnika.ba\/bs\/index.php?rest_route=%2Fwp%2Fv2%2Fproduct_brand&post=1492"},{"taxonomy":"product_cat","embeddable":true,"href":"https:\/\/mjerna-tehnika.ba\/bs\/index.php?rest_route=%2Fwp%2Fv2%2Fproduct_cat&post=1492"},{"taxonomy":"product_tag","embeddable":true,"href":"https:\/\/mjerna-tehnika.ba\/bs\/index.php?rest_route=%2Fwp%2Fv2%2Fproduct_tag&post=1492"}],"curies":[{"name":"wp","href":"https:\/\/api.w.org\/{rel}","templated":true}]}}