{"id":1488,"date":"2019-08-10T13:20:24","date_gmt":"2019-08-10T13:20:24","guid":{"rendered":"https:\/\/mjerna-tehnika.ba\/bs\/?post_type=product&#038;p=1488"},"modified":"2025-01-08T06:36:08","modified_gmt":"2025-01-08T06:36:08","slug":"mjerac-izolacije-pce-it55","status":"publish","type":"product","link":"https:\/\/mjerna-tehnika.ba\/bs\/?product=mjerac-izolacije-pce-it55","title":{"rendered":"Mjera\u010d izolacije PCE-IT55"},"content":{"rendered":"<table>\n<tbody>\n<tr>\n<td colspan=\"2\"><strong>Technische Spezifikation<\/strong><\/td>\n<\/tr>\n<tr>\n<td>Messbereiche<br \/>\nAC-Spannung<br \/>\nDC-Spannung<br \/>\nWiderstand<br \/>\nIsolationswiderstand<\/td>\n<td>0 &#8230; 750 V<br \/>\n0 &#8230; 1000 V<br \/>\n0 &#8230; 200 \u03a9 \/ 200 &#8230; 2000 \u03a9<br \/>\n0 &#8230; 200 M\u03a9 \/ 200 &#8230; 2000 M\u03a9<\/td>\n<\/tr>\n<tr>\n<td>Aufl\u00f6sung<br \/>\nAC-Spannung<br \/>\nDC-Spannung<br \/>\nWiderstand<br \/>\nIsolationswiderstand<\/td>\n<td>1 V<br \/>\n1 V<br \/>\n0,1 \u03a9 \/ 1 \u03a9<br \/>\n100 k\u03a9 &#8230;1 M\u03a9<\/td>\n<\/tr>\n<tr>\n<td>Genauigkeit<br \/>\nAC-Spannung<br \/>\nDC-Spannung<br \/>\nWiderstand<br \/>\nIsolationswiderstand<\/td>\n<td>\u00b11,2 % \u00b110 dgts<br \/>\n\u00b10,8 % \u00b1 3 dgts<br \/>\n\u00b11,0 % \u00b1 2 dgts<br \/>\n\u00b13,5 % \u00b1 5 dgts<\/td>\n<\/tr>\n<tr>\n<td>Testspannungen<\/td>\n<td>250 V &#8211;\u00a0\u00a0 200 M\u03a9<br \/>\n500 V &#8211;\u00a0\u00a0 200 M\u03a9<br \/>\n1000 V &#8211; 2000 M\u03a9<\/td>\n<\/tr>\n<tr>\n<td>Durchgangspr\u00fcfung<\/td>\n<td>Piepton: \u226440 \u03a9, Teststrom \u2264 200 mA<\/td>\n<\/tr>\n<tr>\n<td>Ger\u00e4teversorgung<\/td>\n<td>6 x 1,5 V AA Batterie<\/td>\n<\/tr>\n<tr>\n<td>Umgebungsbedingungen<\/td>\n<td>0 &#8230; 40 \u00b0C \/ &lt;80 % r.F.<\/td>\n<\/tr>\n<tr>\n<td>Abmessung<\/td>\n<td>200 mm x 92 mm x 50 mm<\/td>\n<\/tr>\n<tr>\n<td>Gewicht<\/td>\n<td>700 g<\/td>\n<\/tr>\n<tr>\n<td>Normungen<\/td>\n<td>IEC10101, CAT III 1000 V<\/td>\n<\/tr>\n<\/tbody>\n<\/table>\n","protected":false},"excerpt":{"rendered":"<p>&nbsp;<\/p>\n<p style=\"font-weight: 400;\">Tester izolacijePCE-IT 55 mjeri otpor izolacije do max. 2000 M\u2126 (pri pomo\u0107nim naponima od 250, 500 i 1000 V). Dodatno, ure\u0111aj sadr\u017ei mjernu funkciju za istosmjerni i izmjeni\u010dni napon do max. 750 V \/ 1000 V i otpora do max. 2 k\u2126. Ispitiva\u010d provodjivosti za zvu\u010dnim signalom je tako\u0111er integrisan. Mjerne vrijednosti se pritiskom na tipku mogu zadr\u017eati. Ure\u0111aj odgovara normi DIN 57 411 dio 1\/ VDE 0411 dio 1, ispunjava\u00a0za\u0161titne\u00a0 mjere za elektronske mjerne ure\u0111aje (IEC1010-1) i DIN VDE 0413 (mjera\u010di izolacije). Ispitiva\u010d izolacije se isporu\u010duje sa kalibracijskim protokolom proizvo\u0111a\u010da. Opcionalno: ure\u0111aj mo\u017eemo isporu\u010diti sa laboratorijskom kalibracijom i ISO-certifikatom (kod narud\u017ebe ure\u0111aja ili kod npr. godi\u0161nje rekalibracije).<\/p>\n<p style=\"font-weight: 400;\"><strong>Osnovne karakteristike:<\/strong><\/p>\n<ul style=\"font-weight: 400;\">\n<li>Ispunjava norme IEC1010-1, CAT III 1000 V<\/li>\n<li>Veliki dualni display sa pozadinskim osvjetljenjem<\/li>\n<li>Pojedina\u010dno ili kontinuirano mjerenje (odabirljivo preko &#8220;LOCK&#8221;-tipke)<\/li>\n<li>Prikaz prekora\u010denja i statusa baterije<\/li>\n<li>Automatsko samoisklju\u010denje za u\u0161tedu baterije<\/li>\n<li>Isporu\u010duje se kompletno u kov\u010degu<\/li>\n<li>ISO-kalibracija (opcionalno)<\/li>\n<\/ul>\n<p style=\"font-weight: 400;\"><strong>Opseg isporuke<br \/>\n<\/strong>1 x Ispitiva\u010d izolacije PCE-IT-55,\u00a01 set ispitnih vezica, 1 klemica na kabelu 1 m, 6 x baterije, 1 x narukvica, uputstvo i kov\u010deg.<\/p>\n<p>Download: <a href=\"https:\/\/mjerna-tehnika.ba\/bs\/wp-content\/uploads\/Mjera\u010d-izolacije-PCE-IT55.pdf\">Mjera\u010d izolacije PCE-IT55<\/a><\/p>\n","protected":false},"featured_media":1490,"comment_status":"open","ping_status":"closed","template":"","meta":{"_uf_show_specific_survey":0,"_uf_disable_surveys":false},"product_brand":[],"product_cat":[78],"product_tag":[],"class_list":{"0":"post-1488","1":"product","2":"type-product","3":"status-publish","4":"has-post-thumbnail","6":"product_cat-elektricna-mjerenja-elektrotehnika","8":"first","9":"instock","10":"taxable","11":"shipping-taxable","12":"purchasable","13":"product-type-simple"},"aioseo_notices":[],"_links":{"self":[{"href":"https:\/\/mjerna-tehnika.ba\/bs\/index.php?rest_route=\/wp\/v2\/product\/1488","targetHints":{"allow":["GET"]}}],"collection":[{"href":"https:\/\/mjerna-tehnika.ba\/bs\/index.php?rest_route=\/wp\/v2\/product"}],"about":[{"href":"https:\/\/mjerna-tehnika.ba\/bs\/index.php?rest_route=\/wp\/v2\/types\/product"}],"replies":[{"embeddable":true,"href":"https:\/\/mjerna-tehnika.ba\/bs\/index.php?rest_route=%2Fwp%2Fv2%2Fcomments&post=1488"}],"wp:featuredmedia":[{"embeddable":true,"href":"https:\/\/mjerna-tehnika.ba\/bs\/index.php?rest_route=\/wp\/v2\/media\/1490"}],"wp:attachment":[{"href":"https:\/\/mjerna-tehnika.ba\/bs\/index.php?rest_route=%2Fwp%2Fv2%2Fmedia&parent=1488"}],"wp:term":[{"taxonomy":"product_brand","embeddable":true,"href":"https:\/\/mjerna-tehnika.ba\/bs\/index.php?rest_route=%2Fwp%2Fv2%2Fproduct_brand&post=1488"},{"taxonomy":"product_cat","embeddable":true,"href":"https:\/\/mjerna-tehnika.ba\/bs\/index.php?rest_route=%2Fwp%2Fv2%2Fproduct_cat&post=1488"},{"taxonomy":"product_tag","embeddable":true,"href":"https:\/\/mjerna-tehnika.ba\/bs\/index.php?rest_route=%2Fwp%2Fv2%2Fproduct_tag&post=1488"}],"curies":[{"name":"wp","href":"https:\/\/api.w.org\/{rel}","templated":true}]}}