{"id":1472,"date":"2019-08-10T12:42:29","date_gmt":"2019-08-10T12:42:29","guid":{"rendered":"https:\/\/mjerna-tehnika.ba\/bs\/?post_type=product&#038;p=1472"},"modified":"2024-06-12T12:41:15","modified_gmt":"2024-06-12T12:41:15","slug":"mjerac-elektromagnetnog-zracenja-pce-em-29","status":"publish","type":"product","link":"https:\/\/mjerna-tehnika.ba\/bs\/?product=mjerac-elektromagnetnog-zracenja-pce-em-29","title":{"rendered":"Mjera\u010d elektromagnetnog zra\u010denja PCE-EM 29"},"content":{"rendered":"<table>\n<tbody>\n<tr>\n<td colspan=\"2\"><\/td>\n<\/tr>\n<tr>\n<td>Frequenzbereich<\/td>\n<td>50 MHz &#8230; 3,5 GHz<\/td>\n<\/tr>\n<tr>\n<td>Sensortyp<\/td>\n<td>Elektrofeld (E)<\/td>\n<\/tr>\n<tr>\n<td>Messung<\/td>\n<td>3-dimensional, isotropisch<\/td>\n<\/tr>\n<tr>\n<td>Messbereiche<\/td>\n<td>20 mV\/m &#8230; 108,0 V\/m<br \/>\n53 \u00b5A\/m &#8230; 286,4 mA\/m<br \/>\n1 \u00b5w\/m\u00b2 &#8230; 30,93 W\/m\u00b2<br \/>\n0 \u00b5W\/cm\u00b2 &#8230; 3,093 mW\/cm\u00b2<\/td>\n<\/tr>\n<tr>\n<td>Messbereichswahl<\/td>\n<td>Automatisch<\/td>\n<\/tr>\n<tr>\n<td>Ansprechzeit<\/td>\n<td>1 s (bis zum Erreichen von 90 % des Endwertes)<\/td>\n<\/tr>\n<tr>\n<td>Anzeigeeinheiten<\/td>\n<td>mV\/m , V\/m , \u00b5A\/m , mA\/m,<br \/>\n\u00b5W\/m\u00b2 , mW\/m\u00b2<\/td>\n<\/tr>\n<tr>\n<td>Aufl\u00f6sung<\/td>\n<td>0,1mV\/m<br \/>\n0,1 \u00b5gA\/m<br \/>\n0,01 \u00b5gW\/m\u00b2<\/td>\n<\/tr>\n<tr>\n<td>Messfehler (absolut)<br \/>\n(bei 1 V\/m und 50 MHz)<\/td>\n<td>\u00b11,0 dB<\/td>\n<\/tr>\n<tr>\n<td>Genauigkeit (frequenzabh\u00e4ngig)<\/td>\n<td>\u00b11,0 dB (50 MHz &#8230; 1,9 GHz)<br \/>\n\u00b12,4 dB (1,9 GHz &#8230; 3,5 GHz)<\/td>\n<\/tr>\n<tr>\n<td>Isotropen-Abweichung<\/td>\n<td>\u00b11,0 dB (bei Frequenz &gt;50 MHz )<\/td>\n<\/tr>\n<tr>\n<td>Maximaler \u00dcberbereich<\/td>\n<td>4,2 W\/m\u00b2 (40 V\/m)<\/td>\n<\/tr>\n<tr>\n<td>Temperaturbedingte Abweichung<\/td>\n<td>\u00b11,5 dB<\/td>\n<\/tr>\n<tr>\n<td>Display<\/td>\n<td>4-stellig LCD<\/td>\n<\/tr>\n<tr>\n<td>Erneuerung der Anzeigewerte<\/td>\n<td>alle 400 ms<\/td>\n<\/tr>\n<tr>\n<td>Grenzwert<\/td>\n<td>einstellbar<\/td>\n<\/tr>\n<tr>\n<td>Alarmierung<\/td>\n<td>Piepton bei Grenzwert\u00fcberschreitung<\/td>\n<\/tr>\n<tr>\n<td>Kalibrierfaktor<\/td>\n<td>einstellbar<\/td>\n<\/tr>\n<tr>\n<td>Mittelwertbildung<\/td>\n<td>einstellbar \u00fcber 4 s &#8230; 15 min<\/td>\n<\/tr>\n<tr>\n<td>Interner Messwertspeicher<\/td>\n<td>99 Datens\u00e4tze<br \/>\n(wieder aufrufbar im Display vom Arbeitsschutzmessger\u00e4t)<\/td>\n<\/tr>\n<tr>\n<td>Anzeigbare Messwerte<\/td>\n<td>Aktueller Messwert, Maximalwert, Mittelwert<\/td>\n<\/tr>\n<tr>\n<td>Versorgung<\/td>\n<td>9 V Block-Batterie<\/td>\n<\/tr>\n<tr>\n<td>Gewicht<\/td>\n<td>350 g (inkl. Batterie)<\/td>\n<\/tr>\n<tr>\n<td colspan=\"2\"><\/td>\n<\/tr>\n<\/tbody>\n<\/table>\n","protected":false},"excerpt":{"rendered":"<h4>Elektrosmog ure\u0111aj za mjerenje elektromagnetnog zra\u010denja sa eksternom kuglom<\/h4>\n<p>Ure\u0111aj\u00a0 ima troosnu okruglu sondu za otkrivanje elektromagnetskog zra\u010denja. Stoga je ovaj mjera\u010d elektromagnetnog zra\u010denja podjednako pogodan za procjenu magnetskih polja generisanih\u00a0 monitorima, televizorima, industrijskom opremom (magnetski separatori, elektromotorni ure\u0111aji, oprema za zavarivanje inertnim plinom &#8230;).<\/p>\n<p>&nbsp;<\/p>\n<p>Pored toga, koristi se za otkrivanje zra\u010denja u podru\u010dju be\u017ei\u010dne LAN, GSM ili za otkrivanje mikrotalasnog zra\u010denja. S frekvencijama do 3,5 GHz mo\u017ee se dobro koristiti i u HF rasponu.\u00a0 Mali, kompaktni mera\u010d elektrosmoga pogodan je za upotrebu u industrijskom okru\u017eenju kao i u laboratoriji zbog svojih posebnih svojstava.<\/p>\n<p>&#8211; troosna\u00a0 sonda (sferni oblik)<br \/>\n&#8211; Funkcija srednje vrijednosti<br \/>\n&#8211; Memorija za 99 izmjerenih vrijednosti<br \/>\n&#8211; podesiva granica sa alarmom<br \/>\n&#8211; veliki LCD ekran<br \/>\n&#8211; Frekvencijski raspon do 3,5 GHz<\/p>\n<p>Download:\u00a0 <a href=\"https:\/\/mjerna-tehnika.ba\/bs\/wp-content\/uploads\/Mjera\u010d-zra\u010denja-PCE-EM-29.pdf\">Mjera\u010d zra\u010denja PCE-EM 29<\/a><\/p>\n<p>&nbsp;<\/p>\n","protected":false},"featured_media":1473,"comment_status":"open","ping_status":"closed","template":"","meta":{"_uf_show_specific_survey":0,"_uf_disable_surveys":false},"product_brand":[],"product_cat":[75],"product_tag":[],"class_list":{"0":"post-1472","1":"product","2":"type-product","3":"status-publish","4":"has-post-thumbnail","6":"product_cat-mjeraci-zracenja","8":"first","9":"instock","10":"taxable","11":"shipping-taxable","12":"purchasable","13":"product-type-simple"},"aioseo_notices":[],"_links":{"self":[{"href":"https:\/\/mjerna-tehnika.ba\/bs\/index.php?rest_route=\/wp\/v2\/product\/1472","targetHints":{"allow":["GET"]}}],"collection":[{"href":"https:\/\/mjerna-tehnika.ba\/bs\/index.php?rest_route=\/wp\/v2\/product"}],"about":[{"href":"https:\/\/mjerna-tehnika.ba\/bs\/index.php?rest_route=\/wp\/v2\/types\/product"}],"replies":[{"embeddable":true,"href":"https:\/\/mjerna-tehnika.ba\/bs\/index.php?rest_route=%2Fwp%2Fv2%2Fcomments&post=1472"}],"wp:featuredmedia":[{"embeddable":true,"href":"https:\/\/mjerna-tehnika.ba\/bs\/index.php?rest_route=\/wp\/v2\/media\/1473"}],"wp:attachment":[{"href":"https:\/\/mjerna-tehnika.ba\/bs\/index.php?rest_route=%2Fwp%2Fv2%2Fmedia&parent=1472"}],"wp:term":[{"taxonomy":"product_brand","embeddable":true,"href":"https:\/\/mjerna-tehnika.ba\/bs\/index.php?rest_route=%2Fwp%2Fv2%2Fproduct_brand&post=1472"},{"taxonomy":"product_cat","embeddable":true,"href":"https:\/\/mjerna-tehnika.ba\/bs\/index.php?rest_route=%2Fwp%2Fv2%2Fproduct_cat&post=1472"},{"taxonomy":"product_tag","embeddable":true,"href":"https:\/\/mjerna-tehnika.ba\/bs\/index.php?rest_route=%2Fwp%2Fv2%2Fproduct_tag&post=1472"}],"curies":[{"name":"wp","href":"https:\/\/api.w.org\/{rel}","templated":true}]}}