{"id":1441,"date":"2019-04-30T12:10:40","date_gmt":"2019-04-30T12:10:40","guid":{"rendered":"https:\/\/mjerna-tehnika.ba\/bs\/product\/pjescani-sat-contra\/"},"modified":"2019-04-30T12:17:08","modified_gmt":"2019-04-30T12:17:08","slug":"pjescani-sat-contra","status":"publish","type":"product","link":"https:\/\/mjerna-tehnika.ba\/bs\/?product=pjescani-sat-contra","title":{"rendered":"Pje\u0161\u010dani sat CONTRA, TFA Dostmann"},"content":{"rendered":"<p>Tijelo od akrilnog stakla sa malim plasti\u010dnim perlicama<br \/>\nMale plasti\u010dne perle se kre\u0107u od dna prema vrhu<br \/>\nIzuzetan dizajn<br \/>\nTrajanje: ca. 10 min<br \/>\nIdealan kao ukras ili kao poklon<\/p>\n<p>Dimenzije:\u00a0(L) 65 x (B) 24 x (H) 117 mm<\/p>\n","protected":false},"excerpt":{"rendered":"<p>Tijelo od akrilnog stakla sa malim plasti\u010dnim perlicama<br \/>\nMale plasti\u010dne perle se kre\u0107u od dna prema vrhu<br \/>\nIzuzetan dizajn<br \/>\nTrajanje: ca. 10 min<br \/>\nIdealan kao ukras ili kao poklon<\/p>\n<p>Dimenzije:\u00a0(L) 65 x (B) 24 x (H) 117 mm<\/p>\n","protected":false},"featured_media":1442,"comment_status":"open","ping_status":"closed","template":"","meta":{"_uf_show_specific_survey":0,"_uf_disable_surveys":false},"product_brand":[],"product_cat":[83],"product_tag":[],"class_list":{"0":"post-1441","1":"product","2":"type-product","3":"status-publish","4":"has-post-thumbnail","6":"product_cat-ostalo","8":"first","9":"instock","10":"taxable","11":"shipping-taxable","12":"purchasable","13":"product-type-simple"},"aioseo_notices":[],"_links":{"self":[{"href":"https:\/\/mjerna-tehnika.ba\/bs\/index.php?rest_route=\/wp\/v2\/product\/1441","targetHints":{"allow":["GET"]}}],"collection":[{"href":"https:\/\/mjerna-tehnika.ba\/bs\/index.php?rest_route=\/wp\/v2\/product"}],"about":[{"href":"https:\/\/mjerna-tehnika.ba\/bs\/index.php?rest_route=\/wp\/v2\/types\/product"}],"replies":[{"embeddable":true,"href":"https:\/\/mjerna-tehnika.ba\/bs\/index.php?rest_route=%2Fwp%2Fv2%2Fcomments&post=1441"}],"wp:featuredmedia":[{"embeddable":true,"href":"https:\/\/mjerna-tehnika.ba\/bs\/index.php?rest_route=\/wp\/v2\/media\/1442"}],"wp:attachment":[{"href":"https:\/\/mjerna-tehnika.ba\/bs\/index.php?rest_route=%2Fwp%2Fv2%2Fmedia&parent=1441"}],"wp:term":[{"taxonomy":"product_brand","embeddable":true,"href":"https:\/\/mjerna-tehnika.ba\/bs\/index.php?rest_route=%2Fwp%2Fv2%2Fproduct_brand&post=1441"},{"taxonomy":"product_cat","embeddable":true,"href":"https:\/\/mjerna-tehnika.ba\/bs\/index.php?rest_route=%2Fwp%2Fv2%2Fproduct_cat&post=1441"},{"taxonomy":"product_tag","embeddable":true,"href":"https:\/\/mjerna-tehnika.ba\/bs\/index.php?rest_route=%2Fwp%2Fv2%2Fproduct_tag&post=1441"}],"curies":[{"name":"wp","href":"https:\/\/api.w.org\/{rel}","templated":true}]}}