{"id":1436,"date":"2019-04-30T11:52:59","date_gmt":"2019-04-30T11:52:59","guid":{"rendered":"https:\/\/mjerna-tehnika.ba\/bs\/product\/termometar-galileo\/"},"modified":"2025-06-04T09:56:47","modified_gmt":"2025-06-04T09:56:47","slug":"termometar-galileo","status":"publish","type":"product","link":"https:\/\/mjerna-tehnika.ba\/bs\/?product=termometar-galileo","title":{"rendered":"Termometar Galileo, TFA Dostmann, 18.1019.01.54"},"content":{"rendered":"<p>Termometar napravljen od stakla, ispunjen te\u0107no\u0161\u0107u. Ovaj termometar baziran je na ideji Galileo Galileja. Tijelo iste te\u017eine i veli\u010dine kreta\u0107e se gore\/dole zavisno od kretanja temperature. Proizvodnja ovog termometra je izuzetno zahtjevna. Npr tijela unutar stakla razlikuju se u te\u017eini za tek 0,06 g.<\/p>\n<ul>\n<li>Mjerno podru\u010dje: 18..28 \u00b0C<\/li>\n<li>Podjela: 2 \u00b0C<\/li>\n<li>Dimenzije: (L) 47 (79) x (B) 47 (79) x (V) 440 mm<\/li>\n<li>Te\u017eina: 707g<\/li>\n<\/ul>\n","protected":false},"excerpt":{"rendered":"<p>Termometar napravljen od stakla, ispunjen te\u0107no\u0161\u0107u. Ovaj termometar baziran je na ideji Galileo Galileja. Tijelo iste te\u017eine i veli\u010dine kreta\u0107e se gore\/dole zavisno od kretanja temperature. Proizvodnja ovog termometra je izuzetno zahtjevna. Npr tijela unutar stakla razlikuju se u te\u017eini za tek 0,06 g.<\/p>\n<ul>\n<li>Mjerno podru\u010dje: 18..28 \u00b0C<\/li>\n<li>Podjela: 2 \u00b0C<\/li>\n<li>Dimenzije: (L) 47 (79) x (B) 47 (79) x (V) 440 mm<\/li>\n<li>Te\u017eina: 707g<\/li>\n<\/ul>\n","protected":false},"featured_media":2381,"comment_status":"open","ping_status":"closed","template":"","meta":{"_uf_show_specific_survey":0,"_uf_disable_surveys":false},"product_brand":[],"product_cat":[83,40],"product_tag":[],"class_list":{"0":"post-1436","1":"product","2":"type-product","3":"status-publish","4":"has-post-thumbnail","6":"product_cat-ostalo","7":"product_cat-termometri","9":"first","10":"instock","11":"taxable","12":"shipping-taxable","13":"purchasable","14":"product-type-simple"},"aioseo_notices":[],"_links":{"self":[{"href":"https:\/\/mjerna-tehnika.ba\/bs\/index.php?rest_route=\/wp\/v2\/product\/1436","targetHints":{"allow":["GET"]}}],"collection":[{"href":"https:\/\/mjerna-tehnika.ba\/bs\/index.php?rest_route=\/wp\/v2\/product"}],"about":[{"href":"https:\/\/mjerna-tehnika.ba\/bs\/index.php?rest_route=\/wp\/v2\/types\/product"}],"replies":[{"embeddable":true,"href":"https:\/\/mjerna-tehnika.ba\/bs\/index.php?rest_route=%2Fwp%2Fv2%2Fcomments&post=1436"}],"wp:featuredmedia":[{"embeddable":true,"href":"https:\/\/mjerna-tehnika.ba\/bs\/index.php?rest_route=\/wp\/v2\/media\/2381"}],"wp:attachment":[{"href":"https:\/\/mjerna-tehnika.ba\/bs\/index.php?rest_route=%2Fwp%2Fv2%2Fmedia&parent=1436"}],"wp:term":[{"taxonomy":"product_brand","embeddable":true,"href":"https:\/\/mjerna-tehnika.ba\/bs\/index.php?rest_route=%2Fwp%2Fv2%2Fproduct_brand&post=1436"},{"taxonomy":"product_cat","embeddable":true,"href":"https:\/\/mjerna-tehnika.ba\/bs\/index.php?rest_route=%2Fwp%2Fv2%2Fproduct_cat&post=1436"},{"taxonomy":"product_tag","embeddable":true,"href":"https:\/\/mjerna-tehnika.ba\/bs\/index.php?rest_route=%2Fwp%2Fv2%2Fproduct_tag&post=1436"}],"curies":[{"name":"wp","href":"https:\/\/api.w.org\/{rel}","templated":true}]}}