{"id":1380,"date":"2019-02-23T14:00:53","date_gmt":"2019-02-23T14:00:53","guid":{"rendered":"https:\/\/mjerna-tehnika.ba\/bs\/product\/mjerac-tvrdoce-durometar-sormetar-ts-00-shore-00\/"},"modified":"2019-08-08T09:48:09","modified_gmt":"2019-08-08T09:48:09","slug":"mjerac-tvrdoce-durometar-sormetar-ts-00-shore-00","status":"publish","type":"product","link":"https:\/\/mjerna-tehnika.ba\/bs\/?product=mjerac-tvrdoce-durometar-sormetar-ts-00-shore-00","title":{"rendered":"Mjera\u010d tvrdo\u0107e, durometar, \u0161ormetar TS00"},"content":{"rendered":"","protected":false},"excerpt":{"rendered":"<h4>Digitalni mjera\u010d tvrdo\u0107e &#8211; durometar &#8211; \u0161ormetar za spu\u017evu, pjenu, ko\u017eu,&#8230;<\/h4>\n<p>Digitalni durometar, \u0161ormetar TS00 standardni model za mjerenje tvrdo\u0107e\u00a0 spu\u017eve, pjene, ko\u017ee u Shore 00.<\/p>\n<p>&nbsp;<\/p>\n<p>Katalog:\u00a0<a href=\"https:\/\/mjerna-tehnika.ba\/bs\/wp-content\/uploads\/DUROMETAR-TS-OO-shore-OO.pdf\">DUROMETAR TS-OO shore OO<\/a><\/p>\n<p>&nbsp;<\/p>\n","protected":false},"featured_media":1373,"comment_status":"open","ping_status":"closed","template":"","meta":{"_uf_show_specific_survey":0,"_uf_disable_surveys":false},"product_brand":[],"product_cat":[76,94],"product_tag":[],"class_list":{"0":"post-1380","1":"product","2":"type-product","3":"status-publish","4":"has-post-thumbnail","6":"product_cat-ispitivanje-materijala","7":"product_cat-mjeraci-tvrdoce","9":"first","10":"instock","11":"taxable","12":"shipping-taxable","13":"purchasable","14":"product-type-simple"},"aioseo_notices":[],"_links":{"self":[{"href":"https:\/\/mjerna-tehnika.ba\/bs\/index.php?rest_route=\/wp\/v2\/product\/1380","targetHints":{"allow":["GET"]}}],"collection":[{"href":"https:\/\/mjerna-tehnika.ba\/bs\/index.php?rest_route=\/wp\/v2\/product"}],"about":[{"href":"https:\/\/mjerna-tehnika.ba\/bs\/index.php?rest_route=\/wp\/v2\/types\/product"}],"replies":[{"embeddable":true,"href":"https:\/\/mjerna-tehnika.ba\/bs\/index.php?rest_route=%2Fwp%2Fv2%2Fcomments&post=1380"}],"wp:featuredmedia":[{"embeddable":true,"href":"https:\/\/mjerna-tehnika.ba\/bs\/index.php?rest_route=\/wp\/v2\/media\/1373"}],"wp:attachment":[{"href":"https:\/\/mjerna-tehnika.ba\/bs\/index.php?rest_route=%2Fwp%2Fv2%2Fmedia&parent=1380"}],"wp:term":[{"taxonomy":"product_brand","embeddable":true,"href":"https:\/\/mjerna-tehnika.ba\/bs\/index.php?rest_route=%2Fwp%2Fv2%2Fproduct_brand&post=1380"},{"taxonomy":"product_cat","embeddable":true,"href":"https:\/\/mjerna-tehnika.ba\/bs\/index.php?rest_route=%2Fwp%2Fv2%2Fproduct_cat&post=1380"},{"taxonomy":"product_tag","embeddable":true,"href":"https:\/\/mjerna-tehnika.ba\/bs\/index.php?rest_route=%2Fwp%2Fv2%2Fproduct_tag&post=1380"}],"curies":[{"name":"wp","href":"https:\/\/api.w.org\/{rel}","templated":true}]}}