{"id":1378,"date":"2019-02-23T13:55:38","date_gmt":"2019-02-23T13:55:38","guid":{"rendered":"https:\/\/mjerna-tehnika.ba\/bs\/product\/mjerac-tvrdoce-durometar-shormetar-ts180a-shore-a\/"},"modified":"2019-08-08T09:48:19","modified_gmt":"2019-08-08T09:48:19","slug":"mjerac-tvrdoce-durometar-shormetar-ts180a-shore-a","status":"publish","type":"product","link":"https:\/\/mjerna-tehnika.ba\/bs\/?product=mjerac-tvrdoce-durometar-shormetar-ts180a-shore-a","title":{"rendered":"Mjera\u010d tvrdo\u0107e, durometar, \u0161ormetar TS180A, Shore A"},"content":{"rendered":"<table width=\"600\" cellspacing=\"0\" cellpadding=\"0\">\n<tbody>\n<tr>\n<td valign=\"top\" width=\"300\">\n<p align=\"left\">Mjerno podru\u010dje<\/p>\n<\/td>\n<td valign=\"top\" width=\"300\">\n<p align=\"left\">0 &#8230; 100 Shore A<\/p>\n<\/td>\n<\/tr>\n<tr>\n<td valign=\"top\" width=\"300\">Rezolucija<\/td>\n<td valign=\"top\" width=\"300\">0,5 H\u00e4rte &#8211; Grade<\/td>\n<\/tr>\n<tr>\n<td valign=\"top\" width=\"300\">Ta\u010dnost<\/td>\n<td valign=\"top\" width=\"300\">\u00b11 H\u00e4rte &#8211; Grade<\/td>\n<\/tr>\n<tr>\n<td valign=\"top\" width=\"300\">\n<p align=\"left\">Dubina<\/p>\n<\/td>\n<td valign=\"top\" width=\"300\">\n<p align=\"left\">0 &#8230; 2.5 mm<\/p>\n<\/td>\n<\/tr>\n<tr>\n<td valign=\"top\" width=\"300\">\n<p align=\"left\">Snaga<\/p>\n<\/td>\n<td valign=\"top\" width=\"300\">\n<p align=\"left\">12,5 N<\/p>\n<\/td>\n<\/tr>\n<tr>\n<td valign=\"top\" width=\"300\">\n<p align=\"left\">Penetrator<\/p>\n<\/td>\n<td valign=\"top\" width=\"300\">35\u00b0<\/td>\n<\/tr>\n<tr>\n<td valign=\"top\" width=\"300\">\n<p align=\"left\">Dimenzije<\/p>\n<\/td>\n<td valign=\"top\" width=\"300\">\n<p align=\"left\">115 x 60 x 25 mm<\/p>\n<\/td>\n<\/tr>\n<tr>\n<td valign=\"top\" width=\"300\">\n<p align=\"left\">Baterije<\/p>\n<\/td>\n<td valign=\"top\" width=\"300\"><span lang=\"EN-US\">1<\/span><span lang=\"EN-US\">\u00a0x 1,5 V (SR44)<\/span><\/td>\n<\/tr>\n<tr>\n<td valign=\"top\" width=\"300\">\n<p align=\"left\">Te\u017eina<\/p>\n<\/td>\n<td valign=\"top\" width=\"300\">\n<p align=\"left\">ca. 300 g<\/p>\n<\/td>\n<\/tr>\n<\/tbody>\n<\/table>\n","protected":false},"excerpt":{"rendered":"<h4>Digitalni mjera\u010d tvrdo\u0107e &#8211; durometar &#8211; \u0161ormetar za meke gume, prirodne gume, elastomere, neopren, smole, mekani PVC, ko\u017eu,&#8230;<\/h4>\n<p>Digitalni durometar, \u0161ormetar TS180A standardni model za mjerenje tvrdo\u0107e meke gume, prirodne gume, elastomere, neopren, smole, mekani PVC, ko\u017eu u Shore A.\u00a0 Ako je uzorak tanji, treba ga poja\u010dati sa istim uzorkom na pole\u0111ini iz razloga pove\u0107anja debljine. Kao opcionalni pribor ispru\u010dujemo durometar sa kalibracijskim certifikatom. U tom slu\u010daju se durometar Shore A kalibri\u0161e u eksternom laboratoriju, a vrijeme isporuke se produ\u017euje za cca 7-10 dana.<\/p>\n<p>&nbsp;<\/p>\n<p>Katalog:\u00a0<a href=\"https:\/\/mjerna-tehnika.ba\/bs\/wp-content\/uploads\/DUROMETAR-TS150A-Shore-A.pdf\">DUROMETAR TS150A, Shore A<\/a><\/p>\n<p>&nbsp;<\/p>\n","protected":false},"featured_media":1375,"comment_status":"open","ping_status":"closed","template":"","meta":{"_uf_show_specific_survey":0,"_uf_disable_surveys":false},"product_brand":[],"product_cat":[76,94],"product_tag":[],"class_list":{"0":"post-1378","1":"product","2":"type-product","3":"status-publish","4":"has-post-thumbnail","6":"product_cat-ispitivanje-materijala","7":"product_cat-mjeraci-tvrdoce","9":"first","10":"instock","11":"taxable","12":"shipping-taxable","13":"purchasable","14":"product-type-simple"},"aioseo_notices":[],"_links":{"self":[{"href":"https:\/\/mjerna-tehnika.ba\/bs\/index.php?rest_route=\/wp\/v2\/product\/1378","targetHints":{"allow":["GET"]}}],"collection":[{"href":"https:\/\/mjerna-tehnika.ba\/bs\/index.php?rest_route=\/wp\/v2\/product"}],"about":[{"href":"https:\/\/mjerna-tehnika.ba\/bs\/index.php?rest_route=\/wp\/v2\/types\/product"}],"replies":[{"embeddable":true,"href":"https:\/\/mjerna-tehnika.ba\/bs\/index.php?rest_route=%2Fwp%2Fv2%2Fcomments&post=1378"}],"wp:featuredmedia":[{"embeddable":true,"href":"https:\/\/mjerna-tehnika.ba\/bs\/index.php?rest_route=\/wp\/v2\/media\/1375"}],"wp:attachment":[{"href":"https:\/\/mjerna-tehnika.ba\/bs\/index.php?rest_route=%2Fwp%2Fv2%2Fmedia&parent=1378"}],"wp:term":[{"taxonomy":"product_brand","embeddable":true,"href":"https:\/\/mjerna-tehnika.ba\/bs\/index.php?rest_route=%2Fwp%2Fv2%2Fproduct_brand&post=1378"},{"taxonomy":"product_cat","embeddable":true,"href":"https:\/\/mjerna-tehnika.ba\/bs\/index.php?rest_route=%2Fwp%2Fv2%2Fproduct_cat&post=1378"},{"taxonomy":"product_tag","embeddable":true,"href":"https:\/\/mjerna-tehnika.ba\/bs\/index.php?rest_route=%2Fwp%2Fv2%2Fproduct_tag&post=1378"}],"curies":[{"name":"wp","href":"https:\/\/api.w.org\/{rel}","templated":true}]}}