{"id":1377,"date":"2019-02-23T13:42:04","date_gmt":"2019-02-23T13:42:04","guid":{"rendered":"https:\/\/mjerna-tehnika.ba\/bs\/product\/mjerac-tvrdoce-durometar-sormetar-ts180d-shore-d\/"},"modified":"2019-08-08T09:48:33","modified_gmt":"2019-08-08T09:48:33","slug":"mjerac-tvrdoce-durometar-sormetar-ts180d-shore-d","status":"publish","type":"product","link":"https:\/\/mjerna-tehnika.ba\/bs\/?product=mjerac-tvrdoce-durometar-sormetar-ts180d-shore-d","title":{"rendered":"Mjera\u010d tvrdo\u0107e, durometar, \u0161ormetar TS180D, Shore D"},"content":{"rendered":"","protected":false},"excerpt":{"rendered":"<h4>Digitalni mjera\u010d tvrdo\u0107e &#8211; durometar &#8211; \u0161ormetar za tvrdu gumu, termoplastiku,&#8230;<\/h4>\n<p>Digitalni durometar, \u0161ormetar TS180D standardni model za mjerenje tvrdo\u0107e tvrde gume, termoplastike u Shore D.\u00a0 Kao opcionalni pribor ispru\u010dujemo durometar sa kalibracijskim certifikatom. U tom slu\u010daju se durometar Shore D kalibri\u0161e u eksternom laboratoriju, a vrijeme isporuke se produ\u017euje za cca 7-10 dana.<\/p>\n<p>&nbsp;<\/p>\n","protected":false},"featured_media":1374,"comment_status":"open","ping_status":"closed","template":"","meta":{"_uf_show_specific_survey":0,"_uf_disable_surveys":false},"product_brand":[],"product_cat":[76,94],"product_tag":[],"class_list":{"0":"post-1377","1":"product","2":"type-product","3":"status-publish","4":"has-post-thumbnail","6":"product_cat-ispitivanje-materijala","7":"product_cat-mjeraci-tvrdoce","9":"first","10":"instock","11":"taxable","12":"shipping-taxable","13":"purchasable","14":"product-type-simple"},"aioseo_notices":[],"_links":{"self":[{"href":"https:\/\/mjerna-tehnika.ba\/bs\/index.php?rest_route=\/wp\/v2\/product\/1377","targetHints":{"allow":["GET"]}}],"collection":[{"href":"https:\/\/mjerna-tehnika.ba\/bs\/index.php?rest_route=\/wp\/v2\/product"}],"about":[{"href":"https:\/\/mjerna-tehnika.ba\/bs\/index.php?rest_route=\/wp\/v2\/types\/product"}],"replies":[{"embeddable":true,"href":"https:\/\/mjerna-tehnika.ba\/bs\/index.php?rest_route=%2Fwp%2Fv2%2Fcomments&post=1377"}],"wp:featuredmedia":[{"embeddable":true,"href":"https:\/\/mjerna-tehnika.ba\/bs\/index.php?rest_route=\/wp\/v2\/media\/1374"}],"wp:attachment":[{"href":"https:\/\/mjerna-tehnika.ba\/bs\/index.php?rest_route=%2Fwp%2Fv2%2Fmedia&parent=1377"}],"wp:term":[{"taxonomy":"product_brand","embeddable":true,"href":"https:\/\/mjerna-tehnika.ba\/bs\/index.php?rest_route=%2Fwp%2Fv2%2Fproduct_brand&post=1377"},{"taxonomy":"product_cat","embeddable":true,"href":"https:\/\/mjerna-tehnika.ba\/bs\/index.php?rest_route=%2Fwp%2Fv2%2Fproduct_cat&post=1377"},{"taxonomy":"product_tag","embeddable":true,"href":"https:\/\/mjerna-tehnika.ba\/bs\/index.php?rest_route=%2Fwp%2Fv2%2Fproduct_tag&post=1377"}],"curies":[{"name":"wp","href":"https:\/\/api.w.org\/{rel}","templated":true}]}}