{"id":1372,"date":"2019-02-23T13:36:02","date_gmt":"2019-02-23T13:36:02","guid":{"rendered":"https:\/\/mjerna-tehnika.ba\/bs\/product\/mjerac-tvrdoce-durometar-sormetar-pce-dd-d-shore-d\/"},"modified":"2019-08-08T09:48:43","modified_gmt":"2019-08-08T09:48:43","slug":"mjerac-tvrdoce-durometar-sormetar-pce-dd-d-shore-d","status":"publish","type":"product","link":"https:\/\/mjerna-tehnika.ba\/bs\/?product=mjerac-tvrdoce-durometar-sormetar-pce-dd-d-shore-d","title":{"rendered":"Mjera\u010d tvrdo\u0107e, durometar, \u0161ormetar PCE-DD-D, Shore D"},"content":{"rendered":"<table width=\"600\" cellspacing=\"0\" cellpadding=\"0\">\n<tbody>\n<tr>\n<td valign=\"top\" width=\"300\">\n<p align=\"left\">Mjerno podru\u010dje<\/p>\n<\/td>\n<td valign=\"top\" width=\"300\">\n<p align=\"left\">0 &#8230; 100 Shore D<\/p>\n<\/td>\n<\/tr>\n<tr>\n<td valign=\"top\" width=\"300\">Rezolucija<\/td>\n<td valign=\"top\" width=\"300\">0,5 H\u00e4rte &#8211; Grade<\/td>\n<\/tr>\n<tr>\n<td valign=\"top\" width=\"300\">Ta\u010dnost<\/td>\n<td valign=\"top\" width=\"300\">\u00b11 H\u00e4rte &#8211; Grade<\/td>\n<\/tr>\n<tr>\n<td valign=\"top\" width=\"300\">\n<p align=\"left\">Dubina<\/p>\n<\/td>\n<td valign=\"top\" width=\"300\">\n<p align=\"left\">0 &#8230; 2.5 mm<\/p>\n<\/td>\n<\/tr>\n<tr>\n<td valign=\"top\" width=\"300\">\n<p align=\"left\">Snaga<\/p>\n<\/td>\n<td valign=\"top\" width=\"300\">\n<p align=\"left\">5 Kg<\/p>\n<\/td>\n<\/tr>\n<tr>\n<td valign=\"top\" width=\"300\">\n<p align=\"left\">Penetrator<\/p>\n<\/td>\n<td valign=\"top\" width=\"300\">30\u00b0<\/td>\n<\/tr>\n<tr>\n<td valign=\"top\" width=\"300\">\n<p align=\"left\">Dimenzije<\/p>\n<\/td>\n<td valign=\"top\" width=\"300\">\n<p align=\"left\">85 x 60 x 25 mm<\/p>\n<\/td>\n<\/tr>\n<tr>\n<td valign=\"top\" width=\"300\">\n<p align=\"left\">Baterije<\/p>\n<\/td>\n<td valign=\"top\" width=\"300\"><span lang=\"EN-US\">1<\/span><span lang=\"EN-US\">\u00a0x 1,5 V (SR44)<\/span><\/td>\n<\/tr>\n<tr>\n<td valign=\"top\" width=\"300\">\n<p align=\"left\">Te\u017eina<\/p>\n<\/td>\n<td valign=\"top\" width=\"300\">\n<p align=\"left\">ca. 300 g<\/p>\n<\/td>\n<\/tr>\n<\/tbody>\n<\/table>\n<p>&nbsp;<\/p>\n","protected":false},"excerpt":{"rendered":"<h4>Digitalni mjera\u010d tvrdo\u0107e &#8211; durometar &#8211; \u0161ormetar za tvrdu gumu, termoplastiku,&#8230;<\/h4>\n<p>Digitalni durometar, \u0161ormetar PCE-DD-D standardni model za mjerenje tvrdo\u0107e tvrde gume, termoplastike u Shore D.\u00a0 Kao opcionalni pribor ispru\u010dujemo durometar sa kalibracijskim certifikatom. U tom slu\u010daju se durometar Shore D kalibri\u0161e u eksternom laboratoriju, a vrijeme isporuke se produ\u017euje za cca 7-10 dana.<\/p>\n<p>Katalog:\u00a0\u00a0<a href=\"https:\/\/mjerna-tehnika.ba\/bs\/wp-content\/uploads\/DUROMETAR-PCE-DD-D-Shore-D.pdf\">DUROMETAR PCE-DD- D Shore D<\/a><\/p>\n","protected":false},"featured_media":1374,"comment_status":"open","ping_status":"closed","template":"","meta":{"_uf_show_specific_survey":0,"_uf_disable_surveys":false},"product_brand":[],"product_cat":[76,94],"product_tag":[],"class_list":{"0":"post-1372","1":"product","2":"type-product","3":"status-publish","4":"has-post-thumbnail","6":"product_cat-ispitivanje-materijala","7":"product_cat-mjeraci-tvrdoce","9":"first","10":"instock","11":"taxable","12":"shipping-taxable","13":"purchasable","14":"product-type-simple"},"aioseo_notices":[],"_links":{"self":[{"href":"https:\/\/mjerna-tehnika.ba\/bs\/index.php?rest_route=\/wp\/v2\/product\/1372","targetHints":{"allow":["GET"]}}],"collection":[{"href":"https:\/\/mjerna-tehnika.ba\/bs\/index.php?rest_route=\/wp\/v2\/product"}],"about":[{"href":"https:\/\/mjerna-tehnika.ba\/bs\/index.php?rest_route=\/wp\/v2\/types\/product"}],"replies":[{"embeddable":true,"href":"https:\/\/mjerna-tehnika.ba\/bs\/index.php?rest_route=%2Fwp%2Fv2%2Fcomments&post=1372"}],"wp:featuredmedia":[{"embeddable":true,"href":"https:\/\/mjerna-tehnika.ba\/bs\/index.php?rest_route=\/wp\/v2\/media\/1374"}],"wp:attachment":[{"href":"https:\/\/mjerna-tehnika.ba\/bs\/index.php?rest_route=%2Fwp%2Fv2%2Fmedia&parent=1372"}],"wp:term":[{"taxonomy":"product_brand","embeddable":true,"href":"https:\/\/mjerna-tehnika.ba\/bs\/index.php?rest_route=%2Fwp%2Fv2%2Fproduct_brand&post=1372"},{"taxonomy":"product_cat","embeddable":true,"href":"https:\/\/mjerna-tehnika.ba\/bs\/index.php?rest_route=%2Fwp%2Fv2%2Fproduct_cat&post=1372"},{"taxonomy":"product_tag","embeddable":true,"href":"https:\/\/mjerna-tehnika.ba\/bs\/index.php?rest_route=%2Fwp%2Fv2%2Fproduct_tag&post=1372"}],"curies":[{"name":"wp","href":"https:\/\/api.w.org\/{rel}","templated":true}]}}