{"id":1365,"date":"2019-02-23T13:24:30","date_gmt":"2019-02-23T13:24:30","guid":{"rendered":"https:\/\/mjerna-tehnika.ba\/bs\/product\/mjerac-tvrdoce-pce-dx-as-shore-a\/"},"modified":"2019-08-08T09:48:56","modified_gmt":"2019-08-08T09:48:56","slug":"mjerac-tvrdoce-pce-dx-as-shore-a","status":"publish","type":"product","link":"https:\/\/mjerna-tehnika.ba\/bs\/?product=mjerac-tvrdoce-pce-dx-as-shore-a","title":{"rendered":"Mjera\u010d tvrdo\u0107e, durometar, \u0161ormetar PCE-DX-AS, Shore A"},"content":{"rendered":"<table width=\"600\">\n<tbody>\n<tr>\n<td colspan=\"2\" width=\"598\"><strong>Tehni\u010dke karakteristike<\/strong><\/td>\n<\/tr>\n<tr>\n<td width=\"296\">Anpresskraft<\/td>\n<td width=\"301\">0 &#8230; 12,5 N<\/td>\n<\/tr>\n<tr>\n<td width=\"296\">Eindringk\u00f6rper<\/td>\n<td width=\"301\">35 \u00b0 (nach Shore A)<\/td>\n<\/tr>\n<tr>\n<td width=\"296\">Uhrendurchmesser<\/td>\n<td width=\"301\">57 mm<\/td>\n<\/tr>\n<tr>\n<td width=\"296\">Gesamtl\u00e4nge<\/td>\n<td width=\"301\">110 mm<\/td>\n<\/tr>\n<tr>\n<td width=\"296\">Anzeigebereich<\/td>\n<td width=\"301\">0 &#8230; 100<\/td>\n<\/tr>\n<tr>\n<td width=\"296\">Messbereich<\/td>\n<td width=\"301\">10 &#8230; 90 (unter 10 und \u00fcber 90<br \/>\nerniedrigt sich die Genauigkeit)<\/td>\n<\/tr>\n<tr>\n<td width=\"296\">Fehlergrenze<\/td>\n<td width=\"301\">\u00b12<\/td>\n<\/tr>\n<tr>\n<td width=\"296\">Skalenteilung<\/td>\n<td width=\"301\">1<\/td>\n<\/tr>\n<tr>\n<td width=\"296\">Schleppzeiger<\/td>\n<td width=\"301\">ja<\/td>\n<\/tr>\n<tr>\n<td width=\"296\">Gewicht<\/p>\n<p>&nbsp;<\/td>\n<td width=\"301\">160 g<\/td>\n<\/tr>\n<tr>\n<td colspan=\"2\" width=\"598\"><strong>Lieferumfang<\/strong><br \/>\n1 x\u00a0Shore-H\u00e4rte-Pr\u00fcfger\u00e4t PCE-DX-AS (Shore A) mit Schleppzeiger, 1 x Ger\u00e4tebox, Anleitung<\/td>\n<\/tr>\n<\/tbody>\n<\/table>\n<p>&nbsp;<\/p>\n<p>&nbsp;<\/p>\n","protected":false},"excerpt":{"rendered":"<h4>Mehani\u010dki mjera\u010d tvrdo\u0107e &#8211; durometar &#8211; \u0161ormetar za mekanu gumu, kau\u010duk i elastomere<\/h4>\n<p>Durometar, \u0161ormetar PCE-DX-AS je standardni model za mjerenje tvrdo\u0107e mekane sintetike u Shore A. Ovaj Durometar se sastoji od mjernog dijela sa preciznom oprugom, mjernog tastera i mjerne skale sa ta\u010dno\u0161\u0107u o\u010ditavanja od 0,5 jedinica tvrdo\u0107e, \u0161ora. Kao opcionalni pribor ispru\u010dujemo durometar sa kalibracijskim certifikatom. U tom slu\u010daju se durometar Shore A kalibri\u0161e u eksternom laboratoriju, a vrijeme isporuke se produ\u017euje za cca 7-10 dana.<\/p>\n<p>Katalog:\u00a0\u00a0<a href=\"https:\/\/mjerna-tehnika.ba\/bs\/wp-content\/uploads\/DUROMETAR-PCE-DX-AS-Shore-A.pdf\">DUROMETAR PCE-DX-AS Shore A<\/a><\/p>\n","protected":false},"featured_media":1370,"comment_status":"open","ping_status":"closed","template":"","meta":{"_uf_show_specific_survey":0,"_uf_disable_surveys":false},"product_brand":[],"product_cat":[76,94],"product_tag":[],"class_list":{"0":"post-1365","1":"product","2":"type-product","3":"status-publish","4":"has-post-thumbnail","6":"product_cat-ispitivanje-materijala","7":"product_cat-mjeraci-tvrdoce","9":"first","10":"instock","11":"taxable","12":"shipping-taxable","13":"purchasable","14":"product-type-simple"},"aioseo_notices":[],"_links":{"self":[{"href":"https:\/\/mjerna-tehnika.ba\/bs\/index.php?rest_route=\/wp\/v2\/product\/1365","targetHints":{"allow":["GET"]}}],"collection":[{"href":"https:\/\/mjerna-tehnika.ba\/bs\/index.php?rest_route=\/wp\/v2\/product"}],"about":[{"href":"https:\/\/mjerna-tehnika.ba\/bs\/index.php?rest_route=\/wp\/v2\/types\/product"}],"replies":[{"embeddable":true,"href":"https:\/\/mjerna-tehnika.ba\/bs\/index.php?rest_route=%2Fwp%2Fv2%2Fcomments&post=1365"}],"wp:featuredmedia":[{"embeddable":true,"href":"https:\/\/mjerna-tehnika.ba\/bs\/index.php?rest_route=\/wp\/v2\/media\/1370"}],"wp:attachment":[{"href":"https:\/\/mjerna-tehnika.ba\/bs\/index.php?rest_route=%2Fwp%2Fv2%2Fmedia&parent=1365"}],"wp:term":[{"taxonomy":"product_brand","embeddable":true,"href":"https:\/\/mjerna-tehnika.ba\/bs\/index.php?rest_route=%2Fwp%2Fv2%2Fproduct_brand&post=1365"},{"taxonomy":"product_cat","embeddable":true,"href":"https:\/\/mjerna-tehnika.ba\/bs\/index.php?rest_route=%2Fwp%2Fv2%2Fproduct_cat&post=1365"},{"taxonomy":"product_tag","embeddable":true,"href":"https:\/\/mjerna-tehnika.ba\/bs\/index.php?rest_route=%2Fwp%2Fv2%2Fproduct_tag&post=1365"}],"curies":[{"name":"wp","href":"https:\/\/api.w.org\/{rel}","templated":true}]}}