{"id":1361,"date":"2019-02-23T13:06:34","date_gmt":"2019-02-23T13:06:34","guid":{"rendered":"https:\/\/mjerna-tehnika.ba\/bs\/?post_type=product&#038;p=1361"},"modified":"2019-08-08T09:49:05","modified_gmt":"2019-08-08T09:49:05","slug":"mjerac-tvrdoce-thl210","status":"publish","type":"product","link":"https:\/\/mjerna-tehnika.ba\/bs\/?product=mjerac-tvrdoce-thl210","title":{"rendered":"Mjera\u010d tvrdo\u0107e THL210"},"content":{"rendered":"<p>&nbsp;<\/p>\n<p>&nbsp;<\/p>\n<table>\n<tbody>\n<tr>\n<td width=\"220\">Mjerno podru\u010dje<\/td>\n<td width=\"281\">170 &#8230; 960 HLD<\/td>\n<\/tr>\n<tr>\n<td>Reproduzierbarkeit<\/td>\n<td width=\"281\">\u00b1 6 HLD<\/td>\n<\/tr>\n<tr>\n<td>Udara\u010d<\/td>\n<td width=\"281\">Typ D<\/td>\n<\/tr>\n<tr>\n<td>Messrichtung<\/td>\n<td width=\"281\">360\u00b0<\/td>\n<\/tr>\n<tr>\n<td>Skale<\/td>\n<td width=\"281\"><strong>HV, HB, HRC, HRB, HRA, HS<\/strong><\/td>\n<\/tr>\n<tr>\n<td><\/td>\n<td width=\"281\"><\/td>\n<\/tr>\n<tr>\n<td>Mindestgewicht des Werkst\u00fcckes<\/td>\n<td width=\"281\">Direkte Messung: 5 kg<br \/>\nAngebundene Messung: 2 &#8230; 5 kg<br \/>\nMit Koppelgel: 0,05 &#8230; 2 kg<\/td>\n<\/tr>\n<tr>\n<td>Mindestdicke vom Werkst\u00fcck<\/p>\n<p>&nbsp;<\/p>\n<p>Min. Radius des Werkst\u00fccks<\/p>\n<p>&nbsp;<\/p>\n<p>Min. Werkst\u00fcckdicke<\/p>\n<p>&nbsp;<\/p>\n<p>&nbsp;<\/p>\n<p>Mindest. Dicke der geh\u00e4rteten Oberfl\u00e4che<\/td>\n<td width=\"281\">Direkte Messung: &gt; 5mm<br \/>\nMit Koppelgel: 0,8 &#8230; 5 mm<\/p>\n<p>Rmin= 50mm (mit speziellem St\u00fctzring Rmin=10mm)<\/p>\n<p>5mm (Schlagger\u00e4t D\/DC\/DL\/D+15)<\/p>\n<p>1mm (Schlagger\u00e4t C)<\/p>\n<p>10mm (Schlagger\u00e4t G)<\/p>\n<p>0,8mm<\/td>\n<\/tr>\n<tr>\n<td>Display<\/td>\n<td width=\"281\">LCD<\/td>\n<\/tr>\n<tr>\n<td>Interner Messwertspeicher<\/td>\n<td width=\"281\">600 Datens\u00e4tze<\/td>\n<\/tr>\n<tr>\n<td>Schnittstelle<\/td>\n<td width=\"281\">USB<\/td>\n<\/tr>\n<tr>\n<td>Spannungsversorgung<\/td>\n<td width=\"281\">1,5 V AA Batterie<\/td>\n<\/tr>\n<tr>\n<td>Betriebsdauer<\/td>\n<td width=\"281\">ca. 100 Stunden<\/td>\n<\/tr>\n<tr>\n<td>Betriebsbedingungen<\/td>\n<td width=\"281\">10 &#8230; 50 \u00b0C \/ max. 90 % r.F.<\/td>\n<\/tr>\n<tr>\n<td>Lagerbedingungen<\/td>\n<td width=\"281\">-30 &#8230; 60 \u00b0C \/ max. 90 % r.F.<\/td>\n<\/tr>\n<tr>\n<td>Abmessungen<\/td>\n<td width=\"281\">125 x 67 x 31 mm<\/td>\n<\/tr>\n<tr>\n<td>Gewicht<\/td>\n<td width=\"281\">300 g<\/td>\n<\/tr>\n<\/tbody>\n<\/table>\n","protected":false},"excerpt":{"rendered":"<p>Mjera\u010d tvrdo\u0107e THL 210 razvijen je za mjerenje tvrdo\u0107e na metalnim materijalima. Ure\u0111aj za ispitivanje tvrdo\u0107e mjeri tvrdo\u0107u materijala u HV, HB, HRC, HRB, HRA, HS. Udara\u010d udara u radni predmet, a tvrdo\u0107a metala se mjeri pomo\u0107u odskoka.<br \/>\nTipke su osvijetljene THL 210, tako da se display mo\u017ee o\u010ditavati \u010dak i u uslovima slabog osvjetljenja. Udara\u010d je priklju\u010den je na ispitiva\u010d tvrdo\u0107e putem kabla. Ispitiva\u010d tvrdo\u0107e THL 210 ima internu memoriju od 600 setova mjernih vrijednosti. Memorija tako omogu\u0107ava dokumentiranje izmjerenih vrijednosti. Preko integrisanog USB interfejsa, izmjerene vrijednosti se mogu prenositi sa testera tvrdo\u0107e na ra\u010dunar pomo\u0107u softvera. Mjera\u010d tvrdo\u0107e koristi 1,5 V AA baterije koje osiguravaju radni vijek od oko 100 sati.<\/p>\n<p>&nbsp;<\/p>\n<p>Katalog:\u00a0<a href=\"https:\/\/mjerna-tehnika.ba\/bs\/wp-content\/uploads\/MJERA\u010c-TVRDO\u0106E-THL210_de.pdf\">MJERA\u010c TVRDO\u0106E THL210_de<\/a><\/p>\n","protected":false},"featured_media":1363,"comment_status":"open","ping_status":"closed","template":"","meta":{"_uf_show_specific_survey":0,"_uf_disable_surveys":false},"product_brand":[],"product_cat":[76,94],"product_tag":[],"class_list":{"0":"post-1361","1":"product","2":"type-product","3":"status-publish","4":"has-post-thumbnail","6":"product_cat-ispitivanje-materijala","7":"product_cat-mjeraci-tvrdoce","9":"first","10":"instock","11":"taxable","12":"shipping-taxable","13":"purchasable","14":"product-type-simple"},"aioseo_notices":[],"_links":{"self":[{"href":"https:\/\/mjerna-tehnika.ba\/bs\/index.php?rest_route=\/wp\/v2\/product\/1361","targetHints":{"allow":["GET"]}}],"collection":[{"href":"https:\/\/mjerna-tehnika.ba\/bs\/index.php?rest_route=\/wp\/v2\/product"}],"about":[{"href":"https:\/\/mjerna-tehnika.ba\/bs\/index.php?rest_route=\/wp\/v2\/types\/product"}],"replies":[{"embeddable":true,"href":"https:\/\/mjerna-tehnika.ba\/bs\/index.php?rest_route=%2Fwp%2Fv2%2Fcomments&post=1361"}],"wp:featuredmedia":[{"embeddable":true,"href":"https:\/\/mjerna-tehnika.ba\/bs\/index.php?rest_route=\/wp\/v2\/media\/1363"}],"wp:attachment":[{"href":"https:\/\/mjerna-tehnika.ba\/bs\/index.php?rest_route=%2Fwp%2Fv2%2Fmedia&parent=1361"}],"wp:term":[{"taxonomy":"product_brand","embeddable":true,"href":"https:\/\/mjerna-tehnika.ba\/bs\/index.php?rest_route=%2Fwp%2Fv2%2Fproduct_brand&post=1361"},{"taxonomy":"product_cat","embeddable":true,"href":"https:\/\/mjerna-tehnika.ba\/bs\/index.php?rest_route=%2Fwp%2Fv2%2Fproduct_cat&post=1361"},{"taxonomy":"product_tag","embeddable":true,"href":"https:\/\/mjerna-tehnika.ba\/bs\/index.php?rest_route=%2Fwp%2Fv2%2Fproduct_tag&post=1361"}],"curies":[{"name":"wp","href":"https:\/\/api.w.org\/{rel}","templated":true}]}}