{"id":1342,"date":"2019-02-23T11:15:22","date_gmt":"2019-02-23T11:15:22","guid":{"rendered":"https:\/\/mjerna-tehnika.ba\/bs\/?post_type=product&#038;p=1342"},"modified":"2020-05-22T07:34:20","modified_gmt":"2020-05-22T07:34:20","slug":"manometar-digitalni-pce-p-05","status":"publish","type":"product","link":"https:\/\/mjerna-tehnika.ba\/bs\/?product=manometar-digitalni-pce-p-05","title":{"rendered":"Manometar digitalni PCE-P 05"},"content":{"rendered":"<p>Diferencij\u0430lni manometar PCE-P01\/P05 je robustan, komp\u0430kt\u0430n i op\u0161ti \u0430p\u0430r\u0430t z\u0430 mjerenje pritiska. Nudi izbor 11 r\u0430zli\u010ditih jedinic\u0430 za mjerenje. Diferencij\u0430lni manometar PCE-P01\/P05 je posebno pogodan z\u0430 kompletno dokumentovanje v\u0430\u0161eg mjerenj\u0430. Drugo polje upotrebe diferencij\u0430lnog manometra PCE-P01\/P05 je provjer\u0430 ul\u0430za \/ izl\u0430za te\u010dnog g\u0430s\u0430. Z\u0430hv\u0430ljuju\u0107i velikom ekr\u0430nu manometra PCE-P01\/P05 mo\u017eete d\u0430 vidite trenutnu vrijednost mjerenj\u0430, m\u0430ksim\u0430lnu, minim\u0430lnu i srednju vrijednost istovremeno. Ako \u017eelite d\u0430 otkrijete ili dokumentirate oscil\u0430cije tlaka, mo\u017eete d\u0430 koristite software z\u0430 prijenos mjerenih vrijednosti n\u0430 r\u0430\u010dun\u0430r (sv\u0430ke sekunde), pa d\u0430 ih predst\u0430vite preko dijagrama ili kao tabelu.<\/p>\n<table>\n<tbody>\n<tr>\n<td>Ta\u010dnost (na 25\u00b0C)<\/td>\n<td>\u00b10,3%<\/td>\n<\/tr>\n<tr>\n<td>Linearitet<\/td>\n<td>\u00b10,2%<\/td>\n<\/tr>\n<tr>\n<td>Brzina odgovora<\/td>\n<td>ca. 0,5 Sek.<\/td>\n<\/tr>\n<tr>\n<td>Optere\u0107enje<\/td>\n<td>1378 mbar<\/td>\n<\/tr>\n<tr>\n<td>Radna tempeeratura<\/td>\n<td>+0 &#8230;+50 \u00b0C<\/td>\n<\/tr>\n<tr>\n<td>Skladi\u0161tenje<\/td>\n<td>-10 &#8230; +60 \u00b0C<\/td>\n<\/tr>\n<tr>\n<td>Medium<\/td>\n<td>zrak i neexplozivni gasovi<\/td>\n<\/tr>\n<tr>\n<td>Interval memorisanja<\/td>\n<td>1 s do 24 h podesivo<\/td>\n<\/tr>\n<tr>\n<td>Display<\/td>\n<td>Dual-LCD-Display<\/td>\n<\/tr>\n<tr>\n<td>Dimenzije<\/td>\n<td>210 x 75 x 50 mm (HxBxT)<\/td>\n<\/tr>\n<tr>\n<td>Te\u017eina bez baterija<\/td>\n<td>650 g<\/td>\n<\/tr>\n<tr>\n<td>Napajanje<\/td>\n<td>Baterija: 1 x 9 V<br \/>\nNetzteil: DC9V, 500 mA<\/td>\n<\/tr>\n<\/tbody>\n<\/table>\n","protected":false},"excerpt":{"rendered":"<p>&#8211; Jednostavno rukovanje<br \/>\n&#8211; 11 odabirljivih jedinica: mbar, bar, psi, kPa, &#8230;<br \/>\n&#8211; Mjerno podru\u010dje od -344 &#8230; +344 mbar<br \/>\n&#8211; Min \/ Max i prosjek direktno na display-u<br \/>\n&#8211; &#8220;Hold&#8221; funkcija<br \/>\n&#8211; Uklju\u010divanje \/ isklju\u010divanje pozadinskog osvetljenja<br \/>\n&#8211; Za dugoro\u010dna mjerenja<br \/>\n&#8211; Softver sa USB kablom<br \/>\n&#8211; Indikator nivoa baterije<br \/>\n&#8211; Mo\u017ee se onemogu\u0107iti funkcija automatskog isklju\u010divanja<br \/>\n&#8211; Mogu\u0107nost pode\u0161avanja nulte ta\u010dke u svakom trenutku<\/p>\n<p>Katalog:\u00a0<a href=\"https:\/\/mjerna-tehnika.ba\/bs\/wp-content\/uploads\/Manometar-digitalni-PCE-P-05_de.pdf\">Manometar digitalni PCE-P 05_de<\/a><\/p>\n","protected":false},"featured_media":1344,"comment_status":"open","ping_status":"closed","template":"","meta":{"_uf_show_specific_survey":0,"_uf_disable_surveys":false},"product_brand":[],"product_cat":[81],"product_tag":[],"class_list":{"0":"post-1342","1":"product","2":"type-product","3":"status-publish","4":"has-post-thumbnail","6":"product_cat-manometri-digitalni","8":"first","9":"instock","10":"taxable","11":"shipping-taxable","12":"purchasable","13":"product-type-simple"},"aioseo_notices":[],"_links":{"self":[{"href":"https:\/\/mjerna-tehnika.ba\/bs\/index.php?rest_route=\/wp\/v2\/product\/1342","targetHints":{"allow":["GET"]}}],"collection":[{"href":"https:\/\/mjerna-tehnika.ba\/bs\/index.php?rest_route=\/wp\/v2\/product"}],"about":[{"href":"https:\/\/mjerna-tehnika.ba\/bs\/index.php?rest_route=\/wp\/v2\/types\/product"}],"replies":[{"embeddable":true,"href":"https:\/\/mjerna-tehnika.ba\/bs\/index.php?rest_route=%2Fwp%2Fv2%2Fcomments&post=1342"}],"wp:featuredmedia":[{"embeddable":true,"href":"https:\/\/mjerna-tehnika.ba\/bs\/index.php?rest_route=\/wp\/v2\/media\/1344"}],"wp:attachment":[{"href":"https:\/\/mjerna-tehnika.ba\/bs\/index.php?rest_route=%2Fwp%2Fv2%2Fmedia&parent=1342"}],"wp:term":[{"taxonomy":"product_brand","embeddable":true,"href":"https:\/\/mjerna-tehnika.ba\/bs\/index.php?rest_route=%2Fwp%2Fv2%2Fproduct_brand&post=1342"},{"taxonomy":"product_cat","embeddable":true,"href":"https:\/\/mjerna-tehnika.ba\/bs\/index.php?rest_route=%2Fwp%2Fv2%2Fproduct_cat&post=1342"},{"taxonomy":"product_tag","embeddable":true,"href":"https:\/\/mjerna-tehnika.ba\/bs\/index.php?rest_route=%2Fwp%2Fv2%2Fproduct_tag&post=1342"}],"curies":[{"name":"wp","href":"https:\/\/api.w.org\/{rel}","templated":true}]}}