{"id":1335,"date":"2019-02-14T09:07:33","date_gmt":"2019-02-14T09:07:33","guid":{"rendered":"https:\/\/mjerna-tehnika.ba\/bs\/product\/anemometar-pce-fst-200-201\/"},"modified":"2025-09-09T11:46:08","modified_gmt":"2025-09-09T11:46:08","slug":"anemometar-pce-fst-200-201","status":"publish","type":"product","link":"https:\/\/mjerna-tehnika.ba\/bs\/?product=anemometar-pce-fst-200-201","title":{"rendered":"Senzor za brzinu vjetra PCE-FST-200-201-H-I"},"content":{"rendered":"<div class=\"imgDIVinTextLeft\" align=\"left\"><\/div>\n<div class=\"articleText\">\n<p>Senzor brzine vjetra je senzor koji se lako mo\u017ee povezati s razli\u010ditim mjera\u010dima. Senzor brzine vjetra se pokre\u0107e kod najmanjih brzina vjetra i prenosi te mjere izravno na isti na\u010din. Zahvaljuju\u0107i dizajnu, senzor brzine vjetra se odupire svim vremenskim uslovima. Senzor brzine vjetra izra\u0111en od metalne legure, koja \u0161titi od oksidacije u zraku i time sprije\u010dava hr\u0111anje. Brtve na osjetljivim mjestima \u0161tite senzor brzine vjetra od vode i drugih \u010destica. Senzor brzine vjetra serije PCE-FST-200-201 je\u00a0 koji mo\u017ee otkriti i najmanju brzinu vjetra. Senzor brzine vjetra je dostupan u razli\u010ditim verzijama, koje se razlikuju u izlaznom signalu. Senzor brzine vjetra se nudi sa 4 &#8230; 20 mA i 0 &#8230; 10 V DC izlazom.<\/p>\n<table>\n<tbody>\n<tr>\n<td colspan=\"2\"><strong>Technische Daten vom Windgeschwindigkeitssensor PCE-FST-200-201<\/strong><\/td>\n<\/tr>\n<tr>\n<td>Ausgangssignal<\/td>\n<td>4 &#8230; 20 mA (PCE-FST-200-201-I)<br \/>\n0 &#8230; 10 V DC (PCE-FST-200-201-U)<\/td>\n<\/tr>\n<tr>\n<td>Betriebsspannung<\/td>\n<td>12 &#8230; 36 V DC<\/td>\n<\/tr>\n<tr>\n<td>Messbereich<\/td>\n<td>0,5 m\/s &#8230; 50 m\/s<\/td>\n<\/tr>\n<tr>\n<td>Messung ab<\/td>\n<td>\u2264 0,5 m\/s<\/td>\n<\/tr>\n<tr>\n<td>Messgenauigkeit<\/td>\n<td>\u00b10,5 m\/s (&lt;5 m\/s)<\/td>\n<\/tr>\n<tr>\n<td>\u00b13 % vom Skalenendwert (\u22655 m\/s)<\/td>\n<\/tr>\n<tr>\n<td>Betriebstemperaturbereich<\/td>\n<td>-20 &#8230; +85 \u00b0C bei \u226495 % rel. Feuchte<\/td>\n<\/tr>\n<tr>\n<td>maximale Windgeschwindigkeit<\/td>\n<td>70 m\/s bei max. 30 Minuten<\/td>\n<\/tr>\n<tr>\n<td>elektrischer Anschluss<\/td>\n<td>M12<\/td>\n<\/tr>\n<tr>\n<td>Schutzklasse<\/td>\n<td>IP65<\/td>\n<\/tr>\n<\/tbody>\n<\/table>\n<\/div>\n","protected":false},"excerpt":{"rendered":"<ul>\n<li>Mjerno podru\u010dje:\u00a00,5 m\/s &#8230; 50 m\/s<\/li>\n<li>Sa grija\u010dem<\/li>\n<li>4 &#8230; 20 mA<\/li>\n<li>Metalne legure<\/li>\n<li>Jednostavna instalacija<\/li>\n<li>Dug vijek trajanja<\/li>\n<li>Analogni izlaz<\/li>\n<li>Mjerenje pri niskim brzinama vjetra<\/li>\n<\/ul>\n<p><span id=\"result_box\" lang=\"bs\"><span title=\"Kostenlose App herunterladen, einfach in den Klinkenstecker Ihres Smartphones stecken und in den Wind halten. \">\u00a0Tehni\u010dke karakteristike, katalog:\u00a0<a href=\"https:\/\/mjerna-tehnika.ba\/bs\/wp-content\/uploads\/Senzor-brzine-vjetra-pce-fst-200-201.pdf\">Senzor brzine vjetra-pce-fst-200-201<\/a><\/span><\/span><\/p>\n","protected":false},"featured_media":1336,"comment_status":"open","ping_status":"closed","template":"","meta":{"_uf_show_specific_survey":0,"_uf_disable_surveys":false},"product_brand":[],"product_cat":[35],"product_tag":[],"class_list":{"0":"post-1335","1":"product","2":"type-product","3":"status-publish","4":"has-post-thumbnail","6":"product_cat-anemometri","8":"first","9":"instock","10":"taxable","11":"shipping-taxable","12":"purchasable","13":"product-type-simple"},"aioseo_notices":[],"_links":{"self":[{"href":"https:\/\/mjerna-tehnika.ba\/bs\/index.php?rest_route=\/wp\/v2\/product\/1335","targetHints":{"allow":["GET"]}}],"collection":[{"href":"https:\/\/mjerna-tehnika.ba\/bs\/index.php?rest_route=\/wp\/v2\/product"}],"about":[{"href":"https:\/\/mjerna-tehnika.ba\/bs\/index.php?rest_route=\/wp\/v2\/types\/product"}],"replies":[{"embeddable":true,"href":"https:\/\/mjerna-tehnika.ba\/bs\/index.php?rest_route=%2Fwp%2Fv2%2Fcomments&post=1335"}],"wp:featuredmedia":[{"embeddable":true,"href":"https:\/\/mjerna-tehnika.ba\/bs\/index.php?rest_route=\/wp\/v2\/media\/1336"}],"wp:attachment":[{"href":"https:\/\/mjerna-tehnika.ba\/bs\/index.php?rest_route=%2Fwp%2Fv2%2Fmedia&parent=1335"}],"wp:term":[{"taxonomy":"product_brand","embeddable":true,"href":"https:\/\/mjerna-tehnika.ba\/bs\/index.php?rest_route=%2Fwp%2Fv2%2Fproduct_brand&post=1335"},{"taxonomy":"product_cat","embeddable":true,"href":"https:\/\/mjerna-tehnika.ba\/bs\/index.php?rest_route=%2Fwp%2Fv2%2Fproduct_cat&post=1335"},{"taxonomy":"product_tag","embeddable":true,"href":"https:\/\/mjerna-tehnika.ba\/bs\/index.php?rest_route=%2Fwp%2Fv2%2Fproduct_tag&post=1335"}],"curies":[{"name":"wp","href":"https:\/\/api.w.org\/{rel}","templated":true}]}}